{"id":9520,"date":"2026-04-07T12:45:58","date_gmt":"2026-04-07T10:45:58","guid":{"rendered":"https:\/\/scruton.hu\/?post_type=product&#038;p=9520"},"modified":"2026-04-27T19:59:54","modified_gmt":"2026-04-27T17:59:54","slug":"szolj-be-a-papnak-keep-calm-aha-de-hogyan","status":"publish","type":"product","link":"https:\/\/scruton.hu\/en\/termek\/szolj-be-a-papnak-keep-calm-aha-de-hogyan\/","title":{"rendered":"Sz\u00f3lj be a papnak! &#8211; Keep calm! Aha\u2026 De hogyan?"},"content":{"rendered":"<blockquote><p><em>Keep calm! Aha\u2026 De hogyan?<\/em><\/p><\/blockquote>\n<p>Gy\u0171l\u00f6lik egym\u00e1st az emberek k\u00f6r\u00fcl\u00f6tted a politika miatt? Nyugi! Nincs p\u00e9nzed lak\u00e1sra? Nyugi! Harmadj\u00e1ra \u00e9breszt fel a gyerek \u00e9jszaka? Nyugi! Be\u00e1llt az aut\u00f3p\u00e1lya? Nyugi! Le\u00e9p\u00edt\u00e9s van a c\u00e9gn\u00e9l? Nyugi! Dr\u00f3nokkal l\u00f6vik a helyet, ahova sz\u00f3l a repjegyed? Nyugi! Nem tudod, hogy lesz-e benzin a kocsidban k\u00e9t h\u00e9t m\u00falva? Nyugi! H\u00e1bor\u00fa van a szomsz\u00e9dban? KEEP CALM!!!<\/p>\n<p>Nyugi, de hogy? L\u00e9tezhet-e a lelk\u00fcnkben b\u00e9ke \u00e9s nyugalom, ha k\u00f6r\u00fcl\u00f6tt\u00fcnk nincs? Egy\u00e1ltal\u00e1n mi a lelki b\u00e9ke: ha kiz\u00e1runk mindent, vagy kisz\u0171rj\u00fck, ami felzaklat? Marad-e \u00edgy k\u00f6z\u00fcnk a vil\u00e1ghoz?<\/p>\n<p>A lelki b\u00e9ke keres\u00e9se \u00f6nbecsap\u00e1s? Hogy kezdj neki egy\u00e1ltal\u00e1n a keres\u00e9snek, ha minden napot csak t\u00fal\u00e9led \u00e9s\u00a0 m\u00e1r csak az a c\u00e9lod, hogy ne \u0151r\u00fclj meg a sok indulatt\u00f3l, h\u00edrt\u0151l, fesz\u00fclts\u00e9gt\u0151l, ami mindenhonnan \u00e1rad? Ismer\u00fcnk-e val\u00f3ban b\u00e9k\u00e9s lelk\u0171, el\u00e9gedett embereket Magyarorsz\u00e1gon? Vagy a bels\u0151 harm\u00f3nia hirdet\u00e9se puszt\u00e1n \u00f6nbecsap\u00e1s?<\/p>\n<p>Fesz\u00edt\u0151 k\u00e9rd\u00e9sek egy fesz\u00fclt vil\u00e1gban. Gyere, besz\u00e9lgess\u00fcnk egy j\u00f3t \u00e1prilis 13-\u00e1n: hidd el, m\u00e1r az is sokat old a benn\u00fcnket fojtogat\u00f3 \u00e9rz\u00e9seken! A k\u00f6z\u00f6s gondolkod\u00e1s pedig megmutatja, nem vagyunk egyed\u00fcl, \u00e9s tal\u00e1n tanulhatunk egym\u00e1st\u00f3l valamit.<\/p>\n<p style=\"font-weight: 400;\">\u00a0Akiknek besz\u00f3lhatsz:<\/p>\n<p style=\"font-weight: 400;\"><em><strong>Beszterczey Andr\u00e1s<\/strong><\/em>, reform\u00e1tus lelkip\u00e1sztor, Debrecen-Nagytemplom<br \/>\n<em><strong>Mih\u00e1lyi Norbert Jeromos OSB<\/strong><\/em>, perjel &#8211; Tihanyi Benc\u00e9s Ap\u00e1ts\u00e1g<br \/>\n<strong><em>Szik M\u00e1ty\u00e1s<\/em><\/strong>, ment\u00e1lhigi\u00e9n\u00e9s seg\u00edt\u0151 \u00e9s interdiszciplin\u00e1ris csal\u00e1dtudom\u00e1nyi szakember<\/p>\n<p><strong>Date<\/strong>: 2026. \u00e1prilis 27. (h\u00e9tf\u0151) 19:00<br \/>\n<strong>Helysz\u00edn<\/strong>: 1053 Budapest, Veres P\u00e1ln\u00e9 utca 12. <em>\u2013 Scruton V.P.<\/em><\/p>\n<p><em>A rendezv\u00e9ny ingyenes, de a korl\u00e1tozott l\u00e9tsz\u00e1mra val\u00f3 tekintettel, k\u00e9rj\u00fck el\u0151zetesen regisztr\u00e1ljon!<\/em><br \/>\n<em>Vend\u00e9geinket k\u00e9rj\u00fck, hogy programkezd\u00e9s el\u0151tt legk\u00e9s\u0151bb 10-15 perccel \u00e9rkezzenek meg! A helyek elfoglal\u00e1sa \u00e9rkez\u00e9si sorrendben t\u00f6rt\u00e9nik.<\/em><br \/>\n<em>Rendezv\u00e9ny\u00fcnk\u00f6n k\u00e9p \u00e9s hangfelv\u00e9tel k\u00e9sz\u00fclhet, melyet rekl\u00e1m- \u00e9s dokument\u00e1ci\u00f3s c\u00e9lra is felhaszn\u00e1lhatunk!<\/em><br \/>\n<em>A felmer\u00fcl\u0151 k\u00e9rd\u00e9sekkel kapcsolatban, illetve ha esetleg m\u00e9gsem tud r\u00e9szt venni az esem\u00e9nyen, k\u00e9rj\u00fck \u00edrjon a <a href=\"mailto:program@scruton.hu\">program@scruton.hu<\/a> e-mail c\u00edmre!<\/em><\/p>","protected":false},"excerpt":{"rendered":"<p>Keep calm! Aha\u2026 De hogyan? Gy\u0171l\u00f6lik egym\u00e1st az emberek k\u00f6r\u00fcl\u00f6tted a politika miatt? Nyugi! Nincs p\u00e9nzed lak\u00e1sra? Nyugi! Harmadj\u00e1ra \u00e9breszt fel a gyerek \u00e9jszaka? Nyugi! Be\u00e1llt az aut\u00f3p\u00e1lya? Nyugi! Le\u00e9p\u00edt\u00e9s van a c\u00e9gn\u00e9l? Nyugi! Dr\u00f3nokkal l\u00f6vik a helyet, ahova sz\u00f3l a repjegyed? Nyugi! Nem tudod, hogy lesz-e benzin a kocsidban k\u00e9t h\u00e9t m\u00falva? Nyugi! H\u00e1bor\u00fa [&hellip;]<\/p>\n","protected":false},"featured_media":9521,"comment_status":"open","ping_status":"closed","template":"","meta":{"_acf_changed":false},"product_brand":[],"product_cat":[94,95],"product_tag":[],"class_list":{"0":"post-9520","1":"product","2":"type-product","3":"status-publish","4":"has-post-thumbnail","6":"product_cat-esemeny","7":"product_cat-scruton-v-p","9":"first","10":"instock","11":"downloadable","12":"virtual","13":"product-type-simple"},"acf":[],"yoast_head":"<!-- This site is optimized with the Yoast SEO Premium plugin v27.5 (Yoast SEO v27.5) - https:\/\/yoast.com\/product\/yoast-seo-premium-wordpress\/ -->\n<title>Sz\u00f3lj be a papnak! - Keep calm! Aha\u2026 De hogyan? - Scruton<\/title>\n<meta name=\"robots\" content=\"index, follow, max-snippet:-1, max-image-preview:large, max-video-preview:-1\" \/>\n<link rel=\"canonical\" href=\"https:\/\/scruton.hu\/en\/product\/szolj-be-a-papnak-keep-calm-aha-de-hogyan\/\" \/>\n<meta property=\"og:locale\" content=\"en_GB\" \/>\n<meta property=\"og:type\" content=\"article\" \/>\n<meta property=\"og:title\" content=\"Sz\u00f3lj be a papnak! - Keep calm! Aha\u2026 De hogyan?\" \/>\n<meta property=\"og:description\" content=\"Keep calm! Aha\u2026 De hogyan? Gy\u0171l\u00f6lik egym\u00e1st az emberek k\u00f6r\u00fcl\u00f6tted a politika miatt? Nyugi! Nincs p\u00e9nzed lak\u00e1sra? Nyugi! Harmadj\u00e1ra \u00e9breszt fel a gyerek \u00e9jszaka? Nyugi! Be\u00e1llt az aut\u00f3p\u00e1lya? Nyugi! Le\u00e9p\u00edt\u00e9s van a c\u00e9gn\u00e9l? Nyugi! Dr\u00f3nokkal l\u00f6vik a helyet, ahova sz\u00f3l a repjegyed? Nyugi! Nem tudod, hogy lesz-e benzin a kocsidban k\u00e9t h\u00e9t m\u00falva? Nyugi! H\u00e1bor\u00fa [&hellip;]\" \/>\n<meta property=\"og:url\" content=\"https:\/\/scruton.hu\/en\/product\/szolj-be-a-papnak-keep-calm-aha-de-hogyan\/\" \/>\n<meta property=\"og:site_name\" content=\"Scruton\" \/>\n<meta property=\"article:modified_time\" content=\"2026-04-27T17:59:54+00:00\" \/>\n<meta property=\"og:image\" content=\"http:\/\/scruton.hu\/wp-content\/uploads\/2026\/04\/SZBP-20251110-semenyborito-1640-x-845-keppont-2.png\" \/>\n\t<meta property=\"og:image:width\" content=\"1640\" \/>\n\t<meta property=\"og:image:height\" content=\"845\" \/>\n\t<meta property=\"og:image:type\" content=\"image\/png\" \/>\n<meta name=\"twitter:card\" content=\"summary_large_image\" \/>\n<meta name=\"twitter:label1\" content=\"Price\" \/>\n\t<meta name=\"twitter:data1\" content=\"0&nbsp;&#070;&#116;\" \/>\n\t<meta name=\"twitter:label2\" content=\"Availability\" \/>\n\t<meta name=\"twitter:data2\" content=\"In stock\" \/>\n<script type=\"application\/ld+json\" class=\"yoast-schema-graph\">{\"@context\":\"https:\\\/\\\/schema.org\",\"@graph\":[{\"@type\":\"WebPage\",\"@id\":\"https:\\\/\\\/scruton.hu\\\/termek\\\/szolj-be-a-papnak-keep-calm-aha-de-hogyan\\\/\",\"url\":\"https:\\\/\\\/scruton.hu\\\/termek\\\/szolj-be-a-papnak-keep-calm-aha-de-hogyan\\\/\",\"name\":\"Sz\u00f3lj be a papnak! - Keep calm! Aha\u2026 De hogyan? - Scruton\",\"isPartOf\":{\"@id\":\"https:\\\/\\\/scruton.hu\\\/#website\"},\"primaryImageOfPage\":{\"@id\":\"https:\\\/\\\/scruton.hu\\\/termek\\\/szolj-be-a-papnak-keep-calm-aha-de-hogyan\\\/#primaryimage\"},\"image\":{\"@id\":\"https:\\\/\\\/scruton.hu\\\/termek\\\/szolj-be-a-papnak-keep-calm-aha-de-hogyan\\\/#primaryimage\"},\"thumbnailUrl\":\"https:\\\/\\\/scruton.hu\\\/wp-content\\\/uploads\\\/2026\\\/04\\\/SZBP-20251110-semenyborito-1640-x-845-keppont-2.png\",\"datePublished\":\"2026-04-07T10:45:58+00:00\",\"dateModified\":\"2026-04-27T17:59:54+00:00\",\"breadcrumb\":{\"@id\":\"https:\\\/\\\/scruton.hu\\\/termek\\\/szolj-be-a-papnak-keep-calm-aha-de-hogyan\\\/#breadcrumb\"},\"inLanguage\":\"en-GB\",\"potentialAction\":[{\"@type\":\"ReadAction\",\"target\":[\"https:\\\/\\\/scruton.hu\\\/termek\\\/szolj-be-a-papnak-keep-calm-aha-de-hogyan\\\/\"]}]},{\"@type\":\"ImageObject\",\"inLanguage\":\"en-GB\",\"@id\":\"https:\\\/\\\/scruton.hu\\\/termek\\\/szolj-be-a-papnak-keep-calm-aha-de-hogyan\\\/#primaryimage\",\"url\":\"https:\\\/\\\/scruton.hu\\\/wp-content\\\/uploads\\\/2026\\\/04\\\/SZBP-20251110-semenyborito-1640-x-845-keppont-2.png\",\"contentUrl\":\"https:\\\/\\\/scruton.hu\\\/wp-content\\\/uploads\\\/2026\\\/04\\\/SZBP-20251110-semenyborito-1640-x-845-keppont-2.png\",\"width\":1640,\"height\":845},{\"@type\":\"BreadcrumbList\",\"@id\":\"https:\\\/\\\/scruton.hu\\\/termek\\\/szolj-be-a-papnak-keep-calm-aha-de-hogyan\\\/#breadcrumb\",\"itemListElement\":[{\"@type\":\"ListItem\",\"position\":1,\"name\":\"Kezd\u0151lap\",\"item\":\"https:\\\/\\\/scruton.hu\\\/\"},{\"@type\":\"ListItem\",\"position\":2,\"name\":\"Shop\",\"item\":\"https:\\\/\\\/scruton.hu\\\/en\\\/uzlet\\\/\"},{\"@type\":\"ListItem\",\"position\":3,\"name\":\"Sz\u00f3lj be a papnak! &#8211; Keep calm! Aha\u2026 De hogyan?\"}]},{\"@type\":\"WebSite\",\"@id\":\"https:\\\/\\\/scruton.hu\\\/#website\",\"url\":\"https:\\\/\\\/scruton.hu\\\/\",\"name\":\"Scruton\",\"description\":\"Az \u00e9rt\u00e9kteremt\u00e9s helye\",\"publisher\":{\"@id\":\"https:\\\/\\\/scruton.hu\\\/#organization\"},\"potentialAction\":[{\"@type\":\"SearchAction\",\"target\":{\"@type\":\"EntryPoint\",\"urlTemplate\":\"https:\\\/\\\/scruton.hu\\\/?s={search_term_string}\"},\"query-input\":{\"@type\":\"PropertyValueSpecification\",\"valueRequired\":true,\"valueName\":\"search_term_string\"}}],\"inLanguage\":\"en-GB\"},{\"@type\":\"Organization\",\"@id\":\"https:\\\/\\\/scruton.hu\\\/#organization\",\"name\":\"Scruton\",\"url\":\"https:\\\/\\\/scruton.hu\\\/\",\"logo\":{\"@type\":\"ImageObject\",\"inLanguage\":\"en-GB\",\"@id\":\"https:\\\/\\\/scruton.hu\\\/#\\\/schema\\\/logo\\\/image\\\/\",\"url\":\"https:\\\/\\\/scruton.hu\\\/wp-content\\\/uploads\\\/2025\\\/07\\\/scruton_feher.png\",\"contentUrl\":\"https:\\\/\\\/scruton.hu\\\/wp-content\\\/uploads\\\/2025\\\/07\\\/scruton_feher.png\",\"width\":500,\"height\":74,\"caption\":\"Scruton\"},\"image\":{\"@id\":\"https:\\\/\\\/scruton.hu\\\/#\\\/schema\\\/logo\\\/image\\\/\"}}]}<\/script>\n<meta property=\"product:price:amount\" content=\"0\" \/>\n<meta property=\"product:price:currency\" content=\"HUF\" \/>\n<meta property=\"og:availability\" content=\"instock\" \/>\n<meta property=\"product:availability\" content=\"instock\" \/>\n<meta property=\"product:condition\" content=\"new\" \/>\n<!-- \/ Yoast SEO Premium plugin. -->","yoast_head_json":{"title":"Sz\u00f3lj be a papnak! - Keep calm! Aha\u2026 De hogyan? - Scruton","robots":{"index":"index","follow":"follow","max-snippet":"max-snippet:-1","max-image-preview":"max-image-preview:large","max-video-preview":"max-video-preview:-1"},"canonical":"https:\/\/scruton.hu\/en\/product\/szolj-be-a-papnak-keep-calm-aha-de-hogyan\/","og_locale":"en_GB","og_type":"article","og_title":"Sz\u00f3lj be a papnak! - Keep calm! Aha\u2026 De hogyan?","og_description":"Keep calm! Aha\u2026 De hogyan? Gy\u0171l\u00f6lik egym\u00e1st az emberek k\u00f6r\u00fcl\u00f6tted a politika miatt? Nyugi! Nincs p\u00e9nzed lak\u00e1sra? Nyugi! Harmadj\u00e1ra \u00e9breszt fel a gyerek \u00e9jszaka? Nyugi! Be\u00e1llt az aut\u00f3p\u00e1lya? Nyugi! Le\u00e9p\u00edt\u00e9s van a c\u00e9gn\u00e9l? Nyugi! Dr\u00f3nokkal l\u00f6vik a helyet, ahova sz\u00f3l a repjegyed? Nyugi! Nem tudod, hogy lesz-e benzin a kocsidban k\u00e9t h\u00e9t m\u00falva? Nyugi! H\u00e1bor\u00fa [&hellip;]","og_url":"https:\/\/scruton.hu\/en\/product\/szolj-be-a-papnak-keep-calm-aha-de-hogyan\/","og_site_name":"Scruton","article_modified_time":"2026-04-27T17:59:54+00:00","og_image":[{"width":1640,"height":845,"url":"http:\/\/scruton.hu\/wp-content\/uploads\/2026\/04\/SZBP-20251110-semenyborito-1640-x-845-keppont-2.png","type":"image\/png"}],"twitter_card":"summary_large_image","twitter_misc":{"Price":"0&nbsp;&#70;&#116;","Availability":"In stock"},"schema":{"@context":"https:\/\/schema.org","@graph":[{"@type":"WebPage","@id":"https:\/\/scruton.hu\/termek\/szolj-be-a-papnak-keep-calm-aha-de-hogyan\/","url":"https:\/\/scruton.hu\/termek\/szolj-be-a-papnak-keep-calm-aha-de-hogyan\/","name":"Sz\u00f3lj be a papnak! - Keep calm! Aha\u2026 De hogyan? - Scruton","isPartOf":{"@id":"https:\/\/scruton.hu\/#website"},"primaryImageOfPage":{"@id":"https:\/\/scruton.hu\/termek\/szolj-be-a-papnak-keep-calm-aha-de-hogyan\/#primaryimage"},"image":{"@id":"https:\/\/scruton.hu\/termek\/szolj-be-a-papnak-keep-calm-aha-de-hogyan\/#primaryimage"},"thumbnailUrl":"https:\/\/scruton.hu\/wp-content\/uploads\/2026\/04\/SZBP-20251110-semenyborito-1640-x-845-keppont-2.png","datePublished":"2026-04-07T10:45:58+00:00","dateModified":"2026-04-27T17:59:54+00:00","breadcrumb":{"@id":"https:\/\/scruton.hu\/termek\/szolj-be-a-papnak-keep-calm-aha-de-hogyan\/#breadcrumb"},"inLanguage":"en-GB","potentialAction":[{"@type":"ReadAction","target":["https:\/\/scruton.hu\/termek\/szolj-be-a-papnak-keep-calm-aha-de-hogyan\/"]}]},{"@type":"ImageObject","inLanguage":"en-GB","@id":"https:\/\/scruton.hu\/termek\/szolj-be-a-papnak-keep-calm-aha-de-hogyan\/#primaryimage","url":"https:\/\/scruton.hu\/wp-content\/uploads\/2026\/04\/SZBP-20251110-semenyborito-1640-x-845-keppont-2.png","contentUrl":"https:\/\/scruton.hu\/wp-content\/uploads\/2026\/04\/SZBP-20251110-semenyborito-1640-x-845-keppont-2.png","width":1640,"height":845},{"@type":"BreadcrumbList","@id":"https:\/\/scruton.hu\/termek\/szolj-be-a-papnak-keep-calm-aha-de-hogyan\/#breadcrumb","itemListElement":[{"@type":"ListItem","position":1,"name":"Kezd\u0151lap","item":"https:\/\/scruton.hu\/"},{"@type":"ListItem","position":2,"name":"Shop","item":"https:\/\/scruton.hu\/en\/uzlet\/"},{"@type":"ListItem","position":3,"name":"Sz\u00f3lj be a papnak! &#8211; Keep calm! Aha\u2026 De hogyan?"}]},{"@type":"WebSite","@id":"https:\/\/scruton.hu\/#website","url":"https:\/\/scruton.hu\/","name":"Scruton","description":"The place of value creation","publisher":{"@id":"https:\/\/scruton.hu\/#organization"},"potentialAction":[{"@type":"SearchAction","target":{"@type":"EntryPoint","urlTemplate":"https:\/\/scruton.hu\/?s={search_term_string}"},"query-input":{"@type":"PropertyValueSpecification","valueRequired":true,"valueName":"search_term_string"}}],"inLanguage":"en-GB"},{"@type":"Organization","@id":"https:\/\/scruton.hu\/#organization","name":"Scruton","url":"https:\/\/scruton.hu\/","logo":{"@type":"ImageObject","inLanguage":"en-GB","@id":"https:\/\/scruton.hu\/#\/schema\/logo\/image\/","url":"https:\/\/scruton.hu\/wp-content\/uploads\/2025\/07\/scruton_feher.png","contentUrl":"https:\/\/scruton.hu\/wp-content\/uploads\/2025\/07\/scruton_feher.png","width":500,"height":74,"caption":"Scruton"},"image":{"@id":"https:\/\/scruton.hu\/#\/schema\/logo\/image\/"}}]},"product_price_currency":"HUF","og_availability":"instock","product_availability":"instock","product_condition":"new"},"_links":{"self":[{"href":"https:\/\/scruton.hu\/en\/wp-json\/wp\/v2\/product\/9520","targetHints":{"allow":["GET"]}}],"collection":[{"href":"https:\/\/scruton.hu\/en\/wp-json\/wp\/v2\/product"}],"about":[{"href":"https:\/\/scruton.hu\/en\/wp-json\/wp\/v2\/types\/product"}],"replies":[{"embeddable":true,"href":"https:\/\/scruton.hu\/en\/wp-json\/wp\/v2\/comments?post=9520"}],"wp:featuredmedia":[{"embeddable":true,"href":"https:\/\/scruton.hu\/en\/wp-json\/wp\/v2\/media\/9521"}],"wp:attachment":[{"href":"https:\/\/scruton.hu\/en\/wp-json\/wp\/v2\/media?parent=9520"}],"wp:term":[{"taxonomy":"product_brand","embeddable":true,"href":"https:\/\/scruton.hu\/en\/wp-json\/wp\/v2\/product_brand?post=9520"},{"taxonomy":"product_cat","embeddable":true,"href":"https:\/\/scruton.hu\/en\/wp-json\/wp\/v2\/product_cat?post=9520"},{"taxonomy":"product_tag","embeddable":true,"href":"https:\/\/scruton.hu\/en\/wp-json\/wp\/v2\/product_tag?post=9520"}],"curies":[{"name":"wp","href":"https:\/\/api.w.org\/{rel}","templated":true}]}}