{"id":9275,"date":"2026-03-30T15:14:20","date_gmt":"2026-03-30T13:14:20","guid":{"rendered":"https:\/\/scruton.hu\/?post_type=product&#038;p=9275"},"modified":"2026-04-15T17:15:13","modified_gmt":"2026-04-15T15:15:13","slug":"idokapszula-hit-a-vasfuggony-mogott","status":"publish","type":"product","link":"https:\/\/scruton.hu\/en\/termek\/idokapszula-hit-a-vasfuggony-mogott\/","title":{"rendered":"Id\u0151kapszula: Hit a vasf\u00fcgg\u00f6ny m\u00f6g\u00f6tt"},"content":{"rendered":"<p>A diktat\u00fara nem csup\u00e1n politikai \u00e9s gazdas\u00e1gi rendszert akart fel\u00e9p\u00edteni, hanem az ember gondolkod\u00e1s\u00e1t is \u00e1tform\u00e1lni. Ebben a vil\u00e1gban az egyh\u00e1zak k\u00fcl\u00f6n\u00f6s helyzetbe ker\u00fcltek: egyszerre voltak megfigyeltek, korl\u00e1tozottak \u00e9s ennek elen\u00e9re az ellen\u00e1ll\u00e1s utols\u00f3 terepei.<\/p>\n<p>Hogyan m\u0171k\u00f6d\u00f6tt az \u00e1llami kontroll? Milyen eszk\u00f6z\u00f6kkel pr\u00f3b\u00e1lt\u00e1k megt\u00f6rni az egyh\u00e1zakat? \u00c9s hogyan maradhatott fenn m\u00e9gis a hit \u00e9s a k\u00f6z\u00f6ss\u00e9g?<\/p>\n<p>Ezen az est\u00e9n a diktat\u00fara \u00e9s az egyh\u00e1zak viszony\u00e1nak kev\u00e9ss\u00e9 ismert, sokszor megr\u00e1z\u00f3 t\u00f6rt\u00e9neteit t\u00e1rjuk fel a k\u00f6z\u00f6ns\u00e9g el\u0151tt. <strong><em>Dr. So\u00f3s Viktor Attil\u00e1val<\/em><\/strong> a Nemzeti Eml\u00e9kezet Bizotts\u00e1g tagj\u00e1val besz\u00e9lget <strong><em>Apor Attila<\/em><\/strong>.<\/p>\n<p><strong>Date<\/strong>: 2026. \u00e1prilis 15. (szerda) 18:00<br \/>\n<strong>Helysz\u00edn<\/strong>: 9021 Gy\u0151r, Apor Vilmos p\u00fcsp\u00f6k tere 3. <em>&#8211; Scruton GY\u0150R<\/em><\/p>\n<p><em>A rendezv\u00e9ny ingyenes, de a korl\u00e1tozott l\u00e9tsz\u00e1mra val\u00f3 tekintettel, k\u00e9rj\u00fck el\u0151zetesen regisztr\u00e1ljon!<\/em><br \/>\n<em>Vend\u00e9geinket k\u00e9rj\u00fck, hogy programkezd\u00e9s el\u0151tt legk\u00e9s\u0151bb 10-15 perccel \u00e9rkezzenek meg! A helyek elfoglal\u00e1sa \u00e9rkez\u00e9si sorrendben t\u00f6rt\u00e9nik.<\/em><br \/>\n<em>Rendezv\u00e9ny\u00fcnk\u00f6n k\u00e9p \u00e9s hangfelv\u00e9tel k\u00e9sz\u00fclhet, melyet rekl\u00e1m- \u00e9s dokument\u00e1ci\u00f3s c\u00e9lra is felhaszn\u00e1lhatunk!<\/em><br \/>\n<em>A felmer\u00fcl\u0151 k\u00e9rd\u00e9sekkel kapcsolatban, illetve ha esetleg m\u00e9gsem tud r\u00e9szt venni az esem\u00e9nyen, k\u00e9rj\u00fck \u00edrjon a <a href=\"mailto:program@scruton.hu\">program@scruton.hu<\/a> e-mail c\u00edmre!<\/em><\/p>","protected":false},"excerpt":{"rendered":"<p>A diktat\u00fara nem csup\u00e1n politikai \u00e9s gazdas\u00e1gi rendszert akart fel\u00e9p\u00edteni, hanem az ember gondolkod\u00e1s\u00e1t is \u00e1tform\u00e1lni. Ebben a vil\u00e1gban az egyh\u00e1zak k\u00fcl\u00f6n\u00f6s helyzetbe ker\u00fcltek: egyszerre voltak megfigyeltek, korl\u00e1tozottak \u00e9s ennek elen\u00e9re az ellen\u00e1ll\u00e1s utols\u00f3 terepei. Hogyan m\u0171k\u00f6d\u00f6tt az \u00e1llami kontroll? Milyen eszk\u00f6z\u00f6kkel pr\u00f3b\u00e1lt\u00e1k megt\u00f6rni az egyh\u00e1zakat? \u00c9s hogyan maradhatott fenn m\u00e9gis a hit \u00e9s a [&hellip;]<\/p>\n","protected":false},"featured_media":9276,"comment_status":"open","ping_status":"closed","template":"","meta":{"_acf_changed":false},"product_brand":[],"product_cat":[94,105],"product_tag":[],"class_list":{"0":"post-9275","1":"product","2":"type-product","3":"status-publish","4":"has-post-thumbnail","6":"product_cat-esemeny","7":"product_cat-scruton-gyor","9":"first","10":"instock","11":"downloadable","12":"virtual","13":"product-type-simple"},"acf":[],"yoast_head":"<!-- This site is optimized with the Yoast SEO Premium plugin v27.4 (Yoast SEO v27.5) - https:\/\/yoast.com\/product\/yoast-seo-premium-wordpress\/ -->\n<title>Id\u0151kapszula: Hit a vasf\u00fcgg\u00f6ny m\u00f6g\u00f6tt - Scruton<\/title>\n<meta name=\"robots\" content=\"index, follow, max-snippet:-1, max-image-preview:large, max-video-preview:-1\" \/>\n<link rel=\"canonical\" href=\"https:\/\/scruton.hu\/en\/product\/idokapszula-hit-a-vasfuggony-mogott\/\" \/>\n<meta property=\"og:locale\" content=\"en_GB\" \/>\n<meta property=\"og:type\" content=\"article\" \/>\n<meta property=\"og:title\" content=\"Id\u0151kapszula: Hit a vasf\u00fcgg\u00f6ny m\u00f6g\u00f6tt\" \/>\n<meta property=\"og:description\" content=\"A diktat\u00fara nem csup\u00e1n politikai \u00e9s gazdas\u00e1gi rendszert akart fel\u00e9p\u00edteni, hanem az ember gondolkod\u00e1s\u00e1t is \u00e1tform\u00e1lni. Ebben a vil\u00e1gban az egyh\u00e1zak k\u00fcl\u00f6n\u00f6s helyzetbe ker\u00fcltek: egyszerre voltak megfigyeltek, korl\u00e1tozottak \u00e9s ennek elen\u00e9re az ellen\u00e1ll\u00e1s utols\u00f3 terepei. Hogyan m\u0171k\u00f6d\u00f6tt az \u00e1llami kontroll? Milyen eszk\u00f6z\u00f6kkel pr\u00f3b\u00e1lt\u00e1k megt\u00f6rni az egyh\u00e1zakat? \u00c9s hogyan maradhatott fenn m\u00e9gis a hit \u00e9s a [&hellip;]\" \/>\n<meta property=\"og:url\" content=\"https:\/\/scruton.hu\/en\/product\/idokapszula-hit-a-vasfuggony-mogott\/\" \/>\n<meta property=\"og:site_name\" content=\"Scruton\" \/>\n<meta property=\"article:modified_time\" content=\"2026-04-15T15:15:13+00:00\" \/>\n<meta property=\"og:image\" content=\"http:\/\/scruton.hu\/wp-content\/uploads\/2026\/03\/04.15.-fo-Idokapszula_-Egyhazuldozes.jpg\" \/>\n\t<meta property=\"og:image:width\" content=\"1920\" \/>\n\t<meta property=\"og:image:height\" content=\"1080\" \/>\n\t<meta property=\"og:image:type\" content=\"image\/jpeg\" \/>\n<meta name=\"twitter:card\" content=\"summary_large_image\" \/>\n<meta name=\"twitter:label1\" content=\"Price\" \/>\n\t<meta name=\"twitter:data1\" content=\"0&nbsp;&#070;&#116;\" \/>\n\t<meta name=\"twitter:label2\" content=\"Availability\" \/>\n\t<meta name=\"twitter:data2\" content=\"In stock\" \/>\n<script type=\"application\/ld+json\" class=\"yoast-schema-graph\">{\"@context\":\"https:\\\/\\\/schema.org\",\"@graph\":[{\"@type\":\"WebPage\",\"@id\":\"https:\\\/\\\/scruton.hu\\\/termek\\\/idokapszula-hit-a-vasfuggony-mogott\\\/\",\"url\":\"https:\\\/\\\/scruton.hu\\\/termek\\\/idokapszula-hit-a-vasfuggony-mogott\\\/\",\"name\":\"Id\u0151kapszula: Hit a vasf\u00fcgg\u00f6ny m\u00f6g\u00f6tt - Scruton\",\"isPartOf\":{\"@id\":\"https:\\\/\\\/scruton.hu\\\/#website\"},\"primaryImageOfPage\":{\"@id\":\"https:\\\/\\\/scruton.hu\\\/termek\\\/idokapszula-hit-a-vasfuggony-mogott\\\/#primaryimage\"},\"image\":{\"@id\":\"https:\\\/\\\/scruton.hu\\\/termek\\\/idokapszula-hit-a-vasfuggony-mogott\\\/#primaryimage\"},\"thumbnailUrl\":\"https:\\\/\\\/scruton.hu\\\/wp-content\\\/uploads\\\/2026\\\/03\\\/04.15.-fo-Idokapszula_-Egyhazuldozes.jpg\",\"datePublished\":\"2026-03-30T13:14:20+00:00\",\"dateModified\":\"2026-04-15T15:15:13+00:00\",\"breadcrumb\":{\"@id\":\"https:\\\/\\\/scruton.hu\\\/termek\\\/idokapszula-hit-a-vasfuggony-mogott\\\/#breadcrumb\"},\"inLanguage\":\"en-GB\",\"potentialAction\":[{\"@type\":\"ReadAction\",\"target\":[\"https:\\\/\\\/scruton.hu\\\/termek\\\/idokapszula-hit-a-vasfuggony-mogott\\\/\"]}]},{\"@type\":\"ImageObject\",\"inLanguage\":\"en-GB\",\"@id\":\"https:\\\/\\\/scruton.hu\\\/termek\\\/idokapszula-hit-a-vasfuggony-mogott\\\/#primaryimage\",\"url\":\"https:\\\/\\\/scruton.hu\\\/wp-content\\\/uploads\\\/2026\\\/03\\\/04.15.-fo-Idokapszula_-Egyhazuldozes.jpg\",\"contentUrl\":\"https:\\\/\\\/scruton.hu\\\/wp-content\\\/uploads\\\/2026\\\/03\\\/04.15.-fo-Idokapszula_-Egyhazuldozes.jpg\",\"width\":1920,\"height\":1080},{\"@type\":\"BreadcrumbList\",\"@id\":\"https:\\\/\\\/scruton.hu\\\/termek\\\/idokapszula-hit-a-vasfuggony-mogott\\\/#breadcrumb\",\"itemListElement\":[{\"@type\":\"ListItem\",\"position\":1,\"name\":\"Kezd\u0151lap\",\"item\":\"https:\\\/\\\/scruton.hu\\\/\"},{\"@type\":\"ListItem\",\"position\":2,\"name\":\"Shop\",\"item\":\"https:\\\/\\\/scruton.hu\\\/en\\\/uzlet\\\/\"},{\"@type\":\"ListItem\",\"position\":3,\"name\":\"Id\u0151kapszula: Hit a vasf\u00fcgg\u00f6ny m\u00f6g\u00f6tt\"}]},{\"@type\":\"WebSite\",\"@id\":\"https:\\\/\\\/scruton.hu\\\/#website\",\"url\":\"https:\\\/\\\/scruton.hu\\\/\",\"name\":\"Scruton\",\"description\":\"Az \u00e9rt\u00e9kteremt\u00e9s helye\",\"publisher\":{\"@id\":\"https:\\\/\\\/scruton.hu\\\/#organization\"},\"potentialAction\":[{\"@type\":\"SearchAction\",\"target\":{\"@type\":\"EntryPoint\",\"urlTemplate\":\"https:\\\/\\\/scruton.hu\\\/?s={search_term_string}\"},\"query-input\":{\"@type\":\"PropertyValueSpecification\",\"valueRequired\":true,\"valueName\":\"search_term_string\"}}],\"inLanguage\":\"en-GB\"},{\"@type\":\"Organization\",\"@id\":\"https:\\\/\\\/scruton.hu\\\/#organization\",\"name\":\"Scruton\",\"url\":\"https:\\\/\\\/scruton.hu\\\/\",\"logo\":{\"@type\":\"ImageObject\",\"inLanguage\":\"en-GB\",\"@id\":\"https:\\\/\\\/scruton.hu\\\/#\\\/schema\\\/logo\\\/image\\\/\",\"url\":\"https:\\\/\\\/scruton.hu\\\/wp-content\\\/uploads\\\/2025\\\/07\\\/scruton_feher.png\",\"contentUrl\":\"https:\\\/\\\/scruton.hu\\\/wp-content\\\/uploads\\\/2025\\\/07\\\/scruton_feher.png\",\"width\":500,\"height\":74,\"caption\":\"Scruton\"},\"image\":{\"@id\":\"https:\\\/\\\/scruton.hu\\\/#\\\/schema\\\/logo\\\/image\\\/\"}}]}<\/script>\n<meta property=\"product:price:amount\" content=\"0\" \/>\n<meta property=\"product:price:currency\" content=\"HUF\" \/>\n<meta property=\"og:availability\" content=\"instock\" \/>\n<meta property=\"product:availability\" content=\"instock\" \/>\n<meta property=\"product:condition\" content=\"new\" \/>\n<!-- \/ Yoast SEO Premium plugin. -->","yoast_head_json":{"title":"Id\u0151kapszula: Hit a vasf\u00fcgg\u00f6ny m\u00f6g\u00f6tt - Scruton","robots":{"index":"index","follow":"follow","max-snippet":"max-snippet:-1","max-image-preview":"max-image-preview:large","max-video-preview":"max-video-preview:-1"},"canonical":"https:\/\/scruton.hu\/en\/product\/idokapszula-hit-a-vasfuggony-mogott\/","og_locale":"en_GB","og_type":"article","og_title":"Id\u0151kapszula: Hit a vasf\u00fcgg\u00f6ny m\u00f6g\u00f6tt","og_description":"A diktat\u00fara nem csup\u00e1n politikai \u00e9s gazdas\u00e1gi rendszert akart fel\u00e9p\u00edteni, hanem az ember gondolkod\u00e1s\u00e1t is \u00e1tform\u00e1lni. Ebben a vil\u00e1gban az egyh\u00e1zak k\u00fcl\u00f6n\u00f6s helyzetbe ker\u00fcltek: egyszerre voltak megfigyeltek, korl\u00e1tozottak \u00e9s ennek elen\u00e9re az ellen\u00e1ll\u00e1s utols\u00f3 terepei. Hogyan m\u0171k\u00f6d\u00f6tt az \u00e1llami kontroll? Milyen eszk\u00f6z\u00f6kkel pr\u00f3b\u00e1lt\u00e1k megt\u00f6rni az egyh\u00e1zakat? \u00c9s hogyan maradhatott fenn m\u00e9gis a hit \u00e9s a [&hellip;]","og_url":"https:\/\/scruton.hu\/en\/product\/idokapszula-hit-a-vasfuggony-mogott\/","og_site_name":"Scruton","article_modified_time":"2026-04-15T15:15:13+00:00","og_image":[{"width":1920,"height":1080,"url":"http:\/\/scruton.hu\/wp-content\/uploads\/2026\/03\/04.15.-fo-Idokapszula_-Egyhazuldozes.jpg","type":"image\/jpeg"}],"twitter_card":"summary_large_image","twitter_misc":{"Price":"0&nbsp;&#70;&#116;","Availability":"In stock"},"schema":{"@context":"https:\/\/schema.org","@graph":[{"@type":"WebPage","@id":"https:\/\/scruton.hu\/termek\/idokapszula-hit-a-vasfuggony-mogott\/","url":"https:\/\/scruton.hu\/termek\/idokapszula-hit-a-vasfuggony-mogott\/","name":"Id\u0151kapszula: Hit a vasf\u00fcgg\u00f6ny m\u00f6g\u00f6tt - Scruton","isPartOf":{"@id":"https:\/\/scruton.hu\/#website"},"primaryImageOfPage":{"@id":"https:\/\/scruton.hu\/termek\/idokapszula-hit-a-vasfuggony-mogott\/#primaryimage"},"image":{"@id":"https:\/\/scruton.hu\/termek\/idokapszula-hit-a-vasfuggony-mogott\/#primaryimage"},"thumbnailUrl":"https:\/\/scruton.hu\/wp-content\/uploads\/2026\/03\/04.15.-fo-Idokapszula_-Egyhazuldozes.jpg","datePublished":"2026-03-30T13:14:20+00:00","dateModified":"2026-04-15T15:15:13+00:00","breadcrumb":{"@id":"https:\/\/scruton.hu\/termek\/idokapszula-hit-a-vasfuggony-mogott\/#breadcrumb"},"inLanguage":"en-GB","potentialAction":[{"@type":"ReadAction","target":["https:\/\/scruton.hu\/termek\/idokapszula-hit-a-vasfuggony-mogott\/"]}]},{"@type":"ImageObject","inLanguage":"en-GB","@id":"https:\/\/scruton.hu\/termek\/idokapszula-hit-a-vasfuggony-mogott\/#primaryimage","url":"https:\/\/scruton.hu\/wp-content\/uploads\/2026\/03\/04.15.-fo-Idokapszula_-Egyhazuldozes.jpg","contentUrl":"https:\/\/scruton.hu\/wp-content\/uploads\/2026\/03\/04.15.-fo-Idokapszula_-Egyhazuldozes.jpg","width":1920,"height":1080},{"@type":"BreadcrumbList","@id":"https:\/\/scruton.hu\/termek\/idokapszula-hit-a-vasfuggony-mogott\/#breadcrumb","itemListElement":[{"@type":"ListItem","position":1,"name":"Kezd\u0151lap","item":"https:\/\/scruton.hu\/"},{"@type":"ListItem","position":2,"name":"Shop","item":"https:\/\/scruton.hu\/en\/uzlet\/"},{"@type":"ListItem","position":3,"name":"Id\u0151kapszula: Hit a vasf\u00fcgg\u00f6ny m\u00f6g\u00f6tt"}]},{"@type":"WebSite","@id":"https:\/\/scruton.hu\/#website","url":"https:\/\/scruton.hu\/","name":"Scruton","description":"The place of value creation","publisher":{"@id":"https:\/\/scruton.hu\/#organization"},"potentialAction":[{"@type":"SearchAction","target":{"@type":"EntryPoint","urlTemplate":"https:\/\/scruton.hu\/?s={search_term_string}"},"query-input":{"@type":"PropertyValueSpecification","valueRequired":true,"valueName":"search_term_string"}}],"inLanguage":"en-GB"},{"@type":"Organization","@id":"https:\/\/scruton.hu\/#organization","name":"Scruton","url":"https:\/\/scruton.hu\/","logo":{"@type":"ImageObject","inLanguage":"en-GB","@id":"https:\/\/scruton.hu\/#\/schema\/logo\/image\/","url":"https:\/\/scruton.hu\/wp-content\/uploads\/2025\/07\/scruton_feher.png","contentUrl":"https:\/\/scruton.hu\/wp-content\/uploads\/2025\/07\/scruton_feher.png","width":500,"height":74,"caption":"Scruton"},"image":{"@id":"https:\/\/scruton.hu\/#\/schema\/logo\/image\/"}}]},"product_price_currency":"HUF","og_availability":"instock","product_availability":"instock","product_condition":"new"},"_links":{"self":[{"href":"https:\/\/scruton.hu\/en\/wp-json\/wp\/v2\/product\/9275","targetHints":{"allow":["GET"]}}],"collection":[{"href":"https:\/\/scruton.hu\/en\/wp-json\/wp\/v2\/product"}],"about":[{"href":"https:\/\/scruton.hu\/en\/wp-json\/wp\/v2\/types\/product"}],"replies":[{"embeddable":true,"href":"https:\/\/scruton.hu\/en\/wp-json\/wp\/v2\/comments?post=9275"}],"wp:featuredmedia":[{"embeddable":true,"href":"https:\/\/scruton.hu\/en\/wp-json\/wp\/v2\/media\/9276"}],"wp:attachment":[{"href":"https:\/\/scruton.hu\/en\/wp-json\/wp\/v2\/media?parent=9275"}],"wp:term":[{"taxonomy":"product_brand","embeddable":true,"href":"https:\/\/scruton.hu\/en\/wp-json\/wp\/v2\/product_brand?post=9275"},{"taxonomy":"product_cat","embeddable":true,"href":"https:\/\/scruton.hu\/en\/wp-json\/wp\/v2\/product_cat?post=9275"},{"taxonomy":"product_tag","embeddable":true,"href":"https:\/\/scruton.hu\/en\/wp-json\/wp\/v2\/product_tag?post=9275"}],"curies":[{"name":"wp","href":"https:\/\/api.w.org\/{rel}","templated":true}]}}