{"id":7588,"date":"2026-02-09T15:40:13","date_gmt":"2026-02-09T14:40:13","guid":{"rendered":"https:\/\/scruton.hu\/?post_type=product&#038;p=7588"},"modified":"2026-02-26T13:13:07","modified_gmt":"2026-02-26T12:13:07","slug":"koktelgyertya-workshop-megformalt-hangulat","status":"publish","type":"product","link":"https:\/\/scruton.hu\/en\/termek\/koktelgyertya-workshop-megformalt-hangulat\/","title":{"rendered":"Kokt\u00e9lgyertya workshop &#8211; Megform\u00e1lt hangulat"},"content":{"rendered":"<p>Egy k\u00fcl\u00f6nleges, \u00e9lm\u00e9nyalap\u00fa kreat\u00edv program, ahol a kokt\u00e9lok l\u00e1tv\u00e1nyvil\u00e1ga \u00e9s az alkot\u00e1s \u00f6r\u00f6me tal\u00e1lkozik. A workshop sor\u00e1n a r\u00e9sztvev\u0151k \u00e9leth\u0171, realisztikus kokt\u00e9lgyerty\u00e1kat k\u00e9sz\u00edthetnek, amelyek sz\u00edneikben, form\u00e1ikban \u00e9s hangulatukban is kedvenc italainkat id\u00e9zik meg.<\/p>\n<p>Sz\u00ednekkel, illatokkal \u00e9s r\u00e9szletekkel dolgozunk, mik\u00f6zben a folyamat v\u00e9gig vezetett, m\u00e9gis teret ad az egy\u00e9ni st\u00edlusnak \u00e9s kreativit\u00e1snak. Minden elk\u00e9sz\u00fclt darab m\u00e1s \u00e9s m\u00e1s, \u00e9pp \u00fagy, mint az alkot\u00f3ja.<\/p>\n<p>A <em><strong>Scruton<\/strong> <\/em>\u00e9s a <strong><em>Benelle Atelier<\/em> <\/strong>k\u00f6z\u00f6s workshopj\u00e1n h\u00e1romf\u00e9le kokt\u00e9lgyertya k\u00f6z\u00fcl lehet v\u00e1lasztani:<\/p>\n<ul>\n<li>Espresso Martini,<\/li>\n<li>Passionfruit Martini vagy<\/li>\n<li>Matchatini (matcha martini) gyertya k\u00e9sz\u00fclhet el az alkalom sor\u00e1n.<\/li>\n<\/ul>\n<p>&nbsp;<\/p>\n<p>A workshop c\u00e9lja nem csup\u00e1n a t\u00e1rgyk\u00e9sz\u00edt\u00e9s, hanem a h\u00e9tk\u00f6znapokb\u00f3l val\u00f3 kiszakad\u00e1s, a kreat\u00edv \u00e9nhez val\u00f3 visszatal\u00e1l\u00e1s \u00e9s az alkot\u00e1s nyugodt, inspir\u00e1l\u00f3 \u00e9lm\u00e9nye.<\/p>\n<p>A gyerty\u00e1k 100%-ban sz\u00f3javiaszb\u00f3l k\u00e9sz\u00fclnek, k\u00f6rnyezetbar\u00e1t \u00e9s veg\u00e1n alapanyagb\u00f3l, \u00edgy az \u00e9lm\u00e9ny nemcsak eszt\u00e9tikailag k\u00fcl\u00f6nleges, hanem tudatos, fenntarthat\u00f3 v\u00e1laszt\u00e1s is.<\/p>\n<p><strong>Date<\/strong>: 2026. febru\u00e1r 27. (p\u00e9ntek) 17:00<br \/>\n<strong>Helysz\u00edn<\/strong>: 6720 Szeged, V\u00f6r\u00f6smarty u. 3. <em>\u2013 Scruton SZEGED (Bej\u00e1rat a De\u00e1k Ferenc utca fel\u0151l)<\/em><\/p>\n<p><strong>Jegy\u00e1r<\/strong>: 9 990 Ft, amely tartalmazza a v\u00e1lasztott kokt\u00e9lgyertya elk\u00e9sz\u00edt\u00e9s\u00e9hez sz\u00fcks\u00e9ges \u00f6sszes alapanyagot \u00e9s eszk\u00f6zt, valamint az elk\u00e9sz\u00edt\u00e9s teljes k\u00f6r\u0171 instru\u00e1l\u00e1s\u00e1t \u00e9s k\u00f6lts\u00e9geit.<\/p>\n<p><em>Rendezv\u00e9ny\u00fcnk\u00f6n k\u00e9p \u00e9s hangfelv\u00e9tel k\u00e9sz\u00fclhet, melyet rekl\u00e1m- \u00e9s dokument\u00e1ci\u00f3s c\u00e9lra is felhaszn\u00e1lhatunk! <\/em><br \/>\n<em>Vend\u00e9geinket k\u00e9rj\u00fck, hogy programkezd\u00e9s el\u0151tt legk\u00e9s\u0151bb 10-15 perccel \u00e9rkezzenek meg! A helyek elfoglal\u00e1sa \u00e9rkez\u00e9si sorrendben t\u00f6rt\u00e9nik.<\/em><br \/>\n<em>A felmer\u00fcl\u0151 k\u00e9rd\u00e9sekkel kapcsolatban k\u00e9rj\u00fck \u00edrjon a <a href=\"mailto:program@scruton.hu\">program@scruton.hu<\/a> e-mail c\u00edmre!<\/em><br \/>\n<em>Jegyet nem \u00e1ll m\u00f3dunkban sem visszav\u00e1ltani, sem m\u00e1s jegyre cser\u00e9lni, ak\u00e1r szem\u00e9lyesen, ak\u00e1r online t\u00f6rt\u00e9nt a v\u00e1s\u00e1rl\u00e1s. Jegyet kiz\u00e1r\u00f3lag elmaradt rendezv\u00e9ny eset\u00e9n v\u00e1ltunk vissza.<\/em><\/p>","protected":false},"excerpt":{"rendered":"<p>Egy k\u00fcl\u00f6nleges, \u00e9lm\u00e9nyalap\u00fa kreat\u00edv program, ahol a kokt\u00e9lok l\u00e1tv\u00e1nyvil\u00e1ga \u00e9s az alkot\u00e1s \u00f6r\u00f6me tal\u00e1lkozik. A workshop sor\u00e1n a r\u00e9sztvev\u0151k \u00e9leth\u0171, realisztikus kokt\u00e9lgyerty\u00e1kat k\u00e9sz\u00edthetnek, amelyek sz\u00edneikben, form\u00e1ikban \u00e9s hangulatukban is kedvenc italainkat id\u00e9zik meg. Sz\u00ednekkel, illatokkal \u00e9s r\u00e9szletekkel dolgozunk, mik\u00f6zben a folyamat v\u00e9gig vezetett, m\u00e9gis teret ad az egy\u00e9ni st\u00edlusnak \u00e9s kreativit\u00e1snak. Minden elk\u00e9sz\u00fclt darab m\u00e1s [&hellip;]<\/p>\n","protected":false},"featured_media":7997,"comment_status":"open","ping_status":"closed","template":"","meta":{"_acf_changed":false},"product_brand":[],"product_cat":[94,100],"product_tag":[],"class_list":{"0":"post-7588","1":"product","2":"type-product","3":"status-publish","4":"has-post-thumbnail","6":"product_cat-esemeny","7":"product_cat-scruton-szeged","9":"first","10":"instock","11":"shipping-taxable","12":"product-type-variable"},"acf":[],"yoast_head":"<!-- This site is optimized with the Yoast SEO Premium plugin v27.5 (Yoast SEO v27.5) - https:\/\/yoast.com\/product\/yoast-seo-premium-wordpress\/ -->\n<title>Kokt\u00e9lgyertya workshop - Megform\u00e1lt hangulat - Scruton<\/title>\n<meta name=\"robots\" content=\"index, follow, max-snippet:-1, max-image-preview:large, max-video-preview:-1\" \/>\n<link rel=\"canonical\" href=\"https:\/\/scruton.hu\/en\/product\/koktelgyertya-workshop-megformalt-hangulat\/\" \/>\n<meta property=\"og:locale\" content=\"en_GB\" \/>\n<meta property=\"og:type\" content=\"article\" \/>\n<meta property=\"og:title\" content=\"Kokt\u00e9lgyertya workshop - Megform\u00e1lt hangulat\" \/>\n<meta property=\"og:description\" content=\"Egy k\u00fcl\u00f6nleges, \u00e9lm\u00e9nyalap\u00fa kreat\u00edv program, ahol a kokt\u00e9lok l\u00e1tv\u00e1nyvil\u00e1ga \u00e9s az alkot\u00e1s \u00f6r\u00f6me tal\u00e1lkozik. A workshop sor\u00e1n a r\u00e9sztvev\u0151k \u00e9leth\u0171, realisztikus kokt\u00e9lgyerty\u00e1kat k\u00e9sz\u00edthetnek, amelyek sz\u00edneikben, form\u00e1ikban \u00e9s hangulatukban is kedvenc italainkat id\u00e9zik meg. Sz\u00ednekkel, illatokkal \u00e9s r\u00e9szletekkel dolgozunk, mik\u00f6zben a folyamat v\u00e9gig vezetett, m\u00e9gis teret ad az egy\u00e9ni st\u00edlusnak \u00e9s kreativit\u00e1snak. Minden elk\u00e9sz\u00fclt darab m\u00e1s [&hellip;]\" \/>\n<meta property=\"og:url\" content=\"https:\/\/scruton.hu\/en\/product\/koktelgyertya-workshop-megformalt-hangulat\/\" \/>\n<meta property=\"og:site_name\" content=\"Scruton\" \/>\n<meta property=\"article:modified_time\" content=\"2026-02-26T12:13:07+00:00\" \/>\n<meta property=\"og:image\" content=\"http:\/\/scruton.hu\/wp-content\/uploads\/2026\/02\/02.27.-fo-Gyertyakeszito-workshop-1.jpg\" \/>\n\t<meta property=\"og:image:width\" content=\"1920\" \/>\n\t<meta property=\"og:image:height\" content=\"1080\" \/>\n\t<meta property=\"og:image:type\" content=\"image\/jpeg\" \/>\n<meta name=\"twitter:card\" content=\"summary_large_image\" \/>\n<meta name=\"twitter:label1\" content=\"Availability\" \/>\n\t<meta name=\"twitter:data1\" content=\"In stock\" \/>\n<script type=\"application\/ld+json\" class=\"yoast-schema-graph\">{\"@context\":\"https:\\\/\\\/schema.org\",\"@graph\":[{\"@type\":\"WebPage\",\"@id\":\"https:\\\/\\\/scruton.hu\\\/termek\\\/koktelgyertya-workshop-megformalt-hangulat\\\/\",\"url\":\"https:\\\/\\\/scruton.hu\\\/termek\\\/koktelgyertya-workshop-megformalt-hangulat\\\/\",\"name\":\"Kokt\u00e9lgyertya workshop - Megform\u00e1lt hangulat - Scruton\",\"isPartOf\":{\"@id\":\"https:\\\/\\\/scruton.hu\\\/#website\"},\"primaryImageOfPage\":{\"@id\":\"https:\\\/\\\/scruton.hu\\\/termek\\\/koktelgyertya-workshop-megformalt-hangulat\\\/#primaryimage\"},\"image\":{\"@id\":\"https:\\\/\\\/scruton.hu\\\/termek\\\/koktelgyertya-workshop-megformalt-hangulat\\\/#primaryimage\"},\"thumbnailUrl\":\"https:\\\/\\\/scruton.hu\\\/wp-content\\\/uploads\\\/2026\\\/02\\\/02.27.-fo-Gyertyakeszito-workshop-1.jpg\",\"datePublished\":\"2026-02-09T14:40:13+00:00\",\"dateModified\":\"2026-02-26T12:13:07+00:00\",\"breadcrumb\":{\"@id\":\"https:\\\/\\\/scruton.hu\\\/termek\\\/koktelgyertya-workshop-megformalt-hangulat\\\/#breadcrumb\"},\"inLanguage\":\"en-GB\",\"potentialAction\":[{\"@type\":\"ReadAction\",\"target\":[\"https:\\\/\\\/scruton.hu\\\/termek\\\/koktelgyertya-workshop-megformalt-hangulat\\\/\"]}]},{\"@type\":\"ImageObject\",\"inLanguage\":\"en-GB\",\"@id\":\"https:\\\/\\\/scruton.hu\\\/termek\\\/koktelgyertya-workshop-megformalt-hangulat\\\/#primaryimage\",\"url\":\"https:\\\/\\\/scruton.hu\\\/wp-content\\\/uploads\\\/2026\\\/02\\\/02.27.-fo-Gyertyakeszito-workshop-1.jpg\",\"contentUrl\":\"https:\\\/\\\/scruton.hu\\\/wp-content\\\/uploads\\\/2026\\\/02\\\/02.27.-fo-Gyertyakeszito-workshop-1.jpg\",\"width\":1920,\"height\":1080},{\"@type\":\"BreadcrumbList\",\"@id\":\"https:\\\/\\\/scruton.hu\\\/termek\\\/koktelgyertya-workshop-megformalt-hangulat\\\/#breadcrumb\",\"itemListElement\":[{\"@type\":\"ListItem\",\"position\":1,\"name\":\"Kezd\u0151lap\",\"item\":\"https:\\\/\\\/scruton.hu\\\/\"},{\"@type\":\"ListItem\",\"position\":2,\"name\":\"Shop\",\"item\":\"https:\\\/\\\/scruton.hu\\\/en\\\/uzlet\\\/\"},{\"@type\":\"ListItem\",\"position\":3,\"name\":\"Kokt\u00e9lgyertya workshop &#8211; Megform\u00e1lt hangulat\"}]},{\"@type\":\"WebSite\",\"@id\":\"https:\\\/\\\/scruton.hu\\\/#website\",\"url\":\"https:\\\/\\\/scruton.hu\\\/\",\"name\":\"Scruton\",\"description\":\"Az \u00e9rt\u00e9kteremt\u00e9s helye\",\"publisher\":{\"@id\":\"https:\\\/\\\/scruton.hu\\\/#organization\"},\"potentialAction\":[{\"@type\":\"SearchAction\",\"target\":{\"@type\":\"EntryPoint\",\"urlTemplate\":\"https:\\\/\\\/scruton.hu\\\/?s={search_term_string}\"},\"query-input\":{\"@type\":\"PropertyValueSpecification\",\"valueRequired\":true,\"valueName\":\"search_term_string\"}}],\"inLanguage\":\"en-GB\"},{\"@type\":\"Organization\",\"@id\":\"https:\\\/\\\/scruton.hu\\\/#organization\",\"name\":\"Scruton\",\"url\":\"https:\\\/\\\/scruton.hu\\\/\",\"logo\":{\"@type\":\"ImageObject\",\"inLanguage\":\"en-GB\",\"@id\":\"https:\\\/\\\/scruton.hu\\\/#\\\/schema\\\/logo\\\/image\\\/\",\"url\":\"https:\\\/\\\/scruton.hu\\\/wp-content\\\/uploads\\\/2025\\\/07\\\/scruton_feher.png\",\"contentUrl\":\"https:\\\/\\\/scruton.hu\\\/wp-content\\\/uploads\\\/2025\\\/07\\\/scruton_feher.png\",\"width\":500,\"height\":74,\"caption\":\"Scruton\"},\"image\":{\"@id\":\"https:\\\/\\\/scruton.hu\\\/#\\\/schema\\\/logo\\\/image\\\/\"}}]}<\/script>\n<meta property=\"og:availability\" content=\"instock\" \/>\n<meta property=\"product:availability\" content=\"instock\" \/>\n<meta property=\"product:condition\" content=\"new\" \/>\n<!-- \/ Yoast SEO Premium plugin. -->","yoast_head_json":{"title":"Kokt\u00e9lgyertya workshop - Megform\u00e1lt hangulat - Scruton","robots":{"index":"index","follow":"follow","max-snippet":"max-snippet:-1","max-image-preview":"max-image-preview:large","max-video-preview":"max-video-preview:-1"},"canonical":"https:\/\/scruton.hu\/en\/product\/koktelgyertya-workshop-megformalt-hangulat\/","og_locale":"en_GB","og_type":"article","og_title":"Kokt\u00e9lgyertya workshop - Megform\u00e1lt hangulat","og_description":"Egy k\u00fcl\u00f6nleges, \u00e9lm\u00e9nyalap\u00fa kreat\u00edv program, ahol a kokt\u00e9lok l\u00e1tv\u00e1nyvil\u00e1ga \u00e9s az alkot\u00e1s \u00f6r\u00f6me tal\u00e1lkozik. A workshop sor\u00e1n a r\u00e9sztvev\u0151k \u00e9leth\u0171, realisztikus kokt\u00e9lgyerty\u00e1kat k\u00e9sz\u00edthetnek, amelyek sz\u00edneikben, form\u00e1ikban \u00e9s hangulatukban is kedvenc italainkat id\u00e9zik meg. Sz\u00ednekkel, illatokkal \u00e9s r\u00e9szletekkel dolgozunk, mik\u00f6zben a folyamat v\u00e9gig vezetett, m\u00e9gis teret ad az egy\u00e9ni st\u00edlusnak \u00e9s kreativit\u00e1snak. Minden elk\u00e9sz\u00fclt darab m\u00e1s [&hellip;]","og_url":"https:\/\/scruton.hu\/en\/product\/koktelgyertya-workshop-megformalt-hangulat\/","og_site_name":"Scruton","article_modified_time":"2026-02-26T12:13:07+00:00","og_image":[{"width":1920,"height":1080,"url":"http:\/\/scruton.hu\/wp-content\/uploads\/2026\/02\/02.27.-fo-Gyertyakeszito-workshop-1.jpg","type":"image\/jpeg"}],"twitter_card":"summary_large_image","twitter_misc":{"Availability":"In stock"},"schema":{"@context":"https:\/\/schema.org","@graph":[{"@type":"WebPage","@id":"https:\/\/scruton.hu\/termek\/koktelgyertya-workshop-megformalt-hangulat\/","url":"https:\/\/scruton.hu\/termek\/koktelgyertya-workshop-megformalt-hangulat\/","name":"Kokt\u00e9lgyertya workshop - Megform\u00e1lt hangulat - Scruton","isPartOf":{"@id":"https:\/\/scruton.hu\/#website"},"primaryImageOfPage":{"@id":"https:\/\/scruton.hu\/termek\/koktelgyertya-workshop-megformalt-hangulat\/#primaryimage"},"image":{"@id":"https:\/\/scruton.hu\/termek\/koktelgyertya-workshop-megformalt-hangulat\/#primaryimage"},"thumbnailUrl":"https:\/\/scruton.hu\/wp-content\/uploads\/2026\/02\/02.27.-fo-Gyertyakeszito-workshop-1.jpg","datePublished":"2026-02-09T14:40:13+00:00","dateModified":"2026-02-26T12:13:07+00:00","breadcrumb":{"@id":"https:\/\/scruton.hu\/termek\/koktelgyertya-workshop-megformalt-hangulat\/#breadcrumb"},"inLanguage":"en-GB","potentialAction":[{"@type":"ReadAction","target":["https:\/\/scruton.hu\/termek\/koktelgyertya-workshop-megformalt-hangulat\/"]}]},{"@type":"ImageObject","inLanguage":"en-GB","@id":"https:\/\/scruton.hu\/termek\/koktelgyertya-workshop-megformalt-hangulat\/#primaryimage","url":"https:\/\/scruton.hu\/wp-content\/uploads\/2026\/02\/02.27.-fo-Gyertyakeszito-workshop-1.jpg","contentUrl":"https:\/\/scruton.hu\/wp-content\/uploads\/2026\/02\/02.27.-fo-Gyertyakeszito-workshop-1.jpg","width":1920,"height":1080},{"@type":"BreadcrumbList","@id":"https:\/\/scruton.hu\/termek\/koktelgyertya-workshop-megformalt-hangulat\/#breadcrumb","itemListElement":[{"@type":"ListItem","position":1,"name":"Kezd\u0151lap","item":"https:\/\/scruton.hu\/"},{"@type":"ListItem","position":2,"name":"Shop","item":"https:\/\/scruton.hu\/en\/uzlet\/"},{"@type":"ListItem","position":3,"name":"Kokt\u00e9lgyertya workshop &#8211; Megform\u00e1lt hangulat"}]},{"@type":"WebSite","@id":"https:\/\/scruton.hu\/#website","url":"https:\/\/scruton.hu\/","name":"Scruton","description":"The place of value creation","publisher":{"@id":"https:\/\/scruton.hu\/#organization"},"potentialAction":[{"@type":"SearchAction","target":{"@type":"EntryPoint","urlTemplate":"https:\/\/scruton.hu\/?s={search_term_string}"},"query-input":{"@type":"PropertyValueSpecification","valueRequired":true,"valueName":"search_term_string"}}],"inLanguage":"en-GB"},{"@type":"Organization","@id":"https:\/\/scruton.hu\/#organization","name":"Scruton","url":"https:\/\/scruton.hu\/","logo":{"@type":"ImageObject","inLanguage":"en-GB","@id":"https:\/\/scruton.hu\/#\/schema\/logo\/image\/","url":"https:\/\/scruton.hu\/wp-content\/uploads\/2025\/07\/scruton_feher.png","contentUrl":"https:\/\/scruton.hu\/wp-content\/uploads\/2025\/07\/scruton_feher.png","width":500,"height":74,"caption":"Scruton"},"image":{"@id":"https:\/\/scruton.hu\/#\/schema\/logo\/image\/"}}]},"og_availability":"instock","product_availability":"instock","product_condition":"new"},"_links":{"self":[{"href":"https:\/\/scruton.hu\/en\/wp-json\/wp\/v2\/product\/7588","targetHints":{"allow":["GET"]}}],"collection":[{"href":"https:\/\/scruton.hu\/en\/wp-json\/wp\/v2\/product"}],"about":[{"href":"https:\/\/scruton.hu\/en\/wp-json\/wp\/v2\/types\/product"}],"replies":[{"embeddable":true,"href":"https:\/\/scruton.hu\/en\/wp-json\/wp\/v2\/comments?post=7588"}],"wp:featuredmedia":[{"embeddable":true,"href":"https:\/\/scruton.hu\/en\/wp-json\/wp\/v2\/media\/7997"}],"wp:attachment":[{"href":"https:\/\/scruton.hu\/en\/wp-json\/wp\/v2\/media?parent=7588"}],"wp:term":[{"taxonomy":"product_brand","embeddable":true,"href":"https:\/\/scruton.hu\/en\/wp-json\/wp\/v2\/product_brand?post=7588"},{"taxonomy":"product_cat","embeddable":true,"href":"https:\/\/scruton.hu\/en\/wp-json\/wp\/v2\/product_cat?post=7588"},{"taxonomy":"product_tag","embeddable":true,"href":"https:\/\/scruton.hu\/en\/wp-json\/wp\/v2\/product_tag?post=7588"}],"curies":[{"name":"wp","href":"https:\/\/api.w.org\/{rel}","templated":true}]}}