{"id":6352,"date":"2026-01-09T13:33:32","date_gmt":"2026-01-09T12:33:32","guid":{"rendered":"https:\/\/scruton.hu\/?post_type=product&#038;p=6352"},"modified":"2026-01-23T17:57:12","modified_gmt":"2026-01-23T16:57:12","slug":"ercsey-daniel-szinbad-borversenyre-megy-konyvbemutatoval-egybekotott-borkostolo","status":"publish","type":"product","link":"https:\/\/scruton.hu\/en\/termek\/ercsey-daniel-szinbad-borversenyre-megy-konyvbemutatoval-egybekotott-borkostolo\/","title":{"rendered":"Ercsey D\u00e1niel: Szindb\u00e1d borversenyre megy &#8211; K\u00f6nyvbemutat\u00f3val egybek\u00f6t\u00f6tt bork\u00f3stol\u00f3"},"content":{"rendered":"<p>Borvid\u00e9ki utaz\u00e1sok, szipork\u00e1z\u00f3 humorral\u2026 ez\u00fattal SZEGEDEN!<\/p>\n<p><strong><em>Ercsey D\u00e1niel<\/em><\/strong> klasszikus utaz\u00f3: nem a modern turizmus felsz\u00ednes k\u00e9peslap-vil\u00e1g\u00e1t keresi, hanem id\u0151ben \u00e9s kult\u00far\u00e1ban is elm\u00e9ly\u00fcl. \u00datjai sor\u00e1n borvid\u00e9keket, borversenyeket \u00e9s bor\u00e1szokat l\u00e1togat, mik\u00f6zben szem\u00e9lyes t\u00f6rt\u00e9netein \u00e1t egy k\u00f6z\u00f6s, region\u00e1lis identit\u00e1st rajzol fel. Sz\u0151l\u0151k \u00e9s borok, vall\u00e1sok \u00e9s legend\u00e1k, \u00edzek \u00e9s t\u00f6rt\u00e9netek kapcsol\u00f3dnak \u00f6ssze \u00edr\u00e1saiban, ahol a jelen tal\u00e1lkozik a m\u00falttal, s k\u00f6zben egy modern mitol\u00f3gia sz\u00fcletik. K\u00f6nyve nemcsak utaz\u00e1s, hanem felfedez\u00e9s: arr\u00f3l sz\u00f3l, hogyan \u00e9lhetj\u00fck meg Ady \u00e9s Bart\u00f3k \u00f6r\u00f6ks\u00e9g\u00e9t, \u00e9s hogyan kapcsol\u00f3dhatunk \u00fajra egym\u00e1shoz K\u00f6z\u00e9p-Kelet-Eur\u00f3pa titokzatos t\u00e1jain.<\/p>\n<p>A k\u00f6nyvbemutat\u00f3n <em>Ercsey D\u00e1niellel<\/em> besz\u00e9lget <strong><em>Fej\u00e9rv\u00e1ri Gergely<\/em><\/strong> bor\u00e1szati szak\u00edr\u00f3, az<em> \u00dcltess sz\u0151l\u0151t! \u2013 Saj\u00e1t birtok! Saj\u00e1t bor!<\/em> c\u00edm\u0171 k\u00e9zik\u00f6nyv szerz\u0151je, \u00edgy az este nemcsak irodalmi, hanem borkult\u00far\u00e1t \u00e9rint\u0151 izgalmas p\u00e1rbesz\u00e9dd\u00e9 v\u00e1lik.<\/p>\n<p><u>A rendezv\u00e9ny k\u00e9tf\u00e9lek\u00e9ppen l\u00e1togathat\u00f3:<\/u><br \/>\n&#8211; Ingyenesen, regisztr\u00e1ci\u00f3val.<br \/>\n&#8211; Gasztrojeggyel, amely lehet\u0151s\u00e9get ad arra, hogy egy bork\u00f3stol\u00f3 keretein bel\u00fcl vend\u00e9geink felfedezz\u00e9k a hazai \u00e9s nemzetk\u00f6zi borvid\u00e9kek egyedi \u00edzvil\u00e1g\u00e1t.<\/p>\n<p style=\"text-align: center\"><strong>Borv\u00e1logat\u00e1s:<\/strong><br \/>\nOmbre Prosecco Spumante Brut DOC <em>(Olaszorsz\u00e1g)<\/em><br \/>\nMontes Reserva Chardonnay 2023 <em>(Chile)<\/em><br \/>\nLajv\u00e9r Syrah-Pinot Noir Ros\u00e9 2023\/2024 <em>(Szeksz\u00e1rd)<\/em><br \/>\nTerrazas Malbec 2022<em> (Argent\u00edna)<\/em><\/p>\n<p><strong>Gasztrojegy<\/strong>: 6 990 Ft<em>\u00a0(A 12 %-os szerv\u00edzd\u00edjat nem tartalmazza!)<\/em><\/p>\n<p><strong>Date<\/strong>: 2026. janu\u00e1r 23. (p\u00e9ntek) 18:00<br \/>\n<strong>Helysz\u00edn<\/strong>: 6720 Szeged, V\u00f6r\u00f6smarty u. 3. <em>\u2013 Scruton SZEGED (Bej\u00e1rat a De\u00e1k Ferenc utca fel\u0151l)<\/em><\/p>\n<p><em>A rendezv\u00e9nyre a korl\u00e1tozott l\u00e9tsz\u00e1mra val\u00f3 tekintettel, k\u00e9rj\u00fck el\u0151zetesen regisztr\u00e1ljon! A bork\u00f3stol\u00f3n val\u00f3 r\u00e9szv\u00e9tel gasztrojegyhez k\u00f6t\u00f6tt.<\/em><br \/>\n<em>Vend\u00e9geinket k\u00e9rj\u00fck, hogy programkezd\u00e9s el\u0151tt legk\u00e9s\u0151bb 10-15 perccel \u00e9rkezzenek meg! A helyek elfoglal\u00e1sa \u00e9rkez\u00e9si sorrendben t\u00f6rt\u00e9nik.<\/em><br \/>\n<em>Rendezv\u00e9ny\u00fcnk\u00f6n k\u00e9p \u00e9s hangfelv\u00e9tel k\u00e9sz\u00fclhet, melyet rekl\u00e1m- \u00e9s dokument\u00e1ci\u00f3s c\u00e9lra is felhaszn\u00e1lhatunk!<\/em><br \/>\n<em>A felmer\u00fcl\u0151 k\u00e9rd\u00e9sekkel kapcsolatban, illetve, ha esetleg m\u00e9gsem tud r\u00e9szt venni az esem\u00e9nyen, k\u00e9rj\u00fck \u00edrjon a <a href=\"mailto:program@scruton.hu\">program@scruton.hu<\/a> e-mail c\u00edmre!<\/em><br \/>\n<em>Jegyet nem \u00e1ll m\u00f3dunkban sem visszav\u00e1ltani, sem m\u00e1s jegyre cser\u00e9lni, ak\u00e1r szem\u00e9lyesen, ak\u00e1r online t\u00f6rt\u00e9nt a v\u00e1s\u00e1rl\u00e1s. Jegyet kiz\u00e1r\u00f3lag elmaradt rendezv\u00e9ny eset\u00e9n v\u00e1ltunk vissza.<\/em><\/p>","protected":false},"excerpt":{"rendered":"<p>Borvid\u00e9ki utaz\u00e1sok, szipork\u00e1z\u00f3 humorral\u2026 ez\u00fattal SZEGEDEN! Ercsey D\u00e1niel klasszikus utaz\u00f3: nem a modern turizmus felsz\u00ednes k\u00e9peslap-vil\u00e1g\u00e1t keresi, hanem id\u0151ben \u00e9s kult\u00far\u00e1ban is elm\u00e9ly\u00fcl. \u00datjai sor\u00e1n borvid\u00e9keket, borversenyeket \u00e9s bor\u00e1szokat l\u00e1togat, mik\u00f6zben szem\u00e9lyes t\u00f6rt\u00e9netein \u00e1t egy k\u00f6z\u00f6s, region\u00e1lis identit\u00e1st rajzol fel. Sz\u0151l\u0151k \u00e9s borok, vall\u00e1sok \u00e9s legend\u00e1k, \u00edzek \u00e9s t\u00f6rt\u00e9netek kapcsol\u00f3dnak \u00f6ssze \u00edr\u00e1saiban, ahol a jelen [&hellip;]<\/p>\n","protected":false},"featured_media":6359,"comment_status":"open","ping_status":"closed","template":"","meta":{"_acf_changed":false},"product_brand":[],"product_cat":[94,100],"product_tag":[],"class_list":{"0":"post-6352","1":"product","2":"type-product","3":"status-publish","4":"has-post-thumbnail","6":"product_cat-esemeny","7":"product_cat-scruton-szeged","9":"first","10":"outofstock","11":"shipping-taxable","12":"product-type-variable"},"acf":[],"yoast_head":"<!-- This site is optimized with the Yoast SEO Premium plugin v27.5 (Yoast SEO v27.5) - https:\/\/yoast.com\/product\/yoast-seo-premium-wordpress\/ -->\n<title>Ercsey D\u00e1niel: Szindb\u00e1d borversenyre megy - K\u00f6nyvbemutat\u00f3val egybek\u00f6t\u00f6tt bork\u00f3stol\u00f3 - Scruton<\/title>\n<meta name=\"robots\" content=\"index, follow, max-snippet:-1, max-image-preview:large, max-video-preview:-1\" \/>\n<link rel=\"canonical\" href=\"https:\/\/scruton.hu\/en\/product\/ercsey-daniel-szinbad-borversenyre-megy-konyvbemutatoval-egybekotott-borkostolo\/\" \/>\n<meta property=\"og:locale\" content=\"en_GB\" \/>\n<meta property=\"og:type\" content=\"article\" \/>\n<meta property=\"og:title\" content=\"Ercsey D\u00e1niel: Szindb\u00e1d borversenyre megy - K\u00f6nyvbemutat\u00f3val egybek\u00f6t\u00f6tt bork\u00f3stol\u00f3\" \/>\n<meta property=\"og:description\" content=\"Borvid\u00e9ki utaz\u00e1sok, szipork\u00e1z\u00f3 humorral\u2026 ez\u00fattal SZEGEDEN! Ercsey D\u00e1niel klasszikus utaz\u00f3: nem a modern turizmus felsz\u00ednes k\u00e9peslap-vil\u00e1g\u00e1t keresi, hanem id\u0151ben \u00e9s kult\u00far\u00e1ban is elm\u00e9ly\u00fcl. \u00datjai sor\u00e1n borvid\u00e9keket, borversenyeket \u00e9s bor\u00e1szokat l\u00e1togat, mik\u00f6zben szem\u00e9lyes t\u00f6rt\u00e9netein \u00e1t egy k\u00f6z\u00f6s, region\u00e1lis identit\u00e1st rajzol fel. Sz\u0151l\u0151k \u00e9s borok, vall\u00e1sok \u00e9s legend\u00e1k, \u00edzek \u00e9s t\u00f6rt\u00e9netek kapcsol\u00f3dnak \u00f6ssze \u00edr\u00e1saiban, ahol a jelen [&hellip;]\" \/>\n<meta property=\"og:url\" content=\"https:\/\/scruton.hu\/en\/product\/ercsey-daniel-szinbad-borversenyre-megy-konyvbemutatoval-egybekotott-borkostolo\/\" \/>\n<meta property=\"og:site_name\" content=\"Scruton\" \/>\n<meta property=\"article:modified_time\" content=\"2026-01-23T16:57:12+00:00\" \/>\n<meta property=\"og:image\" content=\"http:\/\/scruton.hu\/wp-content\/uploads\/2026\/01\/01.23.-Ercsey-Daniel-fo-1.jpg\" \/>\n\t<meta property=\"og:image:width\" content=\"1920\" \/>\n\t<meta property=\"og:image:height\" content=\"1080\" \/>\n\t<meta property=\"og:image:type\" content=\"image\/jpeg\" \/>\n<meta name=\"twitter:card\" content=\"summary_large_image\" \/>\n<meta name=\"twitter:label1\" content=\"Availability\" \/>\n\t<meta name=\"twitter:data1\" content=\"Out of stock\" \/>\n<script type=\"application\/ld+json\" class=\"yoast-schema-graph\">{\"@context\":\"https:\\\/\\\/schema.org\",\"@graph\":[{\"@type\":\"WebPage\",\"@id\":\"https:\\\/\\\/scruton.hu\\\/termek\\\/ercsey-daniel-szinbad-borversenyre-megy-konyvbemutatoval-egybekotott-borkostolo\\\/\",\"url\":\"https:\\\/\\\/scruton.hu\\\/termek\\\/ercsey-daniel-szinbad-borversenyre-megy-konyvbemutatoval-egybekotott-borkostolo\\\/\",\"name\":\"Ercsey D\u00e1niel: Szindb\u00e1d borversenyre megy - K\u00f6nyvbemutat\u00f3val egybek\u00f6t\u00f6tt bork\u00f3stol\u00f3 - Scruton\",\"isPartOf\":{\"@id\":\"https:\\\/\\\/scruton.hu\\\/#website\"},\"primaryImageOfPage\":{\"@id\":\"https:\\\/\\\/scruton.hu\\\/termek\\\/ercsey-daniel-szinbad-borversenyre-megy-konyvbemutatoval-egybekotott-borkostolo\\\/#primaryimage\"},\"image\":{\"@id\":\"https:\\\/\\\/scruton.hu\\\/termek\\\/ercsey-daniel-szinbad-borversenyre-megy-konyvbemutatoval-egybekotott-borkostolo\\\/#primaryimage\"},\"thumbnailUrl\":\"https:\\\/\\\/scruton.hu\\\/wp-content\\\/uploads\\\/2026\\\/01\\\/01.23.-Ercsey-Daniel-fo-1.jpg\",\"datePublished\":\"2026-01-09T12:33:32+00:00\",\"dateModified\":\"2026-01-23T16:57:12+00:00\",\"breadcrumb\":{\"@id\":\"https:\\\/\\\/scruton.hu\\\/termek\\\/ercsey-daniel-szinbad-borversenyre-megy-konyvbemutatoval-egybekotott-borkostolo\\\/#breadcrumb\"},\"inLanguage\":\"en-GB\",\"potentialAction\":[{\"@type\":\"ReadAction\",\"target\":[\"https:\\\/\\\/scruton.hu\\\/termek\\\/ercsey-daniel-szinbad-borversenyre-megy-konyvbemutatoval-egybekotott-borkostolo\\\/\"]}]},{\"@type\":\"ImageObject\",\"inLanguage\":\"en-GB\",\"@id\":\"https:\\\/\\\/scruton.hu\\\/termek\\\/ercsey-daniel-szinbad-borversenyre-megy-konyvbemutatoval-egybekotott-borkostolo\\\/#primaryimage\",\"url\":\"https:\\\/\\\/scruton.hu\\\/wp-content\\\/uploads\\\/2026\\\/01\\\/01.23.-Ercsey-Daniel-fo-1.jpg\",\"contentUrl\":\"https:\\\/\\\/scruton.hu\\\/wp-content\\\/uploads\\\/2026\\\/01\\\/01.23.-Ercsey-Daniel-fo-1.jpg\",\"width\":1920,\"height\":1080},{\"@type\":\"BreadcrumbList\",\"@id\":\"https:\\\/\\\/scruton.hu\\\/termek\\\/ercsey-daniel-szinbad-borversenyre-megy-konyvbemutatoval-egybekotott-borkostolo\\\/#breadcrumb\",\"itemListElement\":[{\"@type\":\"ListItem\",\"position\":1,\"name\":\"Kezd\u0151lap\",\"item\":\"https:\\\/\\\/scruton.hu\\\/\"},{\"@type\":\"ListItem\",\"position\":2,\"name\":\"Shop\",\"item\":\"https:\\\/\\\/scruton.hu\\\/en\\\/uzlet\\\/\"},{\"@type\":\"ListItem\",\"position\":3,\"name\":\"Ercsey D\u00e1niel: Szindb\u00e1d borversenyre megy &#8211; K\u00f6nyvbemutat\u00f3val egybek\u00f6t\u00f6tt bork\u00f3stol\u00f3\"}]},{\"@type\":\"WebSite\",\"@id\":\"https:\\\/\\\/scruton.hu\\\/#website\",\"url\":\"https:\\\/\\\/scruton.hu\\\/\",\"name\":\"Scruton\",\"description\":\"Az \u00e9rt\u00e9kteremt\u00e9s helye\",\"publisher\":{\"@id\":\"https:\\\/\\\/scruton.hu\\\/#organization\"},\"potentialAction\":[{\"@type\":\"SearchAction\",\"target\":{\"@type\":\"EntryPoint\",\"urlTemplate\":\"https:\\\/\\\/scruton.hu\\\/?s={search_term_string}\"},\"query-input\":{\"@type\":\"PropertyValueSpecification\",\"valueRequired\":true,\"valueName\":\"search_term_string\"}}],\"inLanguage\":\"en-GB\"},{\"@type\":\"Organization\",\"@id\":\"https:\\\/\\\/scruton.hu\\\/#organization\",\"name\":\"Scruton\",\"url\":\"https:\\\/\\\/scruton.hu\\\/\",\"logo\":{\"@type\":\"ImageObject\",\"inLanguage\":\"en-GB\",\"@id\":\"https:\\\/\\\/scruton.hu\\\/#\\\/schema\\\/logo\\\/image\\\/\",\"url\":\"https:\\\/\\\/scruton.hu\\\/wp-content\\\/uploads\\\/2025\\\/07\\\/scruton_feher.png\",\"contentUrl\":\"https:\\\/\\\/scruton.hu\\\/wp-content\\\/uploads\\\/2025\\\/07\\\/scruton_feher.png\",\"width\":500,\"height\":74,\"caption\":\"Scruton\"},\"image\":{\"@id\":\"https:\\\/\\\/scruton.hu\\\/#\\\/schema\\\/logo\\\/image\\\/\"}}]}<\/script>\n<meta property=\"og:availability\" content=\"out of stock\" \/>\n<meta property=\"product:availability\" content=\"out of stock\" \/>\n<meta property=\"product:condition\" content=\"new\" \/>\n<!-- \/ Yoast SEO Premium plugin. -->","yoast_head_json":{"title":"Ercsey D\u00e1niel: Szindb\u00e1d borversenyre megy - K\u00f6nyvbemutat\u00f3val egybek\u00f6t\u00f6tt bork\u00f3stol\u00f3 - Scruton","robots":{"index":"index","follow":"follow","max-snippet":"max-snippet:-1","max-image-preview":"max-image-preview:large","max-video-preview":"max-video-preview:-1"},"canonical":"https:\/\/scruton.hu\/en\/product\/ercsey-daniel-szinbad-borversenyre-megy-konyvbemutatoval-egybekotott-borkostolo\/","og_locale":"en_GB","og_type":"article","og_title":"Ercsey D\u00e1niel: Szindb\u00e1d borversenyre megy - K\u00f6nyvbemutat\u00f3val egybek\u00f6t\u00f6tt bork\u00f3stol\u00f3","og_description":"Borvid\u00e9ki utaz\u00e1sok, szipork\u00e1z\u00f3 humorral\u2026 ez\u00fattal SZEGEDEN! Ercsey D\u00e1niel klasszikus utaz\u00f3: nem a modern turizmus felsz\u00ednes k\u00e9peslap-vil\u00e1g\u00e1t keresi, hanem id\u0151ben \u00e9s kult\u00far\u00e1ban is elm\u00e9ly\u00fcl. \u00datjai sor\u00e1n borvid\u00e9keket, borversenyeket \u00e9s bor\u00e1szokat l\u00e1togat, mik\u00f6zben szem\u00e9lyes t\u00f6rt\u00e9netein \u00e1t egy k\u00f6z\u00f6s, region\u00e1lis identit\u00e1st rajzol fel. Sz\u0151l\u0151k \u00e9s borok, vall\u00e1sok \u00e9s legend\u00e1k, \u00edzek \u00e9s t\u00f6rt\u00e9netek kapcsol\u00f3dnak \u00f6ssze \u00edr\u00e1saiban, ahol a jelen [&hellip;]","og_url":"https:\/\/scruton.hu\/en\/product\/ercsey-daniel-szinbad-borversenyre-megy-konyvbemutatoval-egybekotott-borkostolo\/","og_site_name":"Scruton","article_modified_time":"2026-01-23T16:57:12+00:00","og_image":[{"width":1920,"height":1080,"url":"http:\/\/scruton.hu\/wp-content\/uploads\/2026\/01\/01.23.-Ercsey-Daniel-fo-1.jpg","type":"image\/jpeg"}],"twitter_card":"summary_large_image","twitter_misc":{"Availability":"Out of stock"},"schema":{"@context":"https:\/\/schema.org","@graph":[{"@type":"WebPage","@id":"https:\/\/scruton.hu\/termek\/ercsey-daniel-szinbad-borversenyre-megy-konyvbemutatoval-egybekotott-borkostolo\/","url":"https:\/\/scruton.hu\/termek\/ercsey-daniel-szinbad-borversenyre-megy-konyvbemutatoval-egybekotott-borkostolo\/","name":"Ercsey D\u00e1niel: Szindb\u00e1d borversenyre megy - K\u00f6nyvbemutat\u00f3val egybek\u00f6t\u00f6tt bork\u00f3stol\u00f3 - Scruton","isPartOf":{"@id":"https:\/\/scruton.hu\/#website"},"primaryImageOfPage":{"@id":"https:\/\/scruton.hu\/termek\/ercsey-daniel-szinbad-borversenyre-megy-konyvbemutatoval-egybekotott-borkostolo\/#primaryimage"},"image":{"@id":"https:\/\/scruton.hu\/termek\/ercsey-daniel-szinbad-borversenyre-megy-konyvbemutatoval-egybekotott-borkostolo\/#primaryimage"},"thumbnailUrl":"https:\/\/scruton.hu\/wp-content\/uploads\/2026\/01\/01.23.-Ercsey-Daniel-fo-1.jpg","datePublished":"2026-01-09T12:33:32+00:00","dateModified":"2026-01-23T16:57:12+00:00","breadcrumb":{"@id":"https:\/\/scruton.hu\/termek\/ercsey-daniel-szinbad-borversenyre-megy-konyvbemutatoval-egybekotott-borkostolo\/#breadcrumb"},"inLanguage":"en-GB","potentialAction":[{"@type":"ReadAction","target":["https:\/\/scruton.hu\/termek\/ercsey-daniel-szinbad-borversenyre-megy-konyvbemutatoval-egybekotott-borkostolo\/"]}]},{"@type":"ImageObject","inLanguage":"en-GB","@id":"https:\/\/scruton.hu\/termek\/ercsey-daniel-szinbad-borversenyre-megy-konyvbemutatoval-egybekotott-borkostolo\/#primaryimage","url":"https:\/\/scruton.hu\/wp-content\/uploads\/2026\/01\/01.23.-Ercsey-Daniel-fo-1.jpg","contentUrl":"https:\/\/scruton.hu\/wp-content\/uploads\/2026\/01\/01.23.-Ercsey-Daniel-fo-1.jpg","width":1920,"height":1080},{"@type":"BreadcrumbList","@id":"https:\/\/scruton.hu\/termek\/ercsey-daniel-szinbad-borversenyre-megy-konyvbemutatoval-egybekotott-borkostolo\/#breadcrumb","itemListElement":[{"@type":"ListItem","position":1,"name":"Kezd\u0151lap","item":"https:\/\/scruton.hu\/"},{"@type":"ListItem","position":2,"name":"Shop","item":"https:\/\/scruton.hu\/en\/uzlet\/"},{"@type":"ListItem","position":3,"name":"Ercsey D\u00e1niel: Szindb\u00e1d borversenyre megy &#8211; K\u00f6nyvbemutat\u00f3val egybek\u00f6t\u00f6tt bork\u00f3stol\u00f3"}]},{"@type":"WebSite","@id":"https:\/\/scruton.hu\/#website","url":"https:\/\/scruton.hu\/","name":"Scruton","description":"The place of value creation","publisher":{"@id":"https:\/\/scruton.hu\/#organization"},"potentialAction":[{"@type":"SearchAction","target":{"@type":"EntryPoint","urlTemplate":"https:\/\/scruton.hu\/?s={search_term_string}"},"query-input":{"@type":"PropertyValueSpecification","valueRequired":true,"valueName":"search_term_string"}}],"inLanguage":"en-GB"},{"@type":"Organization","@id":"https:\/\/scruton.hu\/#organization","name":"Scruton","url":"https:\/\/scruton.hu\/","logo":{"@type":"ImageObject","inLanguage":"en-GB","@id":"https:\/\/scruton.hu\/#\/schema\/logo\/image\/","url":"https:\/\/scruton.hu\/wp-content\/uploads\/2025\/07\/scruton_feher.png","contentUrl":"https:\/\/scruton.hu\/wp-content\/uploads\/2025\/07\/scruton_feher.png","width":500,"height":74,"caption":"Scruton"},"image":{"@id":"https:\/\/scruton.hu\/#\/schema\/logo\/image\/"}}]},"og_availability":"out of stock","product_availability":"out of stock","product_condition":"new"},"_links":{"self":[{"href":"https:\/\/scruton.hu\/en\/wp-json\/wp\/v2\/product\/6352","targetHints":{"allow":["GET"]}}],"collection":[{"href":"https:\/\/scruton.hu\/en\/wp-json\/wp\/v2\/product"}],"about":[{"href":"https:\/\/scruton.hu\/en\/wp-json\/wp\/v2\/types\/product"}],"replies":[{"embeddable":true,"href":"https:\/\/scruton.hu\/en\/wp-json\/wp\/v2\/comments?post=6352"}],"wp:featuredmedia":[{"embeddable":true,"href":"https:\/\/scruton.hu\/en\/wp-json\/wp\/v2\/media\/6359"}],"wp:attachment":[{"href":"https:\/\/scruton.hu\/en\/wp-json\/wp\/v2\/media?parent=6352"}],"wp:term":[{"taxonomy":"product_brand","embeddable":true,"href":"https:\/\/scruton.hu\/en\/wp-json\/wp\/v2\/product_brand?post=6352"},{"taxonomy":"product_cat","embeddable":true,"href":"https:\/\/scruton.hu\/en\/wp-json\/wp\/v2\/product_cat?post=6352"},{"taxonomy":"product_tag","embeddable":true,"href":"https:\/\/scruton.hu\/en\/wp-json\/wp\/v2\/product_tag?post=6352"}],"curies":[{"name":"wp","href":"https:\/\/api.w.org\/{rel}","templated":true}]}}