{"id":5816,"date":"2025-12-04T19:33:40","date_gmt":"2025-12-04T18:33:40","guid":{"rendered":"https:\/\/scruton.hu\/?post_type=product&#038;p=5816"},"modified":"2025-12-08T12:14:08","modified_gmt":"2025-12-08T11:14:08","slug":"scruton-filmklub-abel-a-rengetegben","status":"publish","type":"product","link":"https:\/\/scruton.hu\/en\/termek\/scruton-filmklub-abel-a-rengetegben\/","title":{"rendered":"Scruton Filmklub: \u00c1bel a rengetegben"},"content":{"rendered":"<p>A klasszikus erd\u00e9lyi t\u00f6rt\u00e9net ez\u00fattal nemcsak a v\u00e1sznon kel \u00e9letre, hanem egy elm\u00e9ly\u00fclt szakmai besz\u00e9lget\u00e9s sor\u00e1n is \u00faj n\u00e9z\u0151pontokkal gazdagodik.<\/p>\n<p>Az esem\u00e9ny k\u00f6z\u00e9ppontj\u00e1ban \u00c1bel \u00fatja \u00e1ll: a tizenn\u00e9gy \u00e9ves fi\u00fa, aki a 1920-as \u00e9vek Erd\u00e9ly\u00e9ben fafelvigy\u00e1z\u00f3nak szeg\u0151dik a Hargita vadreg\u00e9nyes rengeteg\u00e9be, hogy seg\u00edtse otthon maradt csal\u00e1dj\u00e1t. A mag\u00e1nyos hegyi kunyh\u00f3 \u2013 egy kecsk\u00e9vel \u00e9s h\u0171s\u00e9ges kuty\u00e1j\u00e1val \u2013 hamar az \u00f6n\u00e1ll\u00f3s\u00e1g iskol\u00e1j\u00e1v\u00e1 v\u00e1lik sz\u00e1m\u00e1ra. Mindennapjai sor\u00e1n keresked\u0151kkel, rabl\u00f3kkal, csend\u0151r\u00f6kkel \u00e9s szerzetesekkel hozza \u00f6ssze a sors; meg\u00e9li az \u00e9hs\u00e9get \u00e9s a hideget, megtapasztalja a betegs\u00e9get \u00e9s az elm\u00fal\u00e1st, mik\u00f6zben lassan megtanulja, hogyan boldoguljon a vil\u00e1gban.<\/p>\n<p>Tam\u00e1si \u00c1ron ikonikus reg\u00e9ny\u00e9t K\u00e1ny\u00e1di S\u00e1ndor form\u00e1lta forgat\u00f3k\u00f6nyvv\u00e9, a film rendez\u0151je pedig Mih\u00e1lyfy S\u00e1ndor. Az est sor\u00e1n a vet\u00edt\u00e9st k\u00f6vet\u0151en a Tekercs \u00e9s Tekintet filmszak\u00e9rt\u0151i, Nagyp\u00e1l Szabolcs \u00e9s Sz\u0151nyi L\u00e1szl\u00f3 Gyula \u00e9s Ablonczy Bal\u00e1zs t\u00f6rt\u00e9n\u00e9sz elemzik t\u00f6bbek k\u00f6z\u00f6tt a m\u0171 cselekm\u00e9nyi \u00e9s t\u00f6rt\u00e9netfiloz\u00f3giai r\u00e9tegeit.<\/p>\n<p>Gyere el, \u00e9s fedezd fel vel\u00fcnk, milyen \u00fczeneteket hordoz ma is \u00c1bel t\u00f6rt\u00e9nete.<\/p>\n<p>Id\u0151pont: 2025. december 9. (kedd) 18:00<br \/>\nHelysz\u00edn: 1054 Budapest, Zolt\u00e1n utca 10. \u2013 Scruton BELV\u00c1ROS<br \/>\nGasztrojegy: 1 390 Ft<\/p>\n<p><em>\/\/ Rendezv\u00e9ny\u00fcnk\u00f6n k\u00e9p \u00e9s hangfelv\u00e9tel k\u00e9sz\u00fclhet, melyet rekl\u00e1m- \u00e9s dokument\u00e1ci\u00f3s c\u00e9lra is felhaszn\u00e1lhatunk! <\/em><br \/>\n<em>Vend\u00e9geinket k\u00e9rj\u00fck, hogy programkezd\u00e9s el\u0151tt legk\u00e9s\u0151bb 10-15 perccel \u00e9rkezzenek meg! A helyek elfoglal\u00e1sa \u00e9rkez\u00e9si sorrendben t\u00f6rt\u00e9nik.<\/em><br \/>\n<em>A felmer\u00fcl\u0151 k\u00e9rd\u00e9sekkel kapcsolatban k\u00e9rj\u00fck \u00edrjon a program@scruton.hu e-mail c\u00edmre!<\/em><br \/>\n<em>Jegyet nem \u00e1ll m\u00f3dunkban sem visszav\u00e1ltani, sem m\u00e1s jegyre cser\u00e9lni, ak\u00e1r szem\u00e9lyesen, ak\u00e1r online t\u00f6rt\u00e9nt a v\u00e1s\u00e1rl\u00e1s. Jegyet kiz\u00e1r\u00f3lag elmaradt rendezv\u00e9ny eset\u00e9n v\u00e1ltunk vissza. \/\/<\/em><\/p>","protected":false},"excerpt":{"rendered":"<p>A klasszikus erd\u00e9lyi t\u00f6rt\u00e9net ez\u00fattal nemcsak a v\u00e1sznon kel \u00e9letre, hanem egy elm\u00e9ly\u00fclt szakmai besz\u00e9lget\u00e9s sor\u00e1n is \u00faj n\u00e9z\u0151pontokkal gazdagodik.<\/p>","protected":false},"featured_media":5979,"comment_status":"open","ping_status":"closed","template":"","meta":{"_acf_changed":false},"product_brand":[],"product_cat":[94,97],"product_tag":[],"class_list":{"0":"post-5816","1":"product","2":"type-product","3":"status-publish","4":"has-post-thumbnail","6":"product_cat-esemeny","7":"product_cat-scruton-belvaros","9":"first","10":"outofstock","11":"downloadable","12":"virtual","13":"product-type-simple"},"acf":[],"yoast_head":"<!-- This site is optimized with the Yoast SEO Premium plugin v27.5 (Yoast SEO v27.5) - https:\/\/yoast.com\/product\/yoast-seo-premium-wordpress\/ -->\n<title>Scruton Filmklub: \u00c1bel a rengetegben - Scruton<\/title>\n<meta name=\"description\" content=\"A klasszikus erd\u00e9lyi t\u00f6rt\u00e9net ez\u00fattal nemcsak a v\u00e1sznon kel \u00e9letre, hanem egy elm\u00e9ly\u00fclt szakmai besz\u00e9lget\u00e9s sor\u00e1n is \u00faj n\u00e9z\u0151pontokkal gazdagodik.\" \/>\n<meta name=\"robots\" content=\"index, follow, max-snippet:-1, max-image-preview:large, max-video-preview:-1\" \/>\n<link rel=\"canonical\" href=\"https:\/\/scruton.hu\/en\/product\/scruton-filmklub-abel-a-rengetegben\/\" \/>\n<meta property=\"og:locale\" content=\"en_GB\" \/>\n<meta property=\"og:type\" content=\"article\" \/>\n<meta property=\"og:title\" content=\"Scruton Filmklub: \u00c1bel a rengetegben\" \/>\n<meta property=\"og:description\" content=\"A klasszikus erd\u00e9lyi t\u00f6rt\u00e9net ez\u00fattal nemcsak a v\u00e1sznon kel \u00e9letre, hanem egy elm\u00e9ly\u00fclt szakmai besz\u00e9lget\u00e9s sor\u00e1n is \u00faj n\u00e9z\u0151pontokkal gazdagodik.\" \/>\n<meta property=\"og:url\" content=\"https:\/\/scruton.hu\/en\/product\/scruton-filmklub-abel-a-rengetegben\/\" \/>\n<meta property=\"og:site_name\" content=\"Scruton\" \/>\n<meta property=\"article:modified_time\" content=\"2025-12-08T11:14:08+00:00\" \/>\n<meta property=\"og:image\" content=\"http:\/\/scruton.hu\/wp-content\/uploads\/2025\/12\/12.09.-Filmklub-fo-3.jpg\" \/>\n\t<meta property=\"og:image:width\" content=\"1920\" \/>\n\t<meta property=\"og:image:height\" content=\"1080\" \/>\n\t<meta property=\"og:image:type\" content=\"image\/jpeg\" \/>\n<meta name=\"twitter:card\" content=\"summary_large_image\" \/>\n<meta name=\"twitter:label1\" content=\"Price\" \/>\n\t<meta name=\"twitter:data1\" content=\"1 390&nbsp;&#070;&#116;\" \/>\n\t<meta name=\"twitter:label2\" content=\"Availability\" \/>\n\t<meta name=\"twitter:data2\" content=\"Out of stock\" \/>\n<script type=\"application\/ld+json\" class=\"yoast-schema-graph\">{\"@context\":\"https:\\\/\\\/schema.org\",\"@graph\":[{\"@type\":\"WebPage\",\"@id\":\"https:\\\/\\\/scruton.hu\\\/termek\\\/scruton-filmklub-abel-a-rengetegben\\\/\",\"url\":\"https:\\\/\\\/scruton.hu\\\/termek\\\/scruton-filmklub-abel-a-rengetegben\\\/\",\"name\":\"Scruton Filmklub: \u00c1bel a rengetegben - Scruton\",\"isPartOf\":{\"@id\":\"https:\\\/\\\/scruton.hu\\\/#website\"},\"primaryImageOfPage\":{\"@id\":\"https:\\\/\\\/scruton.hu\\\/termek\\\/scruton-filmklub-abel-a-rengetegben\\\/#primaryimage\"},\"image\":{\"@id\":\"https:\\\/\\\/scruton.hu\\\/termek\\\/scruton-filmklub-abel-a-rengetegben\\\/#primaryimage\"},\"thumbnailUrl\":\"https:\\\/\\\/scruton.hu\\\/wp-content\\\/uploads\\\/2025\\\/12\\\/12.09.-Filmklub-fo-3.jpg\",\"datePublished\":\"2025-12-04T18:33:40+00:00\",\"dateModified\":\"2025-12-08T11:14:08+00:00\",\"description\":\"A klasszikus erd\u00e9lyi t\u00f6rt\u00e9net ez\u00fattal nemcsak a v\u00e1sznon kel \u00e9letre, hanem egy elm\u00e9ly\u00fclt szakmai besz\u00e9lget\u00e9s sor\u00e1n is \u00faj n\u00e9z\u0151pontokkal gazdagodik.\",\"breadcrumb\":{\"@id\":\"https:\\\/\\\/scruton.hu\\\/termek\\\/scruton-filmklub-abel-a-rengetegben\\\/#breadcrumb\"},\"inLanguage\":\"en-GB\",\"potentialAction\":[{\"@type\":\"ReadAction\",\"target\":[\"https:\\\/\\\/scruton.hu\\\/termek\\\/scruton-filmklub-abel-a-rengetegben\\\/\"]}]},{\"@type\":\"ImageObject\",\"inLanguage\":\"en-GB\",\"@id\":\"https:\\\/\\\/scruton.hu\\\/termek\\\/scruton-filmklub-abel-a-rengetegben\\\/#primaryimage\",\"url\":\"https:\\\/\\\/scruton.hu\\\/wp-content\\\/uploads\\\/2025\\\/12\\\/12.09.-Filmklub-fo-3.jpg\",\"contentUrl\":\"https:\\\/\\\/scruton.hu\\\/wp-content\\\/uploads\\\/2025\\\/12\\\/12.09.-Filmklub-fo-3.jpg\",\"width\":1920,\"height\":1080},{\"@type\":\"BreadcrumbList\",\"@id\":\"https:\\\/\\\/scruton.hu\\\/termek\\\/scruton-filmklub-abel-a-rengetegben\\\/#breadcrumb\",\"itemListElement\":[{\"@type\":\"ListItem\",\"position\":1,\"name\":\"Kezd\u0151lap\",\"item\":\"https:\\\/\\\/scruton.hu\\\/\"},{\"@type\":\"ListItem\",\"position\":2,\"name\":\"Shop\",\"item\":\"https:\\\/\\\/scruton.hu\\\/en\\\/uzlet\\\/\"},{\"@type\":\"ListItem\",\"position\":3,\"name\":\"Scruton Filmklub: \u00c1bel a rengetegben\"}]},{\"@type\":\"WebSite\",\"@id\":\"https:\\\/\\\/scruton.hu\\\/#website\",\"url\":\"https:\\\/\\\/scruton.hu\\\/\",\"name\":\"Scruton\",\"description\":\"Az \u00e9rt\u00e9kteremt\u00e9s helye\",\"publisher\":{\"@id\":\"https:\\\/\\\/scruton.hu\\\/#organization\"},\"potentialAction\":[{\"@type\":\"SearchAction\",\"target\":{\"@type\":\"EntryPoint\",\"urlTemplate\":\"https:\\\/\\\/scruton.hu\\\/?s={search_term_string}\"},\"query-input\":{\"@type\":\"PropertyValueSpecification\",\"valueRequired\":true,\"valueName\":\"search_term_string\"}}],\"inLanguage\":\"en-GB\"},{\"@type\":\"Organization\",\"@id\":\"https:\\\/\\\/scruton.hu\\\/#organization\",\"name\":\"Scruton\",\"url\":\"https:\\\/\\\/scruton.hu\\\/\",\"logo\":{\"@type\":\"ImageObject\",\"inLanguage\":\"en-GB\",\"@id\":\"https:\\\/\\\/scruton.hu\\\/#\\\/schema\\\/logo\\\/image\\\/\",\"url\":\"https:\\\/\\\/scruton.hu\\\/wp-content\\\/uploads\\\/2025\\\/07\\\/scruton_feher.png\",\"contentUrl\":\"https:\\\/\\\/scruton.hu\\\/wp-content\\\/uploads\\\/2025\\\/07\\\/scruton_feher.png\",\"width\":500,\"height\":74,\"caption\":\"Scruton\"},\"image\":{\"@id\":\"https:\\\/\\\/scruton.hu\\\/#\\\/schema\\\/logo\\\/image\\\/\"}}]}<\/script>\n<meta property=\"product:price:amount\" content=\"1390\" \/>\n<meta property=\"product:price:currency\" content=\"HUF\" \/>\n<meta property=\"og:availability\" content=\"out of stock\" \/>\n<meta property=\"product:availability\" content=\"out of stock\" \/>\n<meta property=\"product:condition\" content=\"new\" \/>\n<!-- \/ Yoast SEO Premium plugin. -->","yoast_head_json":{"title":"Scruton Filmklub: \u00c1bel a rengetegben - Scruton","description":"A klasszikus erd\u00e9lyi t\u00f6rt\u00e9net ez\u00fattal nemcsak a v\u00e1sznon kel \u00e9letre, hanem egy elm\u00e9ly\u00fclt szakmai besz\u00e9lget\u00e9s sor\u00e1n is \u00faj n\u00e9z\u0151pontokkal gazdagodik.","robots":{"index":"index","follow":"follow","max-snippet":"max-snippet:-1","max-image-preview":"max-image-preview:large","max-video-preview":"max-video-preview:-1"},"canonical":"https:\/\/scruton.hu\/en\/product\/scruton-filmklub-abel-a-rengetegben\/","og_locale":"en_GB","og_type":"article","og_title":"Scruton Filmklub: \u00c1bel a rengetegben","og_description":"A klasszikus erd\u00e9lyi t\u00f6rt\u00e9net ez\u00fattal nemcsak a v\u00e1sznon kel \u00e9letre, hanem egy elm\u00e9ly\u00fclt szakmai besz\u00e9lget\u00e9s sor\u00e1n is \u00faj n\u00e9z\u0151pontokkal gazdagodik.","og_url":"https:\/\/scruton.hu\/en\/product\/scruton-filmklub-abel-a-rengetegben\/","og_site_name":"Scruton","article_modified_time":"2025-12-08T11:14:08+00:00","og_image":[{"width":1920,"height":1080,"url":"http:\/\/scruton.hu\/wp-content\/uploads\/2025\/12\/12.09.-Filmklub-fo-3.jpg","type":"image\/jpeg"}],"twitter_card":"summary_large_image","twitter_misc":{"Price":"1 390&nbsp;&#70;&#116;","Availability":"Out of stock"},"schema":{"@context":"https:\/\/schema.org","@graph":[{"@type":"WebPage","@id":"https:\/\/scruton.hu\/termek\/scruton-filmklub-abel-a-rengetegben\/","url":"https:\/\/scruton.hu\/termek\/scruton-filmklub-abel-a-rengetegben\/","name":"Scruton Filmklub: \u00c1bel a rengetegben - Scruton","isPartOf":{"@id":"https:\/\/scruton.hu\/#website"},"primaryImageOfPage":{"@id":"https:\/\/scruton.hu\/termek\/scruton-filmklub-abel-a-rengetegben\/#primaryimage"},"image":{"@id":"https:\/\/scruton.hu\/termek\/scruton-filmklub-abel-a-rengetegben\/#primaryimage"},"thumbnailUrl":"https:\/\/scruton.hu\/wp-content\/uploads\/2025\/12\/12.09.-Filmklub-fo-3.jpg","datePublished":"2025-12-04T18:33:40+00:00","dateModified":"2025-12-08T11:14:08+00:00","description":"A klasszikus erd\u00e9lyi t\u00f6rt\u00e9net ez\u00fattal nemcsak a v\u00e1sznon kel \u00e9letre, hanem egy elm\u00e9ly\u00fclt szakmai besz\u00e9lget\u00e9s sor\u00e1n is \u00faj n\u00e9z\u0151pontokkal gazdagodik.","breadcrumb":{"@id":"https:\/\/scruton.hu\/termek\/scruton-filmklub-abel-a-rengetegben\/#breadcrumb"},"inLanguage":"en-GB","potentialAction":[{"@type":"ReadAction","target":["https:\/\/scruton.hu\/termek\/scruton-filmklub-abel-a-rengetegben\/"]}]},{"@type":"ImageObject","inLanguage":"en-GB","@id":"https:\/\/scruton.hu\/termek\/scruton-filmklub-abel-a-rengetegben\/#primaryimage","url":"https:\/\/scruton.hu\/wp-content\/uploads\/2025\/12\/12.09.-Filmklub-fo-3.jpg","contentUrl":"https:\/\/scruton.hu\/wp-content\/uploads\/2025\/12\/12.09.-Filmklub-fo-3.jpg","width":1920,"height":1080},{"@type":"BreadcrumbList","@id":"https:\/\/scruton.hu\/termek\/scruton-filmklub-abel-a-rengetegben\/#breadcrumb","itemListElement":[{"@type":"ListItem","position":1,"name":"Kezd\u0151lap","item":"https:\/\/scruton.hu\/"},{"@type":"ListItem","position":2,"name":"Shop","item":"https:\/\/scruton.hu\/en\/uzlet\/"},{"@type":"ListItem","position":3,"name":"Scruton Filmklub: \u00c1bel a rengetegben"}]},{"@type":"WebSite","@id":"https:\/\/scruton.hu\/#website","url":"https:\/\/scruton.hu\/","name":"Scruton","description":"The place of value creation","publisher":{"@id":"https:\/\/scruton.hu\/#organization"},"potentialAction":[{"@type":"SearchAction","target":{"@type":"EntryPoint","urlTemplate":"https:\/\/scruton.hu\/?s={search_term_string}"},"query-input":{"@type":"PropertyValueSpecification","valueRequired":true,"valueName":"search_term_string"}}],"inLanguage":"en-GB"},{"@type":"Organization","@id":"https:\/\/scruton.hu\/#organization","name":"Scruton","url":"https:\/\/scruton.hu\/","logo":{"@type":"ImageObject","inLanguage":"en-GB","@id":"https:\/\/scruton.hu\/#\/schema\/logo\/image\/","url":"https:\/\/scruton.hu\/wp-content\/uploads\/2025\/07\/scruton_feher.png","contentUrl":"https:\/\/scruton.hu\/wp-content\/uploads\/2025\/07\/scruton_feher.png","width":500,"height":74,"caption":"Scruton"},"image":{"@id":"https:\/\/scruton.hu\/#\/schema\/logo\/image\/"}}]},"product_price_amount":"1390","product_price_currency":"HUF","og_availability":"out of stock","product_availability":"out of stock","product_condition":"new"},"_links":{"self":[{"href":"https:\/\/scruton.hu\/en\/wp-json\/wp\/v2\/product\/5816","targetHints":{"allow":["GET"]}}],"collection":[{"href":"https:\/\/scruton.hu\/en\/wp-json\/wp\/v2\/product"}],"about":[{"href":"https:\/\/scruton.hu\/en\/wp-json\/wp\/v2\/types\/product"}],"replies":[{"embeddable":true,"href":"https:\/\/scruton.hu\/en\/wp-json\/wp\/v2\/comments?post=5816"}],"wp:featuredmedia":[{"embeddable":true,"href":"https:\/\/scruton.hu\/en\/wp-json\/wp\/v2\/media\/5979"}],"wp:attachment":[{"href":"https:\/\/scruton.hu\/en\/wp-json\/wp\/v2\/media?parent=5816"}],"wp:term":[{"taxonomy":"product_brand","embeddable":true,"href":"https:\/\/scruton.hu\/en\/wp-json\/wp\/v2\/product_brand?post=5816"},{"taxonomy":"product_cat","embeddable":true,"href":"https:\/\/scruton.hu\/en\/wp-json\/wp\/v2\/product_cat?post=5816"},{"taxonomy":"product_tag","embeddable":true,"href":"https:\/\/scruton.hu\/en\/wp-json\/wp\/v2\/product_tag?post=5816"}],"curies":[{"name":"wp","href":"https:\/\/api.w.org\/{rel}","templated":true}]}}