{"id":2373,"date":"2025-04-25T10:12:17","date_gmt":"2025-04-25T08:12:17","guid":{"rendered":"https:\/\/scruton.hu\/termek\/scruton-vegyes-csokoladeba-martott-magvak\/"},"modified":"2025-10-27T16:44:32","modified_gmt":"2025-10-27T15:44:32","slug":"scruton-vegyes-csokoladeba-martott-magvak","status":"publish","type":"product","link":"https:\/\/scruton.hu\/en\/termek\/scruton-vegyes-csokoladeba-martott-magvak\/","title":{"rendered":"Scruton Csokis magvak"},"content":{"rendered":"<p><span style=\"font-weight: 400;\">A Scruton csokis magvak a min\u0151s\u00e9gi nassol\u00e1s \u00e9lm\u00e9ny\u00e9t k\u00edn\u00e1lj\u00e1k. Rostban \u00e9s \u00edzben gazdag magvak tal\u00e1lkoznak a finom csokol\u00e1d\u00e9val, \u00edgy minden falat k\u00fcl\u00f6nleges \u00e9lm\u00e9nyt ny\u00fajt. Ide\u00e1lis v\u00e1laszt\u00e1s k\u00e1v\u00e9 vagy tea mell\u00e9, de \u00f6nmag\u00e1ban is remek nassolnival\u00f3. A csomag eleg\u00e1ns kiszerel\u00e9se miatt aj\u00e1nd\u00e9knak is kiv\u00e1l\u00f3: egyszerre mutat\u00f3s \u00e9s \u00ednycsikland\u00f3. Ez a finoms\u00e1g a Scruton gasztron\u00f3miai vil\u00e1g\u00e1t hozza el a mindennapokba, apr\u00f3 luxus, amely \u00e9lm\u00e9nny\u00e9 var\u00e1zsolja a h\u00e9tk\u00f6znapokat.<\/span><\/p>\n<p><span style=\"font-weight: 400;\">Kiszerel\u00e9s: 100 g<\/span><\/p>","protected":false},"excerpt":{"rendered":"<p>A Scruton csokis magvak a min\u0151s\u00e9gi nassol\u00e1s \u00e9lm\u00e9ny\u00e9t k\u00edn\u00e1lj\u00e1k. Rostban \u00e9s \u00edzben gazdag magvak tal\u00e1lkoznak a finom csokol\u00e1d\u00e9val, \u00edgy minden falat k\u00fcl\u00f6nleges \u00e9lm\u00e9nyt ny\u00fajt. Ide\u00e1lis v\u00e1laszt\u00e1s k\u00e1v\u00e9 vagy tea mell\u00e9, de \u00f6nmag\u00e1ban is remek nassolnival\u00f3. A csomag eleg\u00e1ns kiszerel\u00e9se miatt aj\u00e1nd\u00e9knak is kiv\u00e1l\u00f3: egyszerre mutat\u00f3s \u00e9s \u00ednycsikland\u00f3. Ez a finoms\u00e1g a Scruton gasztron\u00f3miai vil\u00e1g\u00e1t hozza [&hellip;]<\/p>\n","protected":false},"featured_media":2374,"comment_status":"closed","ping_status":"closed","template":"","meta":{"_acf_changed":false},"product_brand":[],"product_cat":[24],"product_tag":[],"class_list":{"0":"post-2373","1":"product","2":"type-product","3":"status-publish","4":"has-post-thumbnail","6":"product_cat-egyedi-scruton-termekek","8":"first","9":"instock","10":"shipping-taxable","11":"purchasable","12":"product-type-simple"},"acf":[],"yoast_head":"<!-- This site is optimized with the Yoast SEO Premium plugin v27.4 (Yoast SEO v27.5) - https:\/\/yoast.com\/product\/yoast-seo-premium-wordpress\/ -->\n<title>Scruton csokis magvak \u2013 min\u0151s\u00e9gi \u00e9dess\u00e9g k\u00fcl\u00f6nleges pillanatokhoz<\/title>\n<meta name=\"description\" content=\"Scruton csokis magvak \u2013 min\u0151s\u00e9gi, \u00e9des \u00ednyencs\u00e9g, amely \u00e9lm\u00e9nny\u00e9 teszi a k\u00f6z\u00f6s pillanatokat.\" \/>\n<meta name=\"robots\" content=\"index, follow, max-snippet:-1, max-image-preview:large, max-video-preview:-1\" \/>\n<link rel=\"canonical\" href=\"https:\/\/scruton.hu\/en\/product\/scruton-vegyes-csokoladeba-martott-magvak\/\" \/>\n<meta property=\"og:locale\" content=\"en_GB\" \/>\n<meta property=\"og:type\" content=\"article\" \/>\n<meta property=\"og:title\" content=\"Scruton Csokis magvak\" \/>\n<meta property=\"og:description\" content=\"Scruton csokis magvak \u2013 min\u0151s\u00e9gi, \u00e9des \u00ednyencs\u00e9g, amely \u00e9lm\u00e9nny\u00e9 teszi a k\u00f6z\u00f6s pillanatokat.\" \/>\n<meta property=\"og:url\" content=\"https:\/\/scruton.hu\/en\/product\/scruton-vegyes-csokoladeba-martott-magvak\/\" \/>\n<meta property=\"og:site_name\" content=\"Scruton\" \/>\n<meta property=\"article:modified_time\" content=\"2025-10-27T15:44:32+00:00\" \/>\n<meta property=\"og:image\" content=\"https:\/\/scruton.hu\/wp-content\/uploads\/2025\/09\/websize-10.jpg\" \/>\n\t<meta property=\"og:image:width\" content=\"1024\" \/>\n\t<meta property=\"og:image:height\" content=\"683\" \/>\n\t<meta property=\"og:image:type\" content=\"image\/jpeg\" \/>\n<meta name=\"twitter:card\" content=\"summary_large_image\" \/>\n<meta name=\"twitter:label1\" content=\"Price\" \/>\n\t<meta name=\"twitter:data1\" content=\"1 690&nbsp;&#070;&#116;\" \/>\n\t<meta name=\"twitter:label2\" content=\"Availability\" \/>\n\t<meta name=\"twitter:data2\" content=\"In stock\" \/>\n<script type=\"application\/ld+json\" class=\"yoast-schema-graph\">{\"@context\":\"https:\\\/\\\/schema.org\",\"@graph\":[{\"@type\":\"WebPage\",\"@id\":\"https:\\\/\\\/scruton.hu\\\/termek\\\/scruton-vegyes-csokoladeba-martott-magvak\\\/\",\"url\":\"https:\\\/\\\/scruton.hu\\\/termek\\\/scruton-vegyes-csokoladeba-martott-magvak\\\/\",\"name\":\"Scruton csokis magvak \u2013 min\u0151s\u00e9gi \u00e9dess\u00e9g k\u00fcl\u00f6nleges pillanatokhoz\",\"isPartOf\":{\"@id\":\"https:\\\/\\\/scruton.hu\\\/#website\"},\"primaryImageOfPage\":{\"@id\":\"https:\\\/\\\/scruton.hu\\\/termek\\\/scruton-vegyes-csokoladeba-martott-magvak\\\/#primaryimage\"},\"image\":{\"@id\":\"https:\\\/\\\/scruton.hu\\\/termek\\\/scruton-vegyes-csokoladeba-martott-magvak\\\/#primaryimage\"},\"thumbnailUrl\":\"https:\\\/\\\/scruton.hu\\\/wp-content\\\/uploads\\\/2025\\\/09\\\/websize-10.jpg\",\"datePublished\":\"2025-04-25T08:12:17+00:00\",\"dateModified\":\"2025-10-27T15:44:32+00:00\",\"description\":\"Scruton csokis magvak \u2013 min\u0151s\u00e9gi, \u00e9des \u00ednyencs\u00e9g, amely \u00e9lm\u00e9nny\u00e9 teszi a k\u00f6z\u00f6s pillanatokat.\",\"breadcrumb\":{\"@id\":\"https:\\\/\\\/scruton.hu\\\/termek\\\/scruton-vegyes-csokoladeba-martott-magvak\\\/#breadcrumb\"},\"inLanguage\":\"en-GB\",\"potentialAction\":[{\"@type\":\"ReadAction\",\"target\":[\"https:\\\/\\\/scruton.hu\\\/termek\\\/scruton-vegyes-csokoladeba-martott-magvak\\\/\"]}]},{\"@type\":\"ImageObject\",\"inLanguage\":\"en-GB\",\"@id\":\"https:\\\/\\\/scruton.hu\\\/termek\\\/scruton-vegyes-csokoladeba-martott-magvak\\\/#primaryimage\",\"url\":\"https:\\\/\\\/scruton.hu\\\/wp-content\\\/uploads\\\/2025\\\/09\\\/websize-10.jpg\",\"contentUrl\":\"https:\\\/\\\/scruton.hu\\\/wp-content\\\/uploads\\\/2025\\\/09\\\/websize-10.jpg\",\"width\":1024,\"height\":683},{\"@type\":\"BreadcrumbList\",\"@id\":\"https:\\\/\\\/scruton.hu\\\/termek\\\/scruton-vegyes-csokoladeba-martott-magvak\\\/#breadcrumb\",\"itemListElement\":[{\"@type\":\"ListItem\",\"position\":1,\"name\":\"Kezd\u0151lap\",\"item\":\"https:\\\/\\\/scruton.hu\\\/\"},{\"@type\":\"ListItem\",\"position\":2,\"name\":\"Shop\",\"item\":\"https:\\\/\\\/scruton.hu\\\/en\\\/uzlet\\\/\"},{\"@type\":\"ListItem\",\"position\":3,\"name\":\"Scruton Csokis magvak\"}]},{\"@type\":\"WebSite\",\"@id\":\"https:\\\/\\\/scruton.hu\\\/#website\",\"url\":\"https:\\\/\\\/scruton.hu\\\/\",\"name\":\"Scruton\",\"description\":\"Az \u00e9rt\u00e9kteremt\u00e9s helye\",\"publisher\":{\"@id\":\"https:\\\/\\\/scruton.hu\\\/#organization\"},\"potentialAction\":[{\"@type\":\"SearchAction\",\"target\":{\"@type\":\"EntryPoint\",\"urlTemplate\":\"https:\\\/\\\/scruton.hu\\\/?s={search_term_string}\"},\"query-input\":{\"@type\":\"PropertyValueSpecification\",\"valueRequired\":true,\"valueName\":\"search_term_string\"}}],\"inLanguage\":\"en-GB\"},{\"@type\":\"Organization\",\"@id\":\"https:\\\/\\\/scruton.hu\\\/#organization\",\"name\":\"Scruton\",\"url\":\"https:\\\/\\\/scruton.hu\\\/\",\"logo\":{\"@type\":\"ImageObject\",\"inLanguage\":\"en-GB\",\"@id\":\"https:\\\/\\\/scruton.hu\\\/#\\\/schema\\\/logo\\\/image\\\/\",\"url\":\"https:\\\/\\\/scruton.hu\\\/wp-content\\\/uploads\\\/2025\\\/07\\\/scruton_feher.png\",\"contentUrl\":\"https:\\\/\\\/scruton.hu\\\/wp-content\\\/uploads\\\/2025\\\/07\\\/scruton_feher.png\",\"width\":500,\"height\":74,\"caption\":\"Scruton\"},\"image\":{\"@id\":\"https:\\\/\\\/scruton.hu\\\/#\\\/schema\\\/logo\\\/image\\\/\"}}]}<\/script>\n<meta property=\"product:price:amount\" content=\"1690\" \/>\n<meta property=\"product:price:currency\" content=\"HUF\" \/>\n<meta property=\"og:availability\" content=\"instock\" \/>\n<meta property=\"product:availability\" content=\"instock\" \/>\n<meta property=\"product:condition\" content=\"new\" \/>\n<!-- \/ Yoast SEO Premium plugin. -->","yoast_head_json":{"title":"Scruton csokis magvak \u2013 min\u0151s\u00e9gi \u00e9dess\u00e9g k\u00fcl\u00f6nleges pillanatokhoz","description":"Scruton csokis magvak \u2013 min\u0151s\u00e9gi, \u00e9des \u00ednyencs\u00e9g, amely \u00e9lm\u00e9nny\u00e9 teszi a k\u00f6z\u00f6s pillanatokat.","robots":{"index":"index","follow":"follow","max-snippet":"max-snippet:-1","max-image-preview":"max-image-preview:large","max-video-preview":"max-video-preview:-1"},"canonical":"https:\/\/scruton.hu\/en\/product\/scruton-vegyes-csokoladeba-martott-magvak\/","og_locale":"en_GB","og_type":"article","og_title":"Scruton Csokis magvak","og_description":"Scruton csokis magvak \u2013 min\u0151s\u00e9gi, \u00e9des \u00ednyencs\u00e9g, amely \u00e9lm\u00e9nny\u00e9 teszi a k\u00f6z\u00f6s pillanatokat.","og_url":"https:\/\/scruton.hu\/en\/product\/scruton-vegyes-csokoladeba-martott-magvak\/","og_site_name":"Scruton","article_modified_time":"2025-10-27T15:44:32+00:00","og_image":[{"width":1024,"height":683,"url":"https:\/\/scruton.hu\/wp-content\/uploads\/2025\/09\/websize-10.jpg","type":"image\/jpeg"}],"twitter_card":"summary_large_image","twitter_misc":{"Price":"1 690&nbsp;&#70;&#116;","Availability":"In stock"},"schema":{"@context":"https:\/\/schema.org","@graph":[{"@type":"WebPage","@id":"https:\/\/scruton.hu\/termek\/scruton-vegyes-csokoladeba-martott-magvak\/","url":"https:\/\/scruton.hu\/termek\/scruton-vegyes-csokoladeba-martott-magvak\/","name":"Scruton csokis magvak \u2013 min\u0151s\u00e9gi \u00e9dess\u00e9g k\u00fcl\u00f6nleges pillanatokhoz","isPartOf":{"@id":"https:\/\/scruton.hu\/#website"},"primaryImageOfPage":{"@id":"https:\/\/scruton.hu\/termek\/scruton-vegyes-csokoladeba-martott-magvak\/#primaryimage"},"image":{"@id":"https:\/\/scruton.hu\/termek\/scruton-vegyes-csokoladeba-martott-magvak\/#primaryimage"},"thumbnailUrl":"https:\/\/scruton.hu\/wp-content\/uploads\/2025\/09\/websize-10.jpg","datePublished":"2025-04-25T08:12:17+00:00","dateModified":"2025-10-27T15:44:32+00:00","description":"Scruton csokis magvak \u2013 min\u0151s\u00e9gi, \u00e9des \u00ednyencs\u00e9g, amely \u00e9lm\u00e9nny\u00e9 teszi a k\u00f6z\u00f6s pillanatokat.","breadcrumb":{"@id":"https:\/\/scruton.hu\/termek\/scruton-vegyes-csokoladeba-martott-magvak\/#breadcrumb"},"inLanguage":"en-GB","potentialAction":[{"@type":"ReadAction","target":["https:\/\/scruton.hu\/termek\/scruton-vegyes-csokoladeba-martott-magvak\/"]}]},{"@type":"ImageObject","inLanguage":"en-GB","@id":"https:\/\/scruton.hu\/termek\/scruton-vegyes-csokoladeba-martott-magvak\/#primaryimage","url":"https:\/\/scruton.hu\/wp-content\/uploads\/2025\/09\/websize-10.jpg","contentUrl":"https:\/\/scruton.hu\/wp-content\/uploads\/2025\/09\/websize-10.jpg","width":1024,"height":683},{"@type":"BreadcrumbList","@id":"https:\/\/scruton.hu\/termek\/scruton-vegyes-csokoladeba-martott-magvak\/#breadcrumb","itemListElement":[{"@type":"ListItem","position":1,"name":"Kezd\u0151lap","item":"https:\/\/scruton.hu\/"},{"@type":"ListItem","position":2,"name":"Shop","item":"https:\/\/scruton.hu\/en\/uzlet\/"},{"@type":"ListItem","position":3,"name":"Scruton Csokis magvak"}]},{"@type":"WebSite","@id":"https:\/\/scruton.hu\/#website","url":"https:\/\/scruton.hu\/","name":"Scruton","description":"The place of value creation","publisher":{"@id":"https:\/\/scruton.hu\/#organization"},"potentialAction":[{"@type":"SearchAction","target":{"@type":"EntryPoint","urlTemplate":"https:\/\/scruton.hu\/?s={search_term_string}"},"query-input":{"@type":"PropertyValueSpecification","valueRequired":true,"valueName":"search_term_string"}}],"inLanguage":"en-GB"},{"@type":"Organization","@id":"https:\/\/scruton.hu\/#organization","name":"Scruton","url":"https:\/\/scruton.hu\/","logo":{"@type":"ImageObject","inLanguage":"en-GB","@id":"https:\/\/scruton.hu\/#\/schema\/logo\/image\/","url":"https:\/\/scruton.hu\/wp-content\/uploads\/2025\/07\/scruton_feher.png","contentUrl":"https:\/\/scruton.hu\/wp-content\/uploads\/2025\/07\/scruton_feher.png","width":500,"height":74,"caption":"Scruton"},"image":{"@id":"https:\/\/scruton.hu\/#\/schema\/logo\/image\/"}}]},"product_price_amount":"1690","product_price_currency":"HUF","og_availability":"instock","product_availability":"instock","product_condition":"new"},"_links":{"self":[{"href":"https:\/\/scruton.hu\/en\/wp-json\/wp\/v2\/product\/2373","targetHints":{"allow":["GET"]}}],"collection":[{"href":"https:\/\/scruton.hu\/en\/wp-json\/wp\/v2\/product"}],"about":[{"href":"https:\/\/scruton.hu\/en\/wp-json\/wp\/v2\/types\/product"}],"replies":[{"embeddable":true,"href":"https:\/\/scruton.hu\/en\/wp-json\/wp\/v2\/comments?post=2373"}],"wp:featuredmedia":[{"embeddable":true,"href":"https:\/\/scruton.hu\/en\/wp-json\/wp\/v2\/media\/2374"}],"wp:attachment":[{"href":"https:\/\/scruton.hu\/en\/wp-json\/wp\/v2\/media?parent=2373"}],"wp:term":[{"taxonomy":"product_brand","embeddable":true,"href":"https:\/\/scruton.hu\/en\/wp-json\/wp\/v2\/product_brand?post=2373"},{"taxonomy":"product_cat","embeddable":true,"href":"https:\/\/scruton.hu\/en\/wp-json\/wp\/v2\/product_cat?post=2373"},{"taxonomy":"product_tag","embeddable":true,"href":"https:\/\/scruton.hu\/en\/wp-json\/wp\/v2\/product_tag?post=2373"}],"curies":[{"name":"wp","href":"https:\/\/api.w.org\/{rel}","templated":true}]}}