{"id":10776,"date":"2026-05-12T11:48:23","date_gmt":"2026-05-12T09:48:23","guid":{"rendered":"https:\/\/scruton.hu\/?post_type=product&#038;p=10776"},"modified":"2026-05-14T14:47:19","modified_gmt":"2026-05-14T12:47:19","slug":"a-szent-korona-es-az-aranybulla-a-magyar-alkotmanyos-karakter-gyokerei-horvath-attila-es-halasz-ivan","status":"publish","type":"product","link":"https:\/\/scruton.hu\/en\/termek\/a-szent-korona-es-az-aranybulla-a-magyar-alkotmanyos-karakter-gyokerei-horvath-attila-es-halasz-ivan\/","title":{"rendered":"A Szent Korona \u00e9s az Aranybulla: A magyar alkotm\u00e1nyos karakter gy\u00f6kerei &#8211; Horv\u00e1th Attila \u00e9s Hal\u00e1sz Iv\u00e1n"},"content":{"rendered":"<div class=\"x14z9mp xat24cr x1lziwak x1vvkbs xtlvy1s\"><span class=\"html-span xexx8yu xyri2b x18d9i69 x1c1uobl x1hl2dhg x16tdsg8 x1vvkbs x3nfvp2 x1j61x8r x1fcty0u xdj266r xat24cr xm2jcoa x1mpyi22 xxymvpz xlup9mm x1kky2od\"><img decoding=\"async\" class=\"xz74otr x15mokao x1ga7v0g x16uus16 xbiv7yw\" src=\"https:\/\/static.xx.fbcdn.net\/images\/emoji.php\/v9\/t6b\/2\/16\/1f4dd.png\" alt=\"\ud83d\udcdd\" width=\"16\" height=\"16\" \/><\/span> Hogyan \u00e9rtelmezhetj\u00fck t\u00f6bb mint nyolc \u00e9vsz\u00e1zad t\u00e1vlat\u00e1b\u00f3l az Aranybull\u00e1t, \u00e9s val\u00f3ban ez a dokumentum jelenti-e a modern magyar alkotm\u00e1nyoss\u00e1g alapk\u00f6v\u00e9t? Az 1222-ben kiadott oklev\u00e9l az uralkod\u00f3i \u00f6nk\u00e9nnyel szembeni nemesi \u00f6nrendelkez\u00e9s egyik legkor\u00e1bbi megnyilv\u00e1nul\u00e1sa volt, \u00e9s az \u00e9vsz\u00e1zadok sor\u00e1n m\u00e9ly identit\u00e1sk\u00e9pz\u0151 er\u0151v\u00e9 is alakult.<\/div>\n<div><\/div>\n<div class=\"x14z9mp xat24cr x1lziwak x1vvkbs xtlvy1s\"><span class=\"html-span xexx8yu xyri2b x18d9i69 x1c1uobl x1hl2dhg x16tdsg8 x1vvkbs x3nfvp2 x1j61x8r x1fcty0u xdj266r xat24cr xm2jcoa x1mpyi22 xxymvpz xlup9mm x1kky2od\"><img decoding=\"async\" class=\"xz74otr x15mokao x1ga7v0g x16uus16 xbiv7yw\" src=\"https:\/\/static.xx.fbcdn.net\/images\/emoji.php\/v9\/td\/2\/16\/1f4ac.png\" alt=\"\ud83d\udcac\" width=\"16\" height=\"16\" \/><\/span> A kerekasztal-besz\u00e9lget\u00e9s sor\u00e1n azonban t\u00fall\u00e9p\u00fcnk a hagyom\u00e1nyos jogt\u00f6rt\u00e9neti kereteken. Megvizsg\u00e1ljuk, hogy az Aranybulla \u00e9s a Szent Korona-tan val\u00f3ban egyfajta \u201el\u00e1thatatlan alkotm\u00e1nyk\u00e9nt\u201d biztos\u00edtott-e jogfolytonoss\u00e1got, vagy a modern alkotm\u00e1nyoss\u00e1g gy\u00f6kereit ink\u00e1bb a 18. sz\u00e1zad v\u00e9gi fordulatokhoz kell k\u00f6tn\u00fcnk.<\/div>\n<div><\/div>\n<div class=\"x14z9mp xat24cr x1lziwak x1vvkbs xtlvy1s\"><span class=\"html-span xexx8yu xyri2b x18d9i69 x1c1uobl x1hl2dhg x16tdsg8 x1vvkbs x3nfvp2 x1j61x8r x1fcty0u xdj266r xat24cr xm2jcoa x1mpyi22 xxymvpz xlup9mm x1kky2od\"><img decoding=\"async\" class=\"xz74otr x15mokao x1ga7v0g x16uus16 xbiv7yw\" src=\"https:\/\/static.xx.fbcdn.net\/images\/emoji.php\/v9\/t3d\/2\/16\/1f4d6.png\" alt=\"\ud83d\udcd6\" width=\"16\" height=\"16\" \/><\/span> A diskurzus keret\u00e9ben a magyar alkotm\u00e1nyos utat t\u00e1gabb k\u00f6z\u00e9p-eur\u00f3pai kontextusba helyezve vizsg\u00e1lj\u00e1k meg a r\u00e9gi\u00f3 \u00e1llamfejl\u0151d\u00e9si mint\u00e1it. A szak\u00e9rt\u0151k azt a k\u00e9rd\u00e9st megvitatj\u00e1k, hogy a hatalom korl\u00e1toz\u00e1s\u00e1nak k\u00f6z\u00e9pkori ig\u00e9nye mik\u00e9nt form\u00e1l\u00f3dott-e \u00e1t azz\u00e1 a modern int\u00e9zm\u00e9nyi kult\u00far\u00e1v\u00e1, amely ma is meghat\u00e1rozza a szuverenit\u00e1sr\u00f3l \u00e9s a jog\u00e1llamis\u00e1gr\u00f3l val\u00f3 gondolkod\u00e1sunkat. A besz\u00e9lget\u00e9s sor\u00e1n a kritikai l\u00e1t\u00e1sm\u00f3d \u00e9s a t\u00e1gabb \u00e1llamtudom\u00e1nyi \u00f6sszef\u00fcgg\u00e9sek kapnak hangs\u00falyt.<\/div>\n<div><\/div>\n<div class=\"x14z9mp xat24cr x1lziwak x1vvkbs xtlvy1s\"><strong>R\u00e9sztvev\u0151k:<\/strong><\/div>\n<ul>\n<li><strong>Dr. Horv\u00e1th Attila<\/strong> \u2013 alkotm\u00e1nyb\u00edr\u00f3<\/li>\n<li><strong>Dr. Hal\u00e1sz Iv\u00e1n<\/strong> \u2013 t\u00f6rt\u00e9n\u00e9sz, K\u00f6z\u00e9p-Eur\u00f3pa szak\u00e9rt\u0151<\/li>\n<\/ul>\n<div class=\"x14z9mp xat24cr x1lziwak x1vvkbs xtlvy1s\"><strong>Moder\u00e1tor:<\/strong><\/div>\n<ul>\n<li class=\"x14z9mp xat24cr x1lziwak x1vvkbs xtlvy1s\"><strong>Apor Attila,<\/strong> t\u00f6rt\u00e9n\u00e9sz<\/li>\n<\/ul>\n<div class=\"x14z9mp xat24cr x1lziwak x1vvkbs xtlvy1s\"><strong><span class=\"html-span xexx8yu xyri2b x18d9i69 x1c1uobl x1hl2dhg x16tdsg8 x1vvkbs x3nfvp2 x1j61x8r x1fcty0u xdj266r xat24cr xm2jcoa x1mpyi22 xxymvpz xlup9mm x1kky2od\"><img loading=\"lazy\" decoding=\"async\" class=\"xz74otr x15mokao x1ga7v0g x16uus16 xbiv7yw\" src=\"https:\/\/static.xx.fbcdn.net\/images\/emoji.php\/v9\/t1d\/2\/16\/1f4c5.png\" alt=\"\ud83d\udcc5\" width=\"16\" height=\"16\" \/><\/span>Id\u0151pont:<\/strong> 2026. m\u00e1jus 27., 18:00<br class=\"html-br\" \/><strong><span class=\"html-span xexx8yu xyri2b x18d9i69 x1c1uobl x1hl2dhg x16tdsg8 x1vvkbs x3nfvp2 x1j61x8r x1fcty0u xdj266r xat24cr xm2jcoa x1mpyi22 xxymvpz xlup9mm x1kky2od\"><img loading=\"lazy\" decoding=\"async\" class=\"xz74otr x15mokao x1ga7v0g x16uus16 xbiv7yw\" src=\"https:\/\/static.xx.fbcdn.net\/images\/emoji.php\/v9\/tcc\/2\/16\/1f4cd.png\" alt=\"\ud83d\udccd\" width=\"16\" height=\"16\" \/><\/span>Helysz\u00edn<\/strong>: Scruton Salon (1061 Budapest, Andr\u00e1ssy \u00fat 6., 3-as cseng\u0151, 1. emelet)<\/div>\n<div class=\"x14z9mp xat24cr x1lziwak x1vvkbs xtlvy1s\"><\/div>\n<div class=\"x14z9mp xat24cr x1lziwak x1vvkbs xtlvy1s\">\/\/ A rendezv\u00e9ny ingyenes, de a korl\u00e1tozott l\u00e9tsz\u00e1mra val\u00f3 tekintettel, k\u00e9rj\u00fck el\u0151zetesen regisztr\u00e1ljon! A helyek elfoglal\u00e1sa \u00e9rkez\u00e9si sorrendben t\u00f6rt\u00e9nik. Vend\u00e9geinket k\u00e9rj\u00fck, hogy programkezd\u00e9s el\u0151tt legk\u00e9s\u0151bb 10-15 perccel \u00e9rkezzenek meg!<br class=\"html-br\" \/>Rendezv\u00e9ny\u00fcnk\u00f6n k\u00e9p- \u00e9s hangfelv\u00e9tel k\u00e9sz\u00fclhet, melyet rekl\u00e1m \u00e9s dokument\u00e1ci\u00f3s c\u00e9lra is felhaszn\u00e1lhatunk!<br class=\"html-br\" \/>A felmer\u00fcl\u0151 k\u00e9rd\u00e9sekkel kapcsolatban, illetve ha esetleg m\u00e9gsem tud r\u00e9szt venni az esem\u00e9nyen, k\u00e9rj\u00fck \u00edrjon a scrutonhub@scruton.hu e-mail c\u00edmre! \/\/<\/div>","protected":false},"excerpt":{"rendered":"<p>Hogyan \u00e9rtelmezhetj\u00fck t\u00f6bb mint nyolc \u00e9vsz\u00e1zad t\u00e1vlat\u00e1b\u00f3l az Aranybull\u00e1t, \u00e9s val\u00f3ban ez a dokumentum jelenti-e a modern magyar alkotm\u00e1nyoss\u00e1g alapk\u00f6v\u00e9t? Az 1222-ben kiadott oklev\u00e9l az uralkod\u00f3i \u00f6nk\u00e9nnyel szembeni nemesi \u00f6nrendelkez\u00e9s egyik legkor\u00e1bbi megnyilv\u00e1nul\u00e1sa volt, \u00e9s az \u00e9vsz\u00e1zadok sor\u00e1n m\u00e9ly identit\u00e1sk\u00e9pz\u0151 er\u0151v\u00e9 is alakult. A kerekasztal-besz\u00e9lget\u00e9s sor\u00e1n azonban t\u00fall\u00e9p\u00fcnk a hagyom\u00e1nyos jogt\u00f6rt\u00e9neti kereteken. Megvizsg\u00e1ljuk, hogy az [&hellip;]<\/p>\n","protected":false},"featured_media":10777,"comment_status":"open","ping_status":"closed","template":"","meta":{"_acf_changed":false},"product_brand":[],"product_cat":[94,111],"product_tag":[],"class_list":{"0":"post-10776","1":"product","2":"type-product","3":"status-publish","4":"has-post-thumbnail","6":"product_cat-esemeny","7":"product_cat-scruton-salon","9":"first","10":"instock","11":"downloadable","12":"virtual","13":"purchasable","14":"product-type-simple"},"acf":[],"yoast_head":"<!-- This site is optimized with the Yoast SEO Premium plugin v27.5 (Yoast SEO v27.5) - https:\/\/yoast.com\/product\/yoast-seo-premium-wordpress\/ -->\n<title>A Szent Korona \u00e9s az Aranybulla: A magyar alkotm\u00e1nyos karakter gy\u00f6kerei - Horv\u00e1th Attila \u00e9s Hal\u00e1sz Iv\u00e1n - Scruton<\/title>\n<meta name=\"robots\" content=\"index, follow, max-snippet:-1, max-image-preview:large, max-video-preview:-1\" \/>\n<link rel=\"canonical\" href=\"https:\/\/scruton.hu\/en\/product\/a-szent-korona-es-az-aranybulla-a-magyar-alkotmanyos-karakter-gyokerei-horvath-attila-es-halasz-ivan\/\" \/>\n<meta property=\"og:locale\" content=\"en_GB\" \/>\n<meta property=\"og:type\" content=\"article\" \/>\n<meta property=\"og:title\" content=\"A Szent Korona \u00e9s az Aranybulla: A magyar alkotm\u00e1nyos karakter gy\u00f6kerei - Horv\u00e1th Attila \u00e9s Hal\u00e1sz Iv\u00e1n\" \/>\n<meta property=\"og:description\" content=\"Hogyan \u00e9rtelmezhetj\u00fck t\u00f6bb mint nyolc \u00e9vsz\u00e1zad t\u00e1vlat\u00e1b\u00f3l az Aranybull\u00e1t, \u00e9s val\u00f3ban ez a dokumentum jelenti-e a modern magyar alkotm\u00e1nyoss\u00e1g alapk\u00f6v\u00e9t? Az 1222-ben kiadott oklev\u00e9l az uralkod\u00f3i \u00f6nk\u00e9nnyel szembeni nemesi \u00f6nrendelkez\u00e9s egyik legkor\u00e1bbi megnyilv\u00e1nul\u00e1sa volt, \u00e9s az \u00e9vsz\u00e1zadok sor\u00e1n m\u00e9ly identit\u00e1sk\u00e9pz\u0151 er\u0151v\u00e9 is alakult. A kerekasztal-besz\u00e9lget\u00e9s sor\u00e1n azonban t\u00fall\u00e9p\u00fcnk a hagyom\u00e1nyos jogt\u00f6rt\u00e9neti kereteken. Megvizsg\u00e1ljuk, hogy az [&hellip;]\" \/>\n<meta property=\"og:url\" content=\"https:\/\/scruton.hu\/en\/product\/a-szent-korona-es-az-aranybulla-a-magyar-alkotmanyos-karakter-gyokerei-horvath-attila-es-halasz-ivan\/\" \/>\n<meta property=\"og:site_name\" content=\"Scruton\" \/>\n<meta property=\"article:modified_time\" content=\"2026-05-14T12:47:19+00:00\" \/>\n<meta property=\"og:image\" content=\"http:\/\/scruton.hu\/wp-content\/uploads\/2026\/05\/695838710_851498591334876_2498572828089330552_n.jpg\" \/>\n\t<meta property=\"og:image:width\" content=\"1920\" \/>\n\t<meta property=\"og:image:height\" content=\"1005\" \/>\n\t<meta property=\"og:image:type\" content=\"image\/jpeg\" \/>\n<meta name=\"twitter:card\" content=\"summary_large_image\" \/>\n<meta name=\"twitter:label1\" content=\"Price\" \/>\n\t<meta name=\"twitter:data1\" content=\"0&nbsp;&#070;&#116;\" \/>\n\t<meta name=\"twitter:label2\" content=\"Availability\" \/>\n\t<meta name=\"twitter:data2\" content=\"In stock\" \/>\n<script type=\"application\/ld+json\" class=\"yoast-schema-graph\">{\"@context\":\"https:\\\/\\\/schema.org\",\"@graph\":[{\"@type\":\"WebPage\",\"@id\":\"https:\\\/\\\/scruton.hu\\\/termek\\\/a-szent-korona-es-az-aranybulla-a-magyar-alkotmanyos-karakter-gyokerei-horvath-attila-es-halasz-ivan\\\/\",\"url\":\"https:\\\/\\\/scruton.hu\\\/termek\\\/a-szent-korona-es-az-aranybulla-a-magyar-alkotmanyos-karakter-gyokerei-horvath-attila-es-halasz-ivan\\\/\",\"name\":\"A Szent Korona \u00e9s az Aranybulla: A magyar alkotm\u00e1nyos karakter gy\u00f6kerei - Horv\u00e1th Attila \u00e9s Hal\u00e1sz Iv\u00e1n - Scruton\",\"isPartOf\":{\"@id\":\"https:\\\/\\\/scruton.hu\\\/#website\"},\"primaryImageOfPage\":{\"@id\":\"https:\\\/\\\/scruton.hu\\\/termek\\\/a-szent-korona-es-az-aranybulla-a-magyar-alkotmanyos-karakter-gyokerei-horvath-attila-es-halasz-ivan\\\/#primaryimage\"},\"image\":{\"@id\":\"https:\\\/\\\/scruton.hu\\\/termek\\\/a-szent-korona-es-az-aranybulla-a-magyar-alkotmanyos-karakter-gyokerei-horvath-attila-es-halasz-ivan\\\/#primaryimage\"},\"thumbnailUrl\":\"https:\\\/\\\/scruton.hu\\\/wp-content\\\/uploads\\\/2026\\\/05\\\/695838710_851498591334876_2498572828089330552_n.jpg\",\"datePublished\":\"2026-05-12T09:48:23+00:00\",\"dateModified\":\"2026-05-14T12:47:19+00:00\",\"breadcrumb\":{\"@id\":\"https:\\\/\\\/scruton.hu\\\/termek\\\/a-szent-korona-es-az-aranybulla-a-magyar-alkotmanyos-karakter-gyokerei-horvath-attila-es-halasz-ivan\\\/#breadcrumb\"},\"inLanguage\":\"en-GB\",\"potentialAction\":[{\"@type\":\"ReadAction\",\"target\":[\"https:\\\/\\\/scruton.hu\\\/termek\\\/a-szent-korona-es-az-aranybulla-a-magyar-alkotmanyos-karakter-gyokerei-horvath-attila-es-halasz-ivan\\\/\"]}]},{\"@type\":\"ImageObject\",\"inLanguage\":\"en-GB\",\"@id\":\"https:\\\/\\\/scruton.hu\\\/termek\\\/a-szent-korona-es-az-aranybulla-a-magyar-alkotmanyos-karakter-gyokerei-horvath-attila-es-halasz-ivan\\\/#primaryimage\",\"url\":\"https:\\\/\\\/scruton.hu\\\/wp-content\\\/uploads\\\/2026\\\/05\\\/695838710_851498591334876_2498572828089330552_n.jpg\",\"contentUrl\":\"https:\\\/\\\/scruton.hu\\\/wp-content\\\/uploads\\\/2026\\\/05\\\/695838710_851498591334876_2498572828089330552_n.jpg\",\"width\":1920,\"height\":1005},{\"@type\":\"BreadcrumbList\",\"@id\":\"https:\\\/\\\/scruton.hu\\\/termek\\\/a-szent-korona-es-az-aranybulla-a-magyar-alkotmanyos-karakter-gyokerei-horvath-attila-es-halasz-ivan\\\/#breadcrumb\",\"itemListElement\":[{\"@type\":\"ListItem\",\"position\":1,\"name\":\"Kezd\u0151lap\",\"item\":\"https:\\\/\\\/scruton.hu\\\/\"},{\"@type\":\"ListItem\",\"position\":2,\"name\":\"Shop\",\"item\":\"https:\\\/\\\/scruton.hu\\\/en\\\/uzlet\\\/\"},{\"@type\":\"ListItem\",\"position\":3,\"name\":\"A Szent Korona \u00e9s az Aranybulla: A magyar alkotm\u00e1nyos karakter gy\u00f6kerei &#8211; Horv\u00e1th Attila \u00e9s Hal\u00e1sz Iv\u00e1n\"}]},{\"@type\":\"WebSite\",\"@id\":\"https:\\\/\\\/scruton.hu\\\/#website\",\"url\":\"https:\\\/\\\/scruton.hu\\\/\",\"name\":\"Scruton\",\"description\":\"Az \u00e9rt\u00e9kteremt\u00e9s helye\",\"publisher\":{\"@id\":\"https:\\\/\\\/scruton.hu\\\/#organization\"},\"potentialAction\":[{\"@type\":\"SearchAction\",\"target\":{\"@type\":\"EntryPoint\",\"urlTemplate\":\"https:\\\/\\\/scruton.hu\\\/?s={search_term_string}\"},\"query-input\":{\"@type\":\"PropertyValueSpecification\",\"valueRequired\":true,\"valueName\":\"search_term_string\"}}],\"inLanguage\":\"en-GB\"},{\"@type\":\"Organization\",\"@id\":\"https:\\\/\\\/scruton.hu\\\/#organization\",\"name\":\"Scruton\",\"url\":\"https:\\\/\\\/scruton.hu\\\/\",\"logo\":{\"@type\":\"ImageObject\",\"inLanguage\":\"en-GB\",\"@id\":\"https:\\\/\\\/scruton.hu\\\/#\\\/schema\\\/logo\\\/image\\\/\",\"url\":\"https:\\\/\\\/scruton.hu\\\/wp-content\\\/uploads\\\/2025\\\/07\\\/scruton_feher.png\",\"contentUrl\":\"https:\\\/\\\/scruton.hu\\\/wp-content\\\/uploads\\\/2025\\\/07\\\/scruton_feher.png\",\"width\":500,\"height\":74,\"caption\":\"Scruton\"},\"image\":{\"@id\":\"https:\\\/\\\/scruton.hu\\\/#\\\/schema\\\/logo\\\/image\\\/\"}}]}<\/script>\n<meta property=\"product:price:amount\" content=\"0\" \/>\n<meta property=\"product:price:currency\" content=\"HUF\" \/>\n<meta property=\"og:availability\" content=\"instock\" \/>\n<meta property=\"product:availability\" content=\"instock\" \/>\n<meta property=\"product:condition\" content=\"new\" \/>\n<!-- \/ Yoast SEO Premium plugin. -->","yoast_head_json":{"title":"A Szent Korona \u00e9s az Aranybulla: A magyar alkotm\u00e1nyos karakter gy\u00f6kerei - Horv\u00e1th Attila \u00e9s Hal\u00e1sz Iv\u00e1n - Scruton","robots":{"index":"index","follow":"follow","max-snippet":"max-snippet:-1","max-image-preview":"max-image-preview:large","max-video-preview":"max-video-preview:-1"},"canonical":"https:\/\/scruton.hu\/en\/product\/a-szent-korona-es-az-aranybulla-a-magyar-alkotmanyos-karakter-gyokerei-horvath-attila-es-halasz-ivan\/","og_locale":"en_GB","og_type":"article","og_title":"A Szent Korona \u00e9s az Aranybulla: A magyar alkotm\u00e1nyos karakter gy\u00f6kerei - Horv\u00e1th Attila \u00e9s Hal\u00e1sz Iv\u00e1n","og_description":"Hogyan \u00e9rtelmezhetj\u00fck t\u00f6bb mint nyolc \u00e9vsz\u00e1zad t\u00e1vlat\u00e1b\u00f3l az Aranybull\u00e1t, \u00e9s val\u00f3ban ez a dokumentum jelenti-e a modern magyar alkotm\u00e1nyoss\u00e1g alapk\u00f6v\u00e9t? Az 1222-ben kiadott oklev\u00e9l az uralkod\u00f3i \u00f6nk\u00e9nnyel szembeni nemesi \u00f6nrendelkez\u00e9s egyik legkor\u00e1bbi megnyilv\u00e1nul\u00e1sa volt, \u00e9s az \u00e9vsz\u00e1zadok sor\u00e1n m\u00e9ly identit\u00e1sk\u00e9pz\u0151 er\u0151v\u00e9 is alakult. A kerekasztal-besz\u00e9lget\u00e9s sor\u00e1n azonban t\u00fall\u00e9p\u00fcnk a hagyom\u00e1nyos jogt\u00f6rt\u00e9neti kereteken. Megvizsg\u00e1ljuk, hogy az [&hellip;]","og_url":"https:\/\/scruton.hu\/en\/product\/a-szent-korona-es-az-aranybulla-a-magyar-alkotmanyos-karakter-gyokerei-horvath-attila-es-halasz-ivan\/","og_site_name":"Scruton","article_modified_time":"2026-05-14T12:47:19+00:00","og_image":[{"width":1920,"height":1005,"url":"http:\/\/scruton.hu\/wp-content\/uploads\/2026\/05\/695838710_851498591334876_2498572828089330552_n.jpg","type":"image\/jpeg"}],"twitter_card":"summary_large_image","twitter_misc":{"Price":"0&nbsp;&#70;&#116;","Availability":"In stock"},"schema":{"@context":"https:\/\/schema.org","@graph":[{"@type":"WebPage","@id":"https:\/\/scruton.hu\/termek\/a-szent-korona-es-az-aranybulla-a-magyar-alkotmanyos-karakter-gyokerei-horvath-attila-es-halasz-ivan\/","url":"https:\/\/scruton.hu\/termek\/a-szent-korona-es-az-aranybulla-a-magyar-alkotmanyos-karakter-gyokerei-horvath-attila-es-halasz-ivan\/","name":"A Szent Korona \u00e9s az Aranybulla: A magyar alkotm\u00e1nyos karakter gy\u00f6kerei - Horv\u00e1th Attila \u00e9s Hal\u00e1sz Iv\u00e1n - Scruton","isPartOf":{"@id":"https:\/\/scruton.hu\/#website"},"primaryImageOfPage":{"@id":"https:\/\/scruton.hu\/termek\/a-szent-korona-es-az-aranybulla-a-magyar-alkotmanyos-karakter-gyokerei-horvath-attila-es-halasz-ivan\/#primaryimage"},"image":{"@id":"https:\/\/scruton.hu\/termek\/a-szent-korona-es-az-aranybulla-a-magyar-alkotmanyos-karakter-gyokerei-horvath-attila-es-halasz-ivan\/#primaryimage"},"thumbnailUrl":"https:\/\/scruton.hu\/wp-content\/uploads\/2026\/05\/695838710_851498591334876_2498572828089330552_n.jpg","datePublished":"2026-05-12T09:48:23+00:00","dateModified":"2026-05-14T12:47:19+00:00","breadcrumb":{"@id":"https:\/\/scruton.hu\/termek\/a-szent-korona-es-az-aranybulla-a-magyar-alkotmanyos-karakter-gyokerei-horvath-attila-es-halasz-ivan\/#breadcrumb"},"inLanguage":"en-GB","potentialAction":[{"@type":"ReadAction","target":["https:\/\/scruton.hu\/termek\/a-szent-korona-es-az-aranybulla-a-magyar-alkotmanyos-karakter-gyokerei-horvath-attila-es-halasz-ivan\/"]}]},{"@type":"ImageObject","inLanguage":"en-GB","@id":"https:\/\/scruton.hu\/termek\/a-szent-korona-es-az-aranybulla-a-magyar-alkotmanyos-karakter-gyokerei-horvath-attila-es-halasz-ivan\/#primaryimage","url":"https:\/\/scruton.hu\/wp-content\/uploads\/2026\/05\/695838710_851498591334876_2498572828089330552_n.jpg","contentUrl":"https:\/\/scruton.hu\/wp-content\/uploads\/2026\/05\/695838710_851498591334876_2498572828089330552_n.jpg","width":1920,"height":1005},{"@type":"BreadcrumbList","@id":"https:\/\/scruton.hu\/termek\/a-szent-korona-es-az-aranybulla-a-magyar-alkotmanyos-karakter-gyokerei-horvath-attila-es-halasz-ivan\/#breadcrumb","itemListElement":[{"@type":"ListItem","position":1,"name":"Kezd\u0151lap","item":"https:\/\/scruton.hu\/"},{"@type":"ListItem","position":2,"name":"Shop","item":"https:\/\/scruton.hu\/en\/uzlet\/"},{"@type":"ListItem","position":3,"name":"A Szent Korona \u00e9s az Aranybulla: A magyar alkotm\u00e1nyos karakter gy\u00f6kerei &#8211; Horv\u00e1th Attila \u00e9s Hal\u00e1sz Iv\u00e1n"}]},{"@type":"WebSite","@id":"https:\/\/scruton.hu\/#website","url":"https:\/\/scruton.hu\/","name":"Scruton","description":"The place of value creation","publisher":{"@id":"https:\/\/scruton.hu\/#organization"},"potentialAction":[{"@type":"SearchAction","target":{"@type":"EntryPoint","urlTemplate":"https:\/\/scruton.hu\/?s={search_term_string}"},"query-input":{"@type":"PropertyValueSpecification","valueRequired":true,"valueName":"search_term_string"}}],"inLanguage":"en-GB"},{"@type":"Organization","@id":"https:\/\/scruton.hu\/#organization","name":"Scruton","url":"https:\/\/scruton.hu\/","logo":{"@type":"ImageObject","inLanguage":"en-GB","@id":"https:\/\/scruton.hu\/#\/schema\/logo\/image\/","url":"https:\/\/scruton.hu\/wp-content\/uploads\/2025\/07\/scruton_feher.png","contentUrl":"https:\/\/scruton.hu\/wp-content\/uploads\/2025\/07\/scruton_feher.png","width":500,"height":74,"caption":"Scruton"},"image":{"@id":"https:\/\/scruton.hu\/#\/schema\/logo\/image\/"}}]},"product_price_currency":"HUF","og_availability":"instock","product_availability":"instock","product_condition":"new"},"_links":{"self":[{"href":"https:\/\/scruton.hu\/en\/wp-json\/wp\/v2\/product\/10776","targetHints":{"allow":["GET"]}}],"collection":[{"href":"https:\/\/scruton.hu\/en\/wp-json\/wp\/v2\/product"}],"about":[{"href":"https:\/\/scruton.hu\/en\/wp-json\/wp\/v2\/types\/product"}],"replies":[{"embeddable":true,"href":"https:\/\/scruton.hu\/en\/wp-json\/wp\/v2\/comments?post=10776"}],"wp:featuredmedia":[{"embeddable":true,"href":"https:\/\/scruton.hu\/en\/wp-json\/wp\/v2\/media\/10777"}],"wp:attachment":[{"href":"https:\/\/scruton.hu\/en\/wp-json\/wp\/v2\/media?parent=10776"}],"wp:term":[{"taxonomy":"product_brand","embeddable":true,"href":"https:\/\/scruton.hu\/en\/wp-json\/wp\/v2\/product_brand?post=10776"},{"taxonomy":"product_cat","embeddable":true,"href":"https:\/\/scruton.hu\/en\/wp-json\/wp\/v2\/product_cat?post=10776"},{"taxonomy":"product_tag","embeddable":true,"href":"https:\/\/scruton.hu\/en\/wp-json\/wp\/v2\/product_tag?post=10776"}],"curies":[{"name":"wp","href":"https:\/\/api.w.org\/{rel}","templated":true}]}}