{"id":10645,"date":"2026-05-07T12:03:32","date_gmt":"2026-05-07T10:03:32","guid":{"rendered":"https:\/\/scruton.hu\/?post_type=product&#038;p=10645"},"modified":"2026-05-14T00:34:59","modified_gmt":"2026-05-13T22:34:59","slug":"idokapszula-csernobil-40-2","status":"publish","type":"product","link":"https:\/\/scruton.hu\/en\/termek\/idokapszula-csernobil-40-2\/","title":{"rendered":"Id\u0151kapszula: Csernobil 40"},"content":{"rendered":"<blockquote><p><em><strong>Csernobil 40 \u2013 A hazugs\u00e1g \u00e1ra<\/strong><\/em><\/p><\/blockquote>\n<p>Egy robban\u00e1s. Egy rendszer. \u00c9s egy hazugs\u00e1g, amelynek \u00e1ra gener\u00e1ci\u00f3kon \u00e1t\u00edvel.<\/p>\n<p>1986. \u00e1prilis 26-\u00e1n \u00e9jszaka nemcsak egy atomreaktor robbant fel, hanem a szovjet rendszer hiteless\u00e9ge is. A csend, a k\u00e9sleked\u00e9s \u00e9s a titkol\u00f3z\u00e1s nemcsak a katasztr\u00f3fa k\u00f6vetkezm\u00e9nyeit s\u00falyosb\u00edtotta, hanem r\u00e1vil\u00e1g\u00edtott arra is, hogyan m\u0171k\u00f6dik egy hatalom, amely elhallgatja a val\u00f3s\u00e1got.<\/p>\n<p>Negyven \u00e9vvel k\u00e9s\u0151bb m\u00e1r nemcsak a sug\u00e1rz\u00e1s hat\u00e1sair\u00f3l besz\u00e9l\u00fcnk, hanem arr\u00f3l is, hogyan torz\u00edtotta a hatalom a t\u00e9nyeket, milyen d\u00f6nt\u00e9sek sz\u00fclettek a h\u00e1tt\u00e9rben, \u00e9s hogyan reag\u00e1lt minderre a t\u00e1rsadalom.<br \/>\nMit tudtak? \u00c9s mi\u00e9rt nem mondt\u00e1k el?<\/p>\n<p>A katasztr\u00f3f\u00e1r\u00f3l \u00e9s k\u00f6vetkezm\u00e9nyeir\u0151l besz\u00e9lget\u00fcnk <strong><em>Prof. Dr. Asz\u00f3di Attil\u00e1val<\/em><\/strong>, a BME Nukle\u00e1ris Technikai Int\u00e9zet\u00e9nek egyetemi tan\u00e1r\u00e1val. Az esem\u00e9ny moder\u00e1tora:<em><strong> Apor Attila<\/strong><\/em><\/p>\n<p><strong>Date<\/strong>: 2026. m\u00e1jus 20. (szerda) 18:00<br \/>\n<strong>Helysz\u00edn<\/strong>: 9021 Gy\u0151r, Apor Vilmos p\u00fcsp\u00f6k tere 3. &#8211;<em> Scruton GY\u0150R<\/em><\/p>\n<p><em>A rendezv\u00e9ny ingyenes, de a korl\u00e1tozott l\u00e9tsz\u00e1mra val\u00f3 tekintettel, k\u00e9rj\u00fck el\u0151zetesen regisztr\u00e1ljon!<\/em><br \/>\n<em>Vend\u00e9geinket k\u00e9rj\u00fck, hogy programkezd\u00e9s el\u0151tt legk\u00e9s\u0151bb 10-15 perccel \u00e9rkezzenek meg! A helyek elfoglal\u00e1sa \u00e9rkez\u00e9si sorrendben t\u00f6rt\u00e9nik.<\/em><br \/>\n<em>Rendezv\u00e9ny\u00fcnk\u00f6n k\u00e9p \u00e9s hangfelv\u00e9tel k\u00e9sz\u00fclhet, melyet rekl\u00e1m- \u00e9s dokument\u00e1ci\u00f3s c\u00e9lra is felhaszn\u00e1lhatunk!<\/em><br \/>\n<em>A felmer\u00fcl\u0151 k\u00e9rd\u00e9sekkel kapcsolatban, illetve ha esetleg m\u00e9gsem tud r\u00e9szt venni az esem\u00e9nyen, k\u00e9rj\u00fck \u00edrjon a <a href=\"mailto:program@scruton.hu\">program@scruton.hu<\/a> e-mail c\u00edmre!<\/em><\/p>","protected":false},"excerpt":{"rendered":"<p>Csernobil 40 \u2013 A hazugs\u00e1g \u00e1ra Egy robban\u00e1s. Egy rendszer. \u00c9s egy hazugs\u00e1g, amelynek \u00e1ra gener\u00e1ci\u00f3kon \u00e1t\u00edvel. 1986. \u00e1prilis 26-\u00e1n \u00e9jszaka nemcsak egy atomreaktor robbant fel, hanem a szovjet rendszer hiteless\u00e9ge is. A csend, a k\u00e9sleked\u00e9s \u00e9s a titkol\u00f3z\u00e1s nemcsak a katasztr\u00f3fa k\u00f6vetkezm\u00e9nyeit s\u00falyosb\u00edtotta, hanem r\u00e1vil\u00e1g\u00edtott arra is, hogyan m\u0171k\u00f6dik egy hatalom, amely elhallgatja a [&hellip;]<\/p>\n","protected":false},"featured_media":10646,"comment_status":"open","ping_status":"closed","template":"","meta":{"_acf_changed":false},"product_brand":[],"product_cat":[94,105],"product_tag":[],"class_list":{"0":"post-10645","1":"product","2":"type-product","3":"status-publish","4":"has-post-thumbnail","6":"product_cat-esemeny","7":"product_cat-scruton-gyor","9":"first","10":"instock","11":"downloadable","12":"virtual","13":"purchasable","14":"product-type-simple"},"acf":[],"yoast_head":"<!-- This site is optimized with the Yoast SEO Premium plugin v27.5 (Yoast SEO v27.5) - https:\/\/yoast.com\/product\/yoast-seo-premium-wordpress\/ -->\n<title>Id\u0151kapszula: Csernobil 40 - Scruton<\/title>\n<meta name=\"robots\" content=\"index, follow, max-snippet:-1, max-image-preview:large, max-video-preview:-1\" \/>\n<link rel=\"canonical\" href=\"https:\/\/scruton.hu\/en\/product\/idokapszula-csernobil-40-2\/\" \/>\n<meta property=\"og:locale\" content=\"en_GB\" \/>\n<meta property=\"og:type\" content=\"article\" \/>\n<meta property=\"og:title\" content=\"Id\u0151kapszula: Csernobil 40\" \/>\n<meta property=\"og:description\" content=\"Csernobil 40 \u2013 A hazugs\u00e1g \u00e1ra Egy robban\u00e1s. Egy rendszer. \u00c9s egy hazugs\u00e1g, amelynek \u00e1ra gener\u00e1ci\u00f3kon \u00e1t\u00edvel. 1986. \u00e1prilis 26-\u00e1n \u00e9jszaka nemcsak egy atomreaktor robbant fel, hanem a szovjet rendszer hiteless\u00e9ge is. A csend, a k\u00e9sleked\u00e9s \u00e9s a titkol\u00f3z\u00e1s nemcsak a katasztr\u00f3fa k\u00f6vetkezm\u00e9nyeit s\u00falyosb\u00edtotta, hanem r\u00e1vil\u00e1g\u00edtott arra is, hogyan m\u0171k\u00f6dik egy hatalom, amely elhallgatja a [&hellip;]\" \/>\n<meta property=\"og:url\" content=\"https:\/\/scruton.hu\/en\/product\/idokapszula-csernobil-40-2\/\" \/>\n<meta property=\"og:site_name\" content=\"Scruton\" \/>\n<meta property=\"article:modified_time\" content=\"2026-05-13T22:34:59+00:00\" \/>\n<meta property=\"og:image\" content=\"http:\/\/scruton.hu\/wp-content\/uploads\/2026\/05\/05.20.-fo-Idokapszula-Gyor.jpg\" \/>\n\t<meta property=\"og:image:width\" content=\"1920\" \/>\n\t<meta property=\"og:image:height\" content=\"1080\" \/>\n\t<meta property=\"og:image:type\" content=\"image\/jpeg\" \/>\n<meta name=\"twitter:card\" content=\"summary_large_image\" \/>\n<meta name=\"twitter:label1\" content=\"Price\" \/>\n\t<meta name=\"twitter:data1\" content=\"0&nbsp;&#070;&#116;\" \/>\n\t<meta name=\"twitter:label2\" content=\"Availability\" \/>\n\t<meta name=\"twitter:data2\" content=\"In stock\" \/>\n<script type=\"application\/ld+json\" class=\"yoast-schema-graph\">{\"@context\":\"https:\\\/\\\/schema.org\",\"@graph\":[{\"@type\":\"WebPage\",\"@id\":\"https:\\\/\\\/scruton.hu\\\/termek\\\/idokapszula-csernobil-40-2\\\/\",\"url\":\"https:\\\/\\\/scruton.hu\\\/termek\\\/idokapszula-csernobil-40-2\\\/\",\"name\":\"Id\u0151kapszula: Csernobil 40 - Scruton\",\"isPartOf\":{\"@id\":\"https:\\\/\\\/scruton.hu\\\/#website\"},\"primaryImageOfPage\":{\"@id\":\"https:\\\/\\\/scruton.hu\\\/termek\\\/idokapszula-csernobil-40-2\\\/#primaryimage\"},\"image\":{\"@id\":\"https:\\\/\\\/scruton.hu\\\/termek\\\/idokapszula-csernobil-40-2\\\/#primaryimage\"},\"thumbnailUrl\":\"https:\\\/\\\/scruton.hu\\\/wp-content\\\/uploads\\\/2026\\\/05\\\/05.20.-fo-Idokapszula-Gyor.jpg\",\"datePublished\":\"2026-05-07T10:03:32+00:00\",\"dateModified\":\"2026-05-13T22:34:59+00:00\",\"breadcrumb\":{\"@id\":\"https:\\\/\\\/scruton.hu\\\/termek\\\/idokapszula-csernobil-40-2\\\/#breadcrumb\"},\"inLanguage\":\"en-GB\",\"potentialAction\":[{\"@type\":\"ReadAction\",\"target\":[\"https:\\\/\\\/scruton.hu\\\/termek\\\/idokapszula-csernobil-40-2\\\/\"]}]},{\"@type\":\"ImageObject\",\"inLanguage\":\"en-GB\",\"@id\":\"https:\\\/\\\/scruton.hu\\\/termek\\\/idokapszula-csernobil-40-2\\\/#primaryimage\",\"url\":\"https:\\\/\\\/scruton.hu\\\/wp-content\\\/uploads\\\/2026\\\/05\\\/05.20.-fo-Idokapszula-Gyor.jpg\",\"contentUrl\":\"https:\\\/\\\/scruton.hu\\\/wp-content\\\/uploads\\\/2026\\\/05\\\/05.20.-fo-Idokapszula-Gyor.jpg\",\"width\":1920,\"height\":1080},{\"@type\":\"BreadcrumbList\",\"@id\":\"https:\\\/\\\/scruton.hu\\\/termek\\\/idokapszula-csernobil-40-2\\\/#breadcrumb\",\"itemListElement\":[{\"@type\":\"ListItem\",\"position\":1,\"name\":\"Kezd\u0151lap\",\"item\":\"https:\\\/\\\/scruton.hu\\\/\"},{\"@type\":\"ListItem\",\"position\":2,\"name\":\"Shop\",\"item\":\"https:\\\/\\\/scruton.hu\\\/en\\\/uzlet\\\/\"},{\"@type\":\"ListItem\",\"position\":3,\"name\":\"Id\u0151kapszula: Csernobil 40\"}]},{\"@type\":\"WebSite\",\"@id\":\"https:\\\/\\\/scruton.hu\\\/#website\",\"url\":\"https:\\\/\\\/scruton.hu\\\/\",\"name\":\"Scruton\",\"description\":\"Az \u00e9rt\u00e9kteremt\u00e9s helye\",\"publisher\":{\"@id\":\"https:\\\/\\\/scruton.hu\\\/#organization\"},\"potentialAction\":[{\"@type\":\"SearchAction\",\"target\":{\"@type\":\"EntryPoint\",\"urlTemplate\":\"https:\\\/\\\/scruton.hu\\\/?s={search_term_string}\"},\"query-input\":{\"@type\":\"PropertyValueSpecification\",\"valueRequired\":true,\"valueName\":\"search_term_string\"}}],\"inLanguage\":\"en-GB\"},{\"@type\":\"Organization\",\"@id\":\"https:\\\/\\\/scruton.hu\\\/#organization\",\"name\":\"Scruton\",\"url\":\"https:\\\/\\\/scruton.hu\\\/\",\"logo\":{\"@type\":\"ImageObject\",\"inLanguage\":\"en-GB\",\"@id\":\"https:\\\/\\\/scruton.hu\\\/#\\\/schema\\\/logo\\\/image\\\/\",\"url\":\"https:\\\/\\\/scruton.hu\\\/wp-content\\\/uploads\\\/2025\\\/07\\\/scruton_feher.png\",\"contentUrl\":\"https:\\\/\\\/scruton.hu\\\/wp-content\\\/uploads\\\/2025\\\/07\\\/scruton_feher.png\",\"width\":500,\"height\":74,\"caption\":\"Scruton\"},\"image\":{\"@id\":\"https:\\\/\\\/scruton.hu\\\/#\\\/schema\\\/logo\\\/image\\\/\"}}]}<\/script>\n<meta property=\"product:price:amount\" content=\"0\" \/>\n<meta property=\"product:price:currency\" content=\"HUF\" \/>\n<meta property=\"og:availability\" content=\"instock\" \/>\n<meta property=\"product:availability\" content=\"instock\" \/>\n<meta property=\"product:condition\" content=\"new\" \/>\n<!-- \/ Yoast SEO Premium plugin. -->","yoast_head_json":{"title":"Id\u0151kapszula: Csernobil 40 - Scruton","robots":{"index":"index","follow":"follow","max-snippet":"max-snippet:-1","max-image-preview":"max-image-preview:large","max-video-preview":"max-video-preview:-1"},"canonical":"https:\/\/scruton.hu\/en\/product\/idokapszula-csernobil-40-2\/","og_locale":"en_GB","og_type":"article","og_title":"Id\u0151kapszula: Csernobil 40","og_description":"Csernobil 40 \u2013 A hazugs\u00e1g \u00e1ra Egy robban\u00e1s. Egy rendszer. \u00c9s egy hazugs\u00e1g, amelynek \u00e1ra gener\u00e1ci\u00f3kon \u00e1t\u00edvel. 1986. \u00e1prilis 26-\u00e1n \u00e9jszaka nemcsak egy atomreaktor robbant fel, hanem a szovjet rendszer hiteless\u00e9ge is. A csend, a k\u00e9sleked\u00e9s \u00e9s a titkol\u00f3z\u00e1s nemcsak a katasztr\u00f3fa k\u00f6vetkezm\u00e9nyeit s\u00falyosb\u00edtotta, hanem r\u00e1vil\u00e1g\u00edtott arra is, hogyan m\u0171k\u00f6dik egy hatalom, amely elhallgatja a [&hellip;]","og_url":"https:\/\/scruton.hu\/en\/product\/idokapszula-csernobil-40-2\/","og_site_name":"Scruton","article_modified_time":"2026-05-13T22:34:59+00:00","og_image":[{"width":1920,"height":1080,"url":"http:\/\/scruton.hu\/wp-content\/uploads\/2026\/05\/05.20.-fo-Idokapszula-Gyor.jpg","type":"image\/jpeg"}],"twitter_card":"summary_large_image","twitter_misc":{"Price":"0&nbsp;&#70;&#116;","Availability":"In stock"},"schema":{"@context":"https:\/\/schema.org","@graph":[{"@type":"WebPage","@id":"https:\/\/scruton.hu\/termek\/idokapszula-csernobil-40-2\/","url":"https:\/\/scruton.hu\/termek\/idokapszula-csernobil-40-2\/","name":"Id\u0151kapszula: Csernobil 40 - Scruton","isPartOf":{"@id":"https:\/\/scruton.hu\/#website"},"primaryImageOfPage":{"@id":"https:\/\/scruton.hu\/termek\/idokapszula-csernobil-40-2\/#primaryimage"},"image":{"@id":"https:\/\/scruton.hu\/termek\/idokapszula-csernobil-40-2\/#primaryimage"},"thumbnailUrl":"https:\/\/scruton.hu\/wp-content\/uploads\/2026\/05\/05.20.-fo-Idokapszula-Gyor.jpg","datePublished":"2026-05-07T10:03:32+00:00","dateModified":"2026-05-13T22:34:59+00:00","breadcrumb":{"@id":"https:\/\/scruton.hu\/termek\/idokapszula-csernobil-40-2\/#breadcrumb"},"inLanguage":"en-GB","potentialAction":[{"@type":"ReadAction","target":["https:\/\/scruton.hu\/termek\/idokapszula-csernobil-40-2\/"]}]},{"@type":"ImageObject","inLanguage":"en-GB","@id":"https:\/\/scruton.hu\/termek\/idokapszula-csernobil-40-2\/#primaryimage","url":"https:\/\/scruton.hu\/wp-content\/uploads\/2026\/05\/05.20.-fo-Idokapszula-Gyor.jpg","contentUrl":"https:\/\/scruton.hu\/wp-content\/uploads\/2026\/05\/05.20.-fo-Idokapszula-Gyor.jpg","width":1920,"height":1080},{"@type":"BreadcrumbList","@id":"https:\/\/scruton.hu\/termek\/idokapszula-csernobil-40-2\/#breadcrumb","itemListElement":[{"@type":"ListItem","position":1,"name":"Kezd\u0151lap","item":"https:\/\/scruton.hu\/"},{"@type":"ListItem","position":2,"name":"Shop","item":"https:\/\/scruton.hu\/en\/uzlet\/"},{"@type":"ListItem","position":3,"name":"Id\u0151kapszula: Csernobil 40"}]},{"@type":"WebSite","@id":"https:\/\/scruton.hu\/#website","url":"https:\/\/scruton.hu\/","name":"Scruton","description":"The place of value creation","publisher":{"@id":"https:\/\/scruton.hu\/#organization"},"potentialAction":[{"@type":"SearchAction","target":{"@type":"EntryPoint","urlTemplate":"https:\/\/scruton.hu\/?s={search_term_string}"},"query-input":{"@type":"PropertyValueSpecification","valueRequired":true,"valueName":"search_term_string"}}],"inLanguage":"en-GB"},{"@type":"Organization","@id":"https:\/\/scruton.hu\/#organization","name":"Scruton","url":"https:\/\/scruton.hu\/","logo":{"@type":"ImageObject","inLanguage":"en-GB","@id":"https:\/\/scruton.hu\/#\/schema\/logo\/image\/","url":"https:\/\/scruton.hu\/wp-content\/uploads\/2025\/07\/scruton_feher.png","contentUrl":"https:\/\/scruton.hu\/wp-content\/uploads\/2025\/07\/scruton_feher.png","width":500,"height":74,"caption":"Scruton"},"image":{"@id":"https:\/\/scruton.hu\/#\/schema\/logo\/image\/"}}]},"product_price_currency":"HUF","og_availability":"instock","product_availability":"instock","product_condition":"new"},"_links":{"self":[{"href":"https:\/\/scruton.hu\/en\/wp-json\/wp\/v2\/product\/10645","targetHints":{"allow":["GET"]}}],"collection":[{"href":"https:\/\/scruton.hu\/en\/wp-json\/wp\/v2\/product"}],"about":[{"href":"https:\/\/scruton.hu\/en\/wp-json\/wp\/v2\/types\/product"}],"replies":[{"embeddable":true,"href":"https:\/\/scruton.hu\/en\/wp-json\/wp\/v2\/comments?post=10645"}],"wp:featuredmedia":[{"embeddable":true,"href":"https:\/\/scruton.hu\/en\/wp-json\/wp\/v2\/media\/10646"}],"wp:attachment":[{"href":"https:\/\/scruton.hu\/en\/wp-json\/wp\/v2\/media?parent=10645"}],"wp:term":[{"taxonomy":"product_brand","embeddable":true,"href":"https:\/\/scruton.hu\/en\/wp-json\/wp\/v2\/product_brand?post=10645"},{"taxonomy":"product_cat","embeddable":true,"href":"https:\/\/scruton.hu\/en\/wp-json\/wp\/v2\/product_cat?post=10645"},{"taxonomy":"product_tag","embeddable":true,"href":"https:\/\/scruton.hu\/en\/wp-json\/wp\/v2\/product_tag?post=10645"}],"curies":[{"name":"wp","href":"https:\/\/api.w.org\/{rel}","templated":true}]}}