{"id":10642,"date":"2026-05-07T11:47:02","date_gmt":"2026-05-07T09:47:02","guid":{"rendered":"https:\/\/scruton.hu\/?post_type=product&#038;p=10642"},"modified":"2026-05-14T10:23:46","modified_gmt":"2026-05-14T08:23:46","slug":"ertekek-a-palettarol-agardi-lajos-kiallitasmegnyitoja","status":"publish","type":"product","link":"https:\/\/scruton.hu\/en\/termek\/ertekek-a-palettarol-agardi-lajos-kiallitasmegnyitoja\/","title":{"rendered":"\u00c9rt\u00e9kek a palett\u00e1r\u00f3l &#8211; Ag\u00e1rdi Lajos ki\u00e1ll\u00edt\u00e1smegnyit\u00f3ja"},"content":{"rendered":"<div class=\"x14z9mp xat24cr x1lziwak x1vvkbs xtlvy1s\">Ag\u00e1rdi Lajos olajfestm\u00e9nyei els\u0151sorban a magyar t\u00e1j vil\u00e1g\u00e1t id\u00e9zik meg: ismer\u0151s utc\u00e1k, vid\u00e9ki hangulatok, term\u00e9szeti r\u00e9szletek \u00e9s olyan pillanatok jelennek meg a v\u00e1sznakon, amelyek a lok\u00e1lis identit\u00e1s, az otthonoss\u00e1g \u00e9s a hagyom\u00e1nyos \u00e9rt\u00e9kek \u00e9lm\u00e9ny\u00e9t hordozz\u00e1k.<\/div>\n<div><\/div>\n<div class=\"x14z9mp xat24cr x1lziwak x1vvkbs xtlvy1s\">A ki\u00e1ll\u00edt\u00e1s nemcsak a festm\u00e9nyek bemutat\u00e1s\u00e1ra v\u00e1llalkozik, hanem arra is, hogy k\u00f6z\u00f6sen gondolkodjunk az \u00e9rt\u00e9kteremt\u00e9s, \u00e9rt\u00e9k\u0151rz\u00e9s \u00e9s \u00e9rt\u00e9k\u00e1tad\u00e1s k\u00e9rd\u00e9seir\u0151l. Mit jelent ma \u00e9rt\u00e9ket k\u00f6zvet\u00edteni a m\u0171v\u00e9szeten kereszt\u00fcl? Hogyan kapcsol\u00f3dik \u00f6ssze hit, k\u00f6z\u00f6ss\u00e9g, eszt\u00e9tika \u00e9s hagyom\u00e1ny a mindennapi alkot\u00e1sban?<\/div>\n<div><\/div>\n<div class=\"x14z9mp xat24cr x1lziwak x1vvkbs xtlvy1s\">Az est els\u0151 r\u00e9sz\u00e9ben Ag\u00e1rdi Lajos mes\u00e9l a k\u00e9pek keletkez\u00e9s\u00e9r\u0151l, inspir\u00e1ci\u00f3ir\u00f3l, az alkot\u00f3i folyamatokr\u00f3l \u00e9s arr\u00f3l a szeml\u00e9letm\u00f3dr\u00f3l, amely v\u00e9gigk\u00eds\u00e9ri munk\u00e1j\u00e1t \u2013 a t\u00e9ma kiv\u00e1laszt\u00e1s\u00e1t\u00f3l eg\u00e9szen addig, hogy egy festm\u00e9ny milyen \u00e9rt\u00e9ket k\u00e9pviselhet egy k\u00f6z\u00f6ss\u00e9gi t\u00e9rben vagy ak\u00e1r egy otthon fal\u00e1n.<\/div>\n<div class=\"x14z9mp xat24cr x1lziwak x1vvkbs xtlvy1s\">Ezt k\u00f6vet\u0151en panelbesz\u00e9lget\u00e9sre ker\u00fcl sor, melyet Genda No\u00e9mi, a Scruton Hub vezet\u0151je moder\u00e1l.<\/div>\n<div><\/div>\n<div class=\"x14z9mp xat24cr x1lziwak x1vvkbs xtlvy1s\"><strong>A besz\u00e9lget\u00e9s r\u00e9sztvev\u0151i:<\/strong><br class=\"html-br\" \/>\u2022 <strong>Czet\u0151 Norbert<\/strong> \u2013 hajd\u00faszoboszl\u00f3i reform\u00e1tus lelkip\u00e1sztor,<br class=\"html-br\" \/>\u2022 <strong>Nemes P\u00e1l<\/strong> \u2013 a D\u00e1vid S\u00e1tora Gy\u00fclekezet lelkip\u00e1sztora,<br class=\"html-br\" \/>\u2022 <strong>G\u00f6r\u00f6g Roland<\/strong> \u2013 h\u00e1zicsoport vezet\u0151je a Kereszt\u00e9ny K\u00f6z\u00f6ss\u00e9g Egyh\u00e1zban<\/div>\n<div class=\"x14z9mp xat24cr x1lziwak x1vvkbs xtlvy1s\">Az este sor\u00e1n sz\u00f3 lesz hitr\u0151l, lok\u00e1lis identit\u00e1sr\u00f3l, hagyom\u00e1nyos \u00e9rt\u00e9kekr\u0151l \u00e9s a Scruton-f\u00e9le eszt\u00e9tikai szeml\u00e9let kapcsol\u00f3d\u00e1si pontjair\u00f3l is.<\/div>\n<div><\/div>\n<div class=\"x14z9mp xat24cr x1lziwak x1vvkbs xtlvy1s\"><span class=\"html-span xexx8yu xyri2b x18d9i69 x1c1uobl x1hl2dhg x16tdsg8 x1vvkbs x3nfvp2 x1j61x8r x1fcty0u xdj266r xat24cr xm2jcoa x1mpyi22 xxymvpz xlup9mm x1kky2od\"><img decoding=\"async\" class=\"xz74otr x15mokao x1ga7v0g x16uus16 xbiv7yw\" src=\"https:\/\/static.xx.fbcdn.net\/images\/emoji.php\/v9\/t1d\/2\/16\/1f4c5.png\" alt=\"\ud83d\udcc5\" width=\"16\" height=\"16\" \/><\/span> <strong>Date<\/strong>: 2026. m\u00e1jus 20. 18:00<br class=\"html-br\" \/><span class=\"html-span xexx8yu xyri2b x18d9i69 x1c1uobl x1hl2dhg x16tdsg8 x1vvkbs x3nfvp2 x1j61x8r x1fcty0u xdj266r xat24cr xm2jcoa x1mpyi22 xxymvpz xlup9mm x1kky2od\"><img decoding=\"async\" class=\"xz74otr x15mokao x1ga7v0g x16uus16 xbiv7yw\" src=\"https:\/\/static.xx.fbcdn.net\/images\/emoji.php\/v9\/tcc\/2\/16\/1f4cd.png\" alt=\"\ud83d\udccd\" width=\"16\" height=\"16\" \/><\/span> <strong>Helysz\u00edn<\/strong>: Scruton V.P. (1053 Budapest, Veres P\u00e1ln\u00e9 utca 12.)<\/div>\n<div class=\"x14z9mp xat24cr x1lziwak x1vvkbs xtlvy1s\"><\/div>\n<div class=\"x14z9mp xat24cr x1lziwak x1vvkbs xtlvy1s\">\/\/ A rendezv\u00e9ny ingyenes, de a korl\u00e1tozott l\u00e9tsz\u00e1mra val\u00f3 tekintettel, k\u00e9rj\u00fck el\u0151zetesen regisztr\u00e1ljon! A helyek elfoglal\u00e1sa \u00e9rkez\u00e9si sorrendben t\u00f6rt\u00e9nik. Vend\u00e9geinket k\u00e9rj\u00fck, hogy programkezd\u00e9s el\u0151tt legk\u00e9s\u0151bb 10-15 perccel \u00e9rkezzenek meg!<br class=\"html-br\" \/>Rendezv\u00e9ny\u00fcnk\u00f6n k\u00e9p- \u00e9s hangfelv\u00e9tel k\u00e9sz\u00fclhet, melyet rekl\u00e1m \u00e9s dokument\u00e1ci\u00f3s c\u00e9lra is felhaszn\u00e1lhatunk!<br class=\"html-br\" \/>A felmer\u00fcl\u0151 k\u00e9rd\u00e9sekkel kapcsolatban, illetve ha esetleg m\u00e9gsem tud r\u00e9szt venni az esem\u00e9nyen, k\u00e9rj\u00fck \u00edrjon a scrutonhub@scruton.hu e-mail c\u00edmre! \/\/<\/div>","protected":false},"excerpt":{"rendered":"<p>Ag\u00e1rdi Lajos olajfestm\u00e9nyei els\u0151sorban a magyar t\u00e1j vil\u00e1g\u00e1t id\u00e9zik meg: ismer\u0151s utc\u00e1k, vid\u00e9ki hangulatok, term\u00e9szeti r\u00e9szletek \u00e9s olyan pillanatok jelennek meg a v\u00e1sznakon, amelyek a lok\u00e1lis identit\u00e1s, az otthonoss\u00e1g \u00e9s a hagyom\u00e1nyos \u00e9rt\u00e9kek \u00e9lm\u00e9ny\u00e9t hordozz\u00e1k. A ki\u00e1ll\u00edt\u00e1s nemcsak a festm\u00e9nyek bemutat\u00e1s\u00e1ra v\u00e1llalkozik, hanem arra is, hogy k\u00f6z\u00f6sen gondolkodjunk az \u00e9rt\u00e9kteremt\u00e9s, \u00e9rt\u00e9k\u0151rz\u00e9s \u00e9s \u00e9rt\u00e9k\u00e1tad\u00e1s k\u00e9rd\u00e9seir\u0151l. Mit [&hellip;]<\/p>\n","protected":false},"featured_media":10643,"comment_status":"open","ping_status":"closed","template":"","meta":{"_acf_changed":false},"product_brand":[],"product_cat":[94,111],"product_tag":[],"class_list":{"0":"post-10642","1":"product","2":"type-product","3":"status-publish","4":"has-post-thumbnail","6":"product_cat-esemeny","7":"product_cat-scruton-salon","9":"first","10":"instock","11":"downloadable","12":"virtual","13":"purchasable","14":"product-type-simple"},"acf":[],"yoast_head":"<!-- This site is optimized with the Yoast SEO Premium plugin v27.5 (Yoast SEO v27.5) - https:\/\/yoast.com\/product\/yoast-seo-premium-wordpress\/ -->\n<title>\u00c9rt\u00e9kek a palett\u00e1r\u00f3l - Ag\u00e1rdi Lajos ki\u00e1ll\u00edt\u00e1smegnyit\u00f3ja - Scruton<\/title>\n<meta name=\"robots\" content=\"index, follow, max-snippet:-1, max-image-preview:large, max-video-preview:-1\" \/>\n<link rel=\"canonical\" href=\"https:\/\/scruton.hu\/en\/product\/ertekek-a-palettarol-agardi-lajos-kiallitasmegnyitoja\/\" \/>\n<meta property=\"og:locale\" content=\"en_GB\" \/>\n<meta property=\"og:type\" content=\"article\" \/>\n<meta property=\"og:title\" content=\"\u00c9rt\u00e9kek a palett\u00e1r\u00f3l - Ag\u00e1rdi Lajos ki\u00e1ll\u00edt\u00e1smegnyit\u00f3ja\" \/>\n<meta property=\"og:description\" content=\"Ag\u00e1rdi Lajos olajfestm\u00e9nyei els\u0151sorban a magyar t\u00e1j vil\u00e1g\u00e1t id\u00e9zik meg: ismer\u0151s utc\u00e1k, vid\u00e9ki hangulatok, term\u00e9szeti r\u00e9szletek \u00e9s olyan pillanatok jelennek meg a v\u00e1sznakon, amelyek a lok\u00e1lis identit\u00e1s, az otthonoss\u00e1g \u00e9s a hagyom\u00e1nyos \u00e9rt\u00e9kek \u00e9lm\u00e9ny\u00e9t hordozz\u00e1k. A ki\u00e1ll\u00edt\u00e1s nemcsak a festm\u00e9nyek bemutat\u00e1s\u00e1ra v\u00e1llalkozik, hanem arra is, hogy k\u00f6z\u00f6sen gondolkodjunk az \u00e9rt\u00e9kteremt\u00e9s, \u00e9rt\u00e9k\u0151rz\u00e9s \u00e9s \u00e9rt\u00e9k\u00e1tad\u00e1s k\u00e9rd\u00e9seir\u0151l. Mit [&hellip;]\" \/>\n<meta property=\"og:url\" content=\"https:\/\/scruton.hu\/en\/product\/ertekek-a-palettarol-agardi-lajos-kiallitasmegnyitoja\/\" \/>\n<meta property=\"og:site_name\" content=\"Scruton\" \/>\n<meta property=\"article:modified_time\" content=\"2026-05-14T08:23:46+00:00\" \/>\n<meta property=\"og:image\" content=\"http:\/\/scruton.hu\/wp-content\/uploads\/2026\/05\/691779033_847367441747991_6957578363944790840_n.jpg\" \/>\n\t<meta property=\"og:image:width\" content=\"1920\" \/>\n\t<meta property=\"og:image:height\" content=\"1005\" \/>\n\t<meta property=\"og:image:type\" content=\"image\/jpeg\" \/>\n<meta name=\"twitter:card\" content=\"summary_large_image\" \/>\n<meta name=\"twitter:label1\" content=\"Price\" \/>\n\t<meta name=\"twitter:data1\" content=\"0&nbsp;&#070;&#116;\" \/>\n\t<meta name=\"twitter:label2\" content=\"Availability\" \/>\n\t<meta name=\"twitter:data2\" content=\"In stock\" \/>\n<script type=\"application\/ld+json\" class=\"yoast-schema-graph\">{\"@context\":\"https:\\\/\\\/schema.org\",\"@graph\":[{\"@type\":\"WebPage\",\"@id\":\"https:\\\/\\\/scruton.hu\\\/termek\\\/ertekek-a-palettarol-agardi-lajos-kiallitasmegnyitoja\\\/\",\"url\":\"https:\\\/\\\/scruton.hu\\\/termek\\\/ertekek-a-palettarol-agardi-lajos-kiallitasmegnyitoja\\\/\",\"name\":\"\u00c9rt\u00e9kek a palett\u00e1r\u00f3l - Ag\u00e1rdi Lajos ki\u00e1ll\u00edt\u00e1smegnyit\u00f3ja - Scruton\",\"isPartOf\":{\"@id\":\"https:\\\/\\\/scruton.hu\\\/#website\"},\"primaryImageOfPage\":{\"@id\":\"https:\\\/\\\/scruton.hu\\\/termek\\\/ertekek-a-palettarol-agardi-lajos-kiallitasmegnyitoja\\\/#primaryimage\"},\"image\":{\"@id\":\"https:\\\/\\\/scruton.hu\\\/termek\\\/ertekek-a-palettarol-agardi-lajos-kiallitasmegnyitoja\\\/#primaryimage\"},\"thumbnailUrl\":\"https:\\\/\\\/scruton.hu\\\/wp-content\\\/uploads\\\/2026\\\/05\\\/691779033_847367441747991_6957578363944790840_n.jpg\",\"datePublished\":\"2026-05-07T09:47:02+00:00\",\"dateModified\":\"2026-05-14T08:23:46+00:00\",\"breadcrumb\":{\"@id\":\"https:\\\/\\\/scruton.hu\\\/termek\\\/ertekek-a-palettarol-agardi-lajos-kiallitasmegnyitoja\\\/#breadcrumb\"},\"inLanguage\":\"en-GB\",\"potentialAction\":[{\"@type\":\"ReadAction\",\"target\":[\"https:\\\/\\\/scruton.hu\\\/termek\\\/ertekek-a-palettarol-agardi-lajos-kiallitasmegnyitoja\\\/\"]}]},{\"@type\":\"ImageObject\",\"inLanguage\":\"en-GB\",\"@id\":\"https:\\\/\\\/scruton.hu\\\/termek\\\/ertekek-a-palettarol-agardi-lajos-kiallitasmegnyitoja\\\/#primaryimage\",\"url\":\"https:\\\/\\\/scruton.hu\\\/wp-content\\\/uploads\\\/2026\\\/05\\\/691779033_847367441747991_6957578363944790840_n.jpg\",\"contentUrl\":\"https:\\\/\\\/scruton.hu\\\/wp-content\\\/uploads\\\/2026\\\/05\\\/691779033_847367441747991_6957578363944790840_n.jpg\",\"width\":1920,\"height\":1005},{\"@type\":\"BreadcrumbList\",\"@id\":\"https:\\\/\\\/scruton.hu\\\/termek\\\/ertekek-a-palettarol-agardi-lajos-kiallitasmegnyitoja\\\/#breadcrumb\",\"itemListElement\":[{\"@type\":\"ListItem\",\"position\":1,\"name\":\"Kezd\u0151lap\",\"item\":\"https:\\\/\\\/scruton.hu\\\/\"},{\"@type\":\"ListItem\",\"position\":2,\"name\":\"Shop\",\"item\":\"https:\\\/\\\/scruton.hu\\\/en\\\/uzlet\\\/\"},{\"@type\":\"ListItem\",\"position\":3,\"name\":\"\u00c9rt\u00e9kek a palett\u00e1r\u00f3l &#8211; Ag\u00e1rdi Lajos ki\u00e1ll\u00edt\u00e1smegnyit\u00f3ja\"}]},{\"@type\":\"WebSite\",\"@id\":\"https:\\\/\\\/scruton.hu\\\/#website\",\"url\":\"https:\\\/\\\/scruton.hu\\\/\",\"name\":\"Scruton\",\"description\":\"Az \u00e9rt\u00e9kteremt\u00e9s helye\",\"publisher\":{\"@id\":\"https:\\\/\\\/scruton.hu\\\/#organization\"},\"potentialAction\":[{\"@type\":\"SearchAction\",\"target\":{\"@type\":\"EntryPoint\",\"urlTemplate\":\"https:\\\/\\\/scruton.hu\\\/?s={search_term_string}\"},\"query-input\":{\"@type\":\"PropertyValueSpecification\",\"valueRequired\":true,\"valueName\":\"search_term_string\"}}],\"inLanguage\":\"en-GB\"},{\"@type\":\"Organization\",\"@id\":\"https:\\\/\\\/scruton.hu\\\/#organization\",\"name\":\"Scruton\",\"url\":\"https:\\\/\\\/scruton.hu\\\/\",\"logo\":{\"@type\":\"ImageObject\",\"inLanguage\":\"en-GB\",\"@id\":\"https:\\\/\\\/scruton.hu\\\/#\\\/schema\\\/logo\\\/image\\\/\",\"url\":\"https:\\\/\\\/scruton.hu\\\/wp-content\\\/uploads\\\/2025\\\/07\\\/scruton_feher.png\",\"contentUrl\":\"https:\\\/\\\/scruton.hu\\\/wp-content\\\/uploads\\\/2025\\\/07\\\/scruton_feher.png\",\"width\":500,\"height\":74,\"caption\":\"Scruton\"},\"image\":{\"@id\":\"https:\\\/\\\/scruton.hu\\\/#\\\/schema\\\/logo\\\/image\\\/\"}}]}<\/script>\n<meta property=\"product:price:amount\" content=\"0\" \/>\n<meta property=\"product:price:currency\" content=\"HUF\" \/>\n<meta property=\"og:availability\" content=\"instock\" \/>\n<meta property=\"product:availability\" content=\"instock\" \/>\n<meta property=\"product:condition\" content=\"new\" \/>\n<!-- \/ Yoast SEO Premium plugin. -->","yoast_head_json":{"title":"\u00c9rt\u00e9kek a palett\u00e1r\u00f3l - Ag\u00e1rdi Lajos ki\u00e1ll\u00edt\u00e1smegnyit\u00f3ja - Scruton","robots":{"index":"index","follow":"follow","max-snippet":"max-snippet:-1","max-image-preview":"max-image-preview:large","max-video-preview":"max-video-preview:-1"},"canonical":"https:\/\/scruton.hu\/en\/product\/ertekek-a-palettarol-agardi-lajos-kiallitasmegnyitoja\/","og_locale":"en_GB","og_type":"article","og_title":"\u00c9rt\u00e9kek a palett\u00e1r\u00f3l - Ag\u00e1rdi Lajos ki\u00e1ll\u00edt\u00e1smegnyit\u00f3ja","og_description":"Ag\u00e1rdi Lajos olajfestm\u00e9nyei els\u0151sorban a magyar t\u00e1j vil\u00e1g\u00e1t id\u00e9zik meg: ismer\u0151s utc\u00e1k, vid\u00e9ki hangulatok, term\u00e9szeti r\u00e9szletek \u00e9s olyan pillanatok jelennek meg a v\u00e1sznakon, amelyek a lok\u00e1lis identit\u00e1s, az otthonoss\u00e1g \u00e9s a hagyom\u00e1nyos \u00e9rt\u00e9kek \u00e9lm\u00e9ny\u00e9t hordozz\u00e1k. A ki\u00e1ll\u00edt\u00e1s nemcsak a festm\u00e9nyek bemutat\u00e1s\u00e1ra v\u00e1llalkozik, hanem arra is, hogy k\u00f6z\u00f6sen gondolkodjunk az \u00e9rt\u00e9kteremt\u00e9s, \u00e9rt\u00e9k\u0151rz\u00e9s \u00e9s \u00e9rt\u00e9k\u00e1tad\u00e1s k\u00e9rd\u00e9seir\u0151l. Mit [&hellip;]","og_url":"https:\/\/scruton.hu\/en\/product\/ertekek-a-palettarol-agardi-lajos-kiallitasmegnyitoja\/","og_site_name":"Scruton","article_modified_time":"2026-05-14T08:23:46+00:00","og_image":[{"width":1920,"height":1005,"url":"http:\/\/scruton.hu\/wp-content\/uploads\/2026\/05\/691779033_847367441747991_6957578363944790840_n.jpg","type":"image\/jpeg"}],"twitter_card":"summary_large_image","twitter_misc":{"Price":"0&nbsp;&#70;&#116;","Availability":"In stock"},"schema":{"@context":"https:\/\/schema.org","@graph":[{"@type":"WebPage","@id":"https:\/\/scruton.hu\/termek\/ertekek-a-palettarol-agardi-lajos-kiallitasmegnyitoja\/","url":"https:\/\/scruton.hu\/termek\/ertekek-a-palettarol-agardi-lajos-kiallitasmegnyitoja\/","name":"\u00c9rt\u00e9kek a palett\u00e1r\u00f3l - Ag\u00e1rdi Lajos ki\u00e1ll\u00edt\u00e1smegnyit\u00f3ja - Scruton","isPartOf":{"@id":"https:\/\/scruton.hu\/#website"},"primaryImageOfPage":{"@id":"https:\/\/scruton.hu\/termek\/ertekek-a-palettarol-agardi-lajos-kiallitasmegnyitoja\/#primaryimage"},"image":{"@id":"https:\/\/scruton.hu\/termek\/ertekek-a-palettarol-agardi-lajos-kiallitasmegnyitoja\/#primaryimage"},"thumbnailUrl":"https:\/\/scruton.hu\/wp-content\/uploads\/2026\/05\/691779033_847367441747991_6957578363944790840_n.jpg","datePublished":"2026-05-07T09:47:02+00:00","dateModified":"2026-05-14T08:23:46+00:00","breadcrumb":{"@id":"https:\/\/scruton.hu\/termek\/ertekek-a-palettarol-agardi-lajos-kiallitasmegnyitoja\/#breadcrumb"},"inLanguage":"en-GB","potentialAction":[{"@type":"ReadAction","target":["https:\/\/scruton.hu\/termek\/ertekek-a-palettarol-agardi-lajos-kiallitasmegnyitoja\/"]}]},{"@type":"ImageObject","inLanguage":"en-GB","@id":"https:\/\/scruton.hu\/termek\/ertekek-a-palettarol-agardi-lajos-kiallitasmegnyitoja\/#primaryimage","url":"https:\/\/scruton.hu\/wp-content\/uploads\/2026\/05\/691779033_847367441747991_6957578363944790840_n.jpg","contentUrl":"https:\/\/scruton.hu\/wp-content\/uploads\/2026\/05\/691779033_847367441747991_6957578363944790840_n.jpg","width":1920,"height":1005},{"@type":"BreadcrumbList","@id":"https:\/\/scruton.hu\/termek\/ertekek-a-palettarol-agardi-lajos-kiallitasmegnyitoja\/#breadcrumb","itemListElement":[{"@type":"ListItem","position":1,"name":"Kezd\u0151lap","item":"https:\/\/scruton.hu\/"},{"@type":"ListItem","position":2,"name":"Shop","item":"https:\/\/scruton.hu\/en\/uzlet\/"},{"@type":"ListItem","position":3,"name":"\u00c9rt\u00e9kek a palett\u00e1r\u00f3l &#8211; Ag\u00e1rdi Lajos ki\u00e1ll\u00edt\u00e1smegnyit\u00f3ja"}]},{"@type":"WebSite","@id":"https:\/\/scruton.hu\/#website","url":"https:\/\/scruton.hu\/","name":"Scruton","description":"The place of value creation","publisher":{"@id":"https:\/\/scruton.hu\/#organization"},"potentialAction":[{"@type":"SearchAction","target":{"@type":"EntryPoint","urlTemplate":"https:\/\/scruton.hu\/?s={search_term_string}"},"query-input":{"@type":"PropertyValueSpecification","valueRequired":true,"valueName":"search_term_string"}}],"inLanguage":"en-GB"},{"@type":"Organization","@id":"https:\/\/scruton.hu\/#organization","name":"Scruton","url":"https:\/\/scruton.hu\/","logo":{"@type":"ImageObject","inLanguage":"en-GB","@id":"https:\/\/scruton.hu\/#\/schema\/logo\/image\/","url":"https:\/\/scruton.hu\/wp-content\/uploads\/2025\/07\/scruton_feher.png","contentUrl":"https:\/\/scruton.hu\/wp-content\/uploads\/2025\/07\/scruton_feher.png","width":500,"height":74,"caption":"Scruton"},"image":{"@id":"https:\/\/scruton.hu\/#\/schema\/logo\/image\/"}}]},"product_price_currency":"HUF","og_availability":"instock","product_availability":"instock","product_condition":"new"},"_links":{"self":[{"href":"https:\/\/scruton.hu\/en\/wp-json\/wp\/v2\/product\/10642","targetHints":{"allow":["GET"]}}],"collection":[{"href":"https:\/\/scruton.hu\/en\/wp-json\/wp\/v2\/product"}],"about":[{"href":"https:\/\/scruton.hu\/en\/wp-json\/wp\/v2\/types\/product"}],"replies":[{"embeddable":true,"href":"https:\/\/scruton.hu\/en\/wp-json\/wp\/v2\/comments?post=10642"}],"wp:featuredmedia":[{"embeddable":true,"href":"https:\/\/scruton.hu\/en\/wp-json\/wp\/v2\/media\/10643"}],"wp:attachment":[{"href":"https:\/\/scruton.hu\/en\/wp-json\/wp\/v2\/media?parent=10642"}],"wp:term":[{"taxonomy":"product_brand","embeddable":true,"href":"https:\/\/scruton.hu\/en\/wp-json\/wp\/v2\/product_brand?post=10642"},{"taxonomy":"product_cat","embeddable":true,"href":"https:\/\/scruton.hu\/en\/wp-json\/wp\/v2\/product_cat?post=10642"},{"taxonomy":"product_tag","embeddable":true,"href":"https:\/\/scruton.hu\/en\/wp-json\/wp\/v2\/product_tag?post=10642"}],"curies":[{"name":"wp","href":"https:\/\/api.w.org\/{rel}","templated":true}]}}