{"id":10563,"date":"2026-05-05T13:31:25","date_gmt":"2026-05-05T11:31:25","guid":{"rendered":"https:\/\/scruton.hu\/?post_type=product&#038;p=10563"},"modified":"2026-05-14T20:47:30","modified_gmt":"2026-05-14T18:47:30","slug":"egesz-seg-test-lelek-elethagyomany-v","status":"publish","type":"product","link":"https:\/\/scruton.hu\/en\/termek\/egesz-seg-test-lelek-elethagyomany-v\/","title":{"rendered":"EG\u00c9SZ-s\u00e9g: Test, l\u00e9lek &#8211; \u00c9lethagyom\u00e1ny V."},"content":{"rendered":"<p>\u201e\u00c9lelmiszerszakm\u00e9rn\u00f6kk\u00e9nt beutaztam a f\u00e9l vil\u00e1got. A kaka\u00f3, a k\u00e1v\u00e9 \u00e9s a tea a szakter\u00fcletem, \u00edgy a Bakt\u00e9r\u00edt\u0151 \u00e9s a R\u00e1kt\u00e9r\u00edt\u0151 k\u00f6z\u00f6tti orsz\u00e1gokban, D\u00e9l-\u00c1zsi\u00e1ban, Afrik\u00e1ban \u00e9s K\u00f6z\u00e9p-Amerik\u00e1ban is dolgoztam szak\u00e9rt\u0151-tan\u00e1csad\u00f3k\u00e9nt. Produktivit\u00e1sn\u00f6vel\u0151, min\u0151s\u00e9gjav\u00edt\u00f3, talajanalitikai \u00e9s biol\u00f3giai n\u00f6v\u00e9nyv\u00e9delmi projekteket vezettem, ezek tapasztalatair\u00f3l sz\u00f3l az \u00f6t\u00f6dik el\u0151ad\u00e1s.<\/p>\n<p>Besz\u00e9lni fogok biodiverzit\u00e1sr\u00f3l, \u00f6kosziszt\u00e9m\u00e1kr\u00f3l, \u00e9s arr\u00f3l, hogyan b\u00e1nunk a k\u00f6rnyezet\u00fcnk er\u0151forr\u00e1saival, okosan vagy \u00e9ppen felel\u0151tlen\u00fcl. Costa Rica \u00e9s Madagaszk\u00e1r p\u00e9ld\u00e1j\u00e1n kereszt\u00fcl mutatom meg, mennyire elt\u00e9r\u0151 ir\u00e1nyba vezethet k\u00e9t orsz\u00e1g d\u00f6nt\u00e9se. K\u00e9t hely a t\u00e9rk\u00e9pen, amelyeket hajlamosak vagyunk v\u00e1ltozatlanul gazdagnak l\u00e1tni, mik\u00f6zben a val\u00f3s\u00e1g m\u00e1r eg\u00e9szen m\u00e1s k\u00e9pet mutat.<\/p>\n<p>Costa Rica tudatos term\u00e9szetv\u00e9delmi szeml\u00e9lettel meg\u0151rizte es\u0151erdeinek jelent\u0151s r\u00e9sz\u00e9t, m\u00edg Madagaszk\u00e1r az er\u0151forr\u00e1sok t\u00falhaszn\u00e1lata miatt szinte teljesen elvesz\u00edtette azokat.<\/p>\n<p>Hogyan kapcsol\u00f3dik mindehhez a gy\u00f3gy\u00e1szat, k\u00fcl\u00f6n\u00f6sen a hagyom\u00e1nyos k\u00ednai szeml\u00e9let? Az er\u0151forr\u00e1s-gondolkod\u00e1sban. Abban a komplex rendszerben, ahol a gy\u00f3gyn\u00f6v\u00e9nyek nemcsak az embert, hanem az eg\u00e9sz \u00e9l\u0151 k\u00f6rnyezetet szolg\u00e1lj\u00e1k. A fl\u00f3ra gy\u00f3gy\u00edtja a faun\u00e1t \u00e9s a talajt is. Az embergy\u00f3gy\u00e1szat \u00e9s a n\u00f6v\u00e9nyv\u00e9delem itt \u00f6ssze\u00e9r: helyi gy\u00f3gyn\u00f6v\u00e9nyekre \u00e9p\u00fcl\u0151, fenntarthat\u00f3 megold\u00e1sok sz\u00fcletnek, a mikrobiol\u00f3giai tud\u00e1s pedig a k\u00e1v\u00e9, a tea vagy a kaka\u00f3 ferment\u00e1ci\u00f3j\u00e1ban hasznosul.<\/p>\n<p>Gyakorlati szakemberk\u00e9nt azt tapasztaltam, hogy az egyik kontinens tud\u00e1sa \u00e9rt\u00e9kes er\u0151forr\u00e1ss\u00e1 v\u00e1lhat egy m\u00e1sik probl\u00e9m\u00e1inak megold\u00e1s\u00e1ban. Az ismeretek nem \u00e1llnak meg a hat\u00e1rokn\u00e1l.<\/p>\n<p>K\u00e9pekkel, t\u00f6rt\u00e9netekkel \u00e9s sokszor meglep\u0151 tanuls\u00e1gokkal k\u00e9sz\u00fcl\u00f6k. Olyan k\u00e9rd\u00e9sekkel, amelyek k\u00f6zelebb visznek ahhoz, hogyan gondolkodunk a vil\u00e1gr\u00f3l, \u00e9s hogyan is \u00e9l\u00fcnk benne.\u201d<\/p>\n<p style=\"text-align: right\"><em>&#8211; Varr\u00f3 X\u00e9nia<\/em><\/p>\n<p><strong>Date<\/strong>: 2026. m\u00e1jus 21. (cs\u00fct\u00f6rt\u00f6k) 18:00<br \/>\n<strong>Helysz\u00edn<\/strong>: 9021 Gy\u0151r, Apor Vilmos p\u00fcsp\u00f6k tere 3. <em>&#8211; Scruton GY\u0150R<\/em><\/p>\n<p><em>A rendezv\u00e9ny ingyenes, de a korl\u00e1tozott l\u00e9tsz\u00e1mra val\u00f3 tekintettel, k\u00e9rj\u00fck el\u0151zetesen regisztr\u00e1ljon!<\/em><br \/>\n<em>Vend\u00e9geinket k\u00e9rj\u00fck, hogy programkezd\u00e9s el\u0151tt legk\u00e9s\u0151bb 10-15 perccel \u00e9rkezzenek meg! A helyek elfoglal\u00e1sa \u00e9rkez\u00e9si sorrendben t\u00f6rt\u00e9nik.<\/em><br \/>\n<em>Rendezv\u00e9ny\u00fcnk\u00f6n k\u00e9p \u00e9s hangfelv\u00e9tel k\u00e9sz\u00fclhet, melyet rekl\u00e1m- \u00e9s dokument\u00e1ci\u00f3s c\u00e9lra is felhaszn\u00e1lhatunk!<\/em><br \/>\n<em>A felmer\u00fcl\u0151 k\u00e9rd\u00e9sekkel kapcsolatban, illetve ha esetleg m\u00e9gsem tud r\u00e9szt venni az esem\u00e9nyen, k\u00e9rj\u00fck \u00edrjon a program@scruton.hu e-mail c\u00edmre!<\/em><\/p>","protected":false},"excerpt":{"rendered":"<p>\u201e\u00c9lelmiszerszakm\u00e9rn\u00f6kk\u00e9nt beutaztam a f\u00e9l vil\u00e1got. A kaka\u00f3, a k\u00e1v\u00e9 \u00e9s a tea a szakter\u00fcletem, \u00edgy a Bakt\u00e9r\u00edt\u0151 \u00e9s a R\u00e1kt\u00e9r\u00edt\u0151 k\u00f6z\u00f6tti orsz\u00e1gokban, D\u00e9l-\u00c1zsi\u00e1ban, Afrik\u00e1ban \u00e9s K\u00f6z\u00e9p-Amerik\u00e1ban is dolgoztam szak\u00e9rt\u0151-tan\u00e1csad\u00f3k\u00e9nt. Produktivit\u00e1sn\u00f6vel\u0151, min\u0151s\u00e9gjav\u00edt\u00f3, talajanalitikai \u00e9s biol\u00f3giai n\u00f6v\u00e9nyv\u00e9delmi projekteket vezettem, ezek tapasztalatair\u00f3l sz\u00f3l az \u00f6t\u00f6dik el\u0151ad\u00e1s. Besz\u00e9lni fogok biodiverzit\u00e1sr\u00f3l, \u00f6kosziszt\u00e9m\u00e1kr\u00f3l, \u00e9s arr\u00f3l, hogyan b\u00e1nunk a k\u00f6rnyezet\u00fcnk er\u0151forr\u00e1saival, okosan [&hellip;]<\/p>\n","protected":false},"featured_media":10565,"comment_status":"open","ping_status":"closed","template":"","meta":{"_acf_changed":false},"product_brand":[],"product_cat":[94,105],"product_tag":[],"class_list":{"0":"post-10563","1":"product","2":"type-product","3":"status-publish","4":"has-post-thumbnail","6":"product_cat-esemeny","7":"product_cat-scruton-gyor","9":"first","10":"instock","11":"downloadable","12":"virtual","13":"purchasable","14":"product-type-simple"},"acf":[],"yoast_head":"<!-- This site is optimized with the Yoast SEO Premium plugin v27.5 (Yoast SEO v27.5) - https:\/\/yoast.com\/product\/yoast-seo-premium-wordpress\/ -->\n<title>EG\u00c9SZ-s\u00e9g: Test, l\u00e9lek - \u00c9lethagyom\u00e1ny V. - Scruton<\/title>\n<meta name=\"robots\" content=\"index, follow, max-snippet:-1, max-image-preview:large, max-video-preview:-1\" \/>\n<link rel=\"canonical\" href=\"https:\/\/scruton.hu\/en\/product\/egesz-seg-test-lelek-elethagyomany-v\/\" \/>\n<meta property=\"og:locale\" content=\"en_GB\" \/>\n<meta property=\"og:type\" content=\"article\" \/>\n<meta property=\"og:title\" content=\"EG\u00c9SZ-s\u00e9g: Test, l\u00e9lek - \u00c9lethagyom\u00e1ny V.\" \/>\n<meta property=\"og:description\" content=\"\u201e\u00c9lelmiszerszakm\u00e9rn\u00f6kk\u00e9nt beutaztam a f\u00e9l vil\u00e1got. A kaka\u00f3, a k\u00e1v\u00e9 \u00e9s a tea a szakter\u00fcletem, \u00edgy a Bakt\u00e9r\u00edt\u0151 \u00e9s a R\u00e1kt\u00e9r\u00edt\u0151 k\u00f6z\u00f6tti orsz\u00e1gokban, D\u00e9l-\u00c1zsi\u00e1ban, Afrik\u00e1ban \u00e9s K\u00f6z\u00e9p-Amerik\u00e1ban is dolgoztam szak\u00e9rt\u0151-tan\u00e1csad\u00f3k\u00e9nt. Produktivit\u00e1sn\u00f6vel\u0151, min\u0151s\u00e9gjav\u00edt\u00f3, talajanalitikai \u00e9s biol\u00f3giai n\u00f6v\u00e9nyv\u00e9delmi projekteket vezettem, ezek tapasztalatair\u00f3l sz\u00f3l az \u00f6t\u00f6dik el\u0151ad\u00e1s. Besz\u00e9lni fogok biodiverzit\u00e1sr\u00f3l, \u00f6kosziszt\u00e9m\u00e1kr\u00f3l, \u00e9s arr\u00f3l, hogyan b\u00e1nunk a k\u00f6rnyezet\u00fcnk er\u0151forr\u00e1saival, okosan [&hellip;]\" \/>\n<meta property=\"og:url\" content=\"https:\/\/scruton.hu\/en\/product\/egesz-seg-test-lelek-elethagyomany-v\/\" \/>\n<meta property=\"og:site_name\" content=\"Scruton\" \/>\n<meta property=\"article:modified_time\" content=\"2026-05-14T18:47:30+00:00\" \/>\n<meta property=\"og:image\" content=\"http:\/\/scruton.hu\/wp-content\/uploads\/2026\/05\/05.21.-fo-EGESZ-seg.jpg\" \/>\n\t<meta property=\"og:image:width\" content=\"1920\" \/>\n\t<meta property=\"og:image:height\" content=\"1080\" \/>\n\t<meta property=\"og:image:type\" content=\"image\/jpeg\" \/>\n<meta name=\"twitter:card\" content=\"summary_large_image\" \/>\n<meta name=\"twitter:label1\" content=\"Price\" \/>\n\t<meta name=\"twitter:data1\" content=\"0&nbsp;&#070;&#116;\" \/>\n\t<meta name=\"twitter:label2\" content=\"Availability\" \/>\n\t<meta name=\"twitter:data2\" content=\"In stock\" \/>\n<script type=\"application\/ld+json\" class=\"yoast-schema-graph\">{\"@context\":\"https:\\\/\\\/schema.org\",\"@graph\":[{\"@type\":\"WebPage\",\"@id\":\"https:\\\/\\\/scruton.hu\\\/termek\\\/egesz-seg-test-lelek-elethagyomany-v\\\/\",\"url\":\"https:\\\/\\\/scruton.hu\\\/termek\\\/egesz-seg-test-lelek-elethagyomany-v\\\/\",\"name\":\"EG\u00c9SZ-s\u00e9g: Test, l\u00e9lek - \u00c9lethagyom\u00e1ny V. - Scruton\",\"isPartOf\":{\"@id\":\"https:\\\/\\\/scruton.hu\\\/#website\"},\"primaryImageOfPage\":{\"@id\":\"https:\\\/\\\/scruton.hu\\\/termek\\\/egesz-seg-test-lelek-elethagyomany-v\\\/#primaryimage\"},\"image\":{\"@id\":\"https:\\\/\\\/scruton.hu\\\/termek\\\/egesz-seg-test-lelek-elethagyomany-v\\\/#primaryimage\"},\"thumbnailUrl\":\"https:\\\/\\\/scruton.hu\\\/wp-content\\\/uploads\\\/2026\\\/05\\\/05.21.-fo-EGESZ-seg.jpg\",\"datePublished\":\"2026-05-05T11:31:25+00:00\",\"dateModified\":\"2026-05-14T18:47:30+00:00\",\"breadcrumb\":{\"@id\":\"https:\\\/\\\/scruton.hu\\\/termek\\\/egesz-seg-test-lelek-elethagyomany-v\\\/#breadcrumb\"},\"inLanguage\":\"en-GB\",\"potentialAction\":[{\"@type\":\"ReadAction\",\"target\":[\"https:\\\/\\\/scruton.hu\\\/termek\\\/egesz-seg-test-lelek-elethagyomany-v\\\/\"]}]},{\"@type\":\"ImageObject\",\"inLanguage\":\"en-GB\",\"@id\":\"https:\\\/\\\/scruton.hu\\\/termek\\\/egesz-seg-test-lelek-elethagyomany-v\\\/#primaryimage\",\"url\":\"https:\\\/\\\/scruton.hu\\\/wp-content\\\/uploads\\\/2026\\\/05\\\/05.21.-fo-EGESZ-seg.jpg\",\"contentUrl\":\"https:\\\/\\\/scruton.hu\\\/wp-content\\\/uploads\\\/2026\\\/05\\\/05.21.-fo-EGESZ-seg.jpg\",\"width\":1920,\"height\":1080},{\"@type\":\"BreadcrumbList\",\"@id\":\"https:\\\/\\\/scruton.hu\\\/termek\\\/egesz-seg-test-lelek-elethagyomany-v\\\/#breadcrumb\",\"itemListElement\":[{\"@type\":\"ListItem\",\"position\":1,\"name\":\"Kezd\u0151lap\",\"item\":\"https:\\\/\\\/scruton.hu\\\/\"},{\"@type\":\"ListItem\",\"position\":2,\"name\":\"Shop\",\"item\":\"https:\\\/\\\/scruton.hu\\\/en\\\/uzlet\\\/\"},{\"@type\":\"ListItem\",\"position\":3,\"name\":\"EG\u00c9SZ-s\u00e9g: Test, l\u00e9lek &#8211; \u00c9lethagyom\u00e1ny V.\"}]},{\"@type\":\"WebSite\",\"@id\":\"https:\\\/\\\/scruton.hu\\\/#website\",\"url\":\"https:\\\/\\\/scruton.hu\\\/\",\"name\":\"Scruton\",\"description\":\"Az \u00e9rt\u00e9kteremt\u00e9s helye\",\"publisher\":{\"@id\":\"https:\\\/\\\/scruton.hu\\\/#organization\"},\"potentialAction\":[{\"@type\":\"SearchAction\",\"target\":{\"@type\":\"EntryPoint\",\"urlTemplate\":\"https:\\\/\\\/scruton.hu\\\/?s={search_term_string}\"},\"query-input\":{\"@type\":\"PropertyValueSpecification\",\"valueRequired\":true,\"valueName\":\"search_term_string\"}}],\"inLanguage\":\"en-GB\"},{\"@type\":\"Organization\",\"@id\":\"https:\\\/\\\/scruton.hu\\\/#organization\",\"name\":\"Scruton\",\"url\":\"https:\\\/\\\/scruton.hu\\\/\",\"logo\":{\"@type\":\"ImageObject\",\"inLanguage\":\"en-GB\",\"@id\":\"https:\\\/\\\/scruton.hu\\\/#\\\/schema\\\/logo\\\/image\\\/\",\"url\":\"https:\\\/\\\/scruton.hu\\\/wp-content\\\/uploads\\\/2025\\\/07\\\/scruton_feher.png\",\"contentUrl\":\"https:\\\/\\\/scruton.hu\\\/wp-content\\\/uploads\\\/2025\\\/07\\\/scruton_feher.png\",\"width\":500,\"height\":74,\"caption\":\"Scruton\"},\"image\":{\"@id\":\"https:\\\/\\\/scruton.hu\\\/#\\\/schema\\\/logo\\\/image\\\/\"}}]}<\/script>\n<meta property=\"product:price:amount\" content=\"0\" \/>\n<meta property=\"product:price:currency\" content=\"HUF\" \/>\n<meta property=\"og:availability\" content=\"instock\" \/>\n<meta property=\"product:availability\" content=\"instock\" \/>\n<meta property=\"product:condition\" content=\"new\" \/>\n<!-- \/ Yoast SEO Premium plugin. -->","yoast_head_json":{"title":"EG\u00c9SZ-s\u00e9g: Test, l\u00e9lek - \u00c9lethagyom\u00e1ny V. - Scruton","robots":{"index":"index","follow":"follow","max-snippet":"max-snippet:-1","max-image-preview":"max-image-preview:large","max-video-preview":"max-video-preview:-1"},"canonical":"https:\/\/scruton.hu\/en\/product\/egesz-seg-test-lelek-elethagyomany-v\/","og_locale":"en_GB","og_type":"article","og_title":"EG\u00c9SZ-s\u00e9g: Test, l\u00e9lek - \u00c9lethagyom\u00e1ny V.","og_description":"\u201e\u00c9lelmiszerszakm\u00e9rn\u00f6kk\u00e9nt beutaztam a f\u00e9l vil\u00e1got. A kaka\u00f3, a k\u00e1v\u00e9 \u00e9s a tea a szakter\u00fcletem, \u00edgy a Bakt\u00e9r\u00edt\u0151 \u00e9s a R\u00e1kt\u00e9r\u00edt\u0151 k\u00f6z\u00f6tti orsz\u00e1gokban, D\u00e9l-\u00c1zsi\u00e1ban, Afrik\u00e1ban \u00e9s K\u00f6z\u00e9p-Amerik\u00e1ban is dolgoztam szak\u00e9rt\u0151-tan\u00e1csad\u00f3k\u00e9nt. Produktivit\u00e1sn\u00f6vel\u0151, min\u0151s\u00e9gjav\u00edt\u00f3, talajanalitikai \u00e9s biol\u00f3giai n\u00f6v\u00e9nyv\u00e9delmi projekteket vezettem, ezek tapasztalatair\u00f3l sz\u00f3l az \u00f6t\u00f6dik el\u0151ad\u00e1s. Besz\u00e9lni fogok biodiverzit\u00e1sr\u00f3l, \u00f6kosziszt\u00e9m\u00e1kr\u00f3l, \u00e9s arr\u00f3l, hogyan b\u00e1nunk a k\u00f6rnyezet\u00fcnk er\u0151forr\u00e1saival, okosan [&hellip;]","og_url":"https:\/\/scruton.hu\/en\/product\/egesz-seg-test-lelek-elethagyomany-v\/","og_site_name":"Scruton","article_modified_time":"2026-05-14T18:47:30+00:00","og_image":[{"width":1920,"height":1080,"url":"http:\/\/scruton.hu\/wp-content\/uploads\/2026\/05\/05.21.-fo-EGESZ-seg.jpg","type":"image\/jpeg"}],"twitter_card":"summary_large_image","twitter_misc":{"Price":"0&nbsp;&#70;&#116;","Availability":"In stock"},"schema":{"@context":"https:\/\/schema.org","@graph":[{"@type":"WebPage","@id":"https:\/\/scruton.hu\/termek\/egesz-seg-test-lelek-elethagyomany-v\/","url":"https:\/\/scruton.hu\/termek\/egesz-seg-test-lelek-elethagyomany-v\/","name":"EG\u00c9SZ-s\u00e9g: Test, l\u00e9lek - \u00c9lethagyom\u00e1ny V. - Scruton","isPartOf":{"@id":"https:\/\/scruton.hu\/#website"},"primaryImageOfPage":{"@id":"https:\/\/scruton.hu\/termek\/egesz-seg-test-lelek-elethagyomany-v\/#primaryimage"},"image":{"@id":"https:\/\/scruton.hu\/termek\/egesz-seg-test-lelek-elethagyomany-v\/#primaryimage"},"thumbnailUrl":"https:\/\/scruton.hu\/wp-content\/uploads\/2026\/05\/05.21.-fo-EGESZ-seg.jpg","datePublished":"2026-05-05T11:31:25+00:00","dateModified":"2026-05-14T18:47:30+00:00","breadcrumb":{"@id":"https:\/\/scruton.hu\/termek\/egesz-seg-test-lelek-elethagyomany-v\/#breadcrumb"},"inLanguage":"en-GB","potentialAction":[{"@type":"ReadAction","target":["https:\/\/scruton.hu\/termek\/egesz-seg-test-lelek-elethagyomany-v\/"]}]},{"@type":"ImageObject","inLanguage":"en-GB","@id":"https:\/\/scruton.hu\/termek\/egesz-seg-test-lelek-elethagyomany-v\/#primaryimage","url":"https:\/\/scruton.hu\/wp-content\/uploads\/2026\/05\/05.21.-fo-EGESZ-seg.jpg","contentUrl":"https:\/\/scruton.hu\/wp-content\/uploads\/2026\/05\/05.21.-fo-EGESZ-seg.jpg","width":1920,"height":1080},{"@type":"BreadcrumbList","@id":"https:\/\/scruton.hu\/termek\/egesz-seg-test-lelek-elethagyomany-v\/#breadcrumb","itemListElement":[{"@type":"ListItem","position":1,"name":"Kezd\u0151lap","item":"https:\/\/scruton.hu\/"},{"@type":"ListItem","position":2,"name":"Shop","item":"https:\/\/scruton.hu\/en\/uzlet\/"},{"@type":"ListItem","position":3,"name":"EG\u00c9SZ-s\u00e9g: Test, l\u00e9lek &#8211; \u00c9lethagyom\u00e1ny V."}]},{"@type":"WebSite","@id":"https:\/\/scruton.hu\/#website","url":"https:\/\/scruton.hu\/","name":"Scruton","description":"The place of value creation","publisher":{"@id":"https:\/\/scruton.hu\/#organization"},"potentialAction":[{"@type":"SearchAction","target":{"@type":"EntryPoint","urlTemplate":"https:\/\/scruton.hu\/?s={search_term_string}"},"query-input":{"@type":"PropertyValueSpecification","valueRequired":true,"valueName":"search_term_string"}}],"inLanguage":"en-GB"},{"@type":"Organization","@id":"https:\/\/scruton.hu\/#organization","name":"Scruton","url":"https:\/\/scruton.hu\/","logo":{"@type":"ImageObject","inLanguage":"en-GB","@id":"https:\/\/scruton.hu\/#\/schema\/logo\/image\/","url":"https:\/\/scruton.hu\/wp-content\/uploads\/2025\/07\/scruton_feher.png","contentUrl":"https:\/\/scruton.hu\/wp-content\/uploads\/2025\/07\/scruton_feher.png","width":500,"height":74,"caption":"Scruton"},"image":{"@id":"https:\/\/scruton.hu\/#\/schema\/logo\/image\/"}}]},"product_price_currency":"HUF","og_availability":"instock","product_availability":"instock","product_condition":"new"},"_links":{"self":[{"href":"https:\/\/scruton.hu\/en\/wp-json\/wp\/v2\/product\/10563","targetHints":{"allow":["GET"]}}],"collection":[{"href":"https:\/\/scruton.hu\/en\/wp-json\/wp\/v2\/product"}],"about":[{"href":"https:\/\/scruton.hu\/en\/wp-json\/wp\/v2\/types\/product"}],"replies":[{"embeddable":true,"href":"https:\/\/scruton.hu\/en\/wp-json\/wp\/v2\/comments?post=10563"}],"wp:featuredmedia":[{"embeddable":true,"href":"https:\/\/scruton.hu\/en\/wp-json\/wp\/v2\/media\/10565"}],"wp:attachment":[{"href":"https:\/\/scruton.hu\/en\/wp-json\/wp\/v2\/media?parent=10563"}],"wp:term":[{"taxonomy":"product_brand","embeddable":true,"href":"https:\/\/scruton.hu\/en\/wp-json\/wp\/v2\/product_brand?post=10563"},{"taxonomy":"product_cat","embeddable":true,"href":"https:\/\/scruton.hu\/en\/wp-json\/wp\/v2\/product_cat?post=10563"},{"taxonomy":"product_tag","embeddable":true,"href":"https:\/\/scruton.hu\/en\/wp-json\/wp\/v2\/product_tag?post=10563"}],"curies":[{"name":"wp","href":"https:\/\/api.w.org\/{rel}","templated":true}]}}