{"id":10532,"date":"2026-05-05T12:42:23","date_gmt":"2026-05-05T10:42:23","guid":{"rendered":"https:\/\/scruton.hu\/?post_type=product&#038;p=10532"},"modified":"2026-05-13T16:32:59","modified_gmt":"2026-05-13T14:32:59","slug":"idokapszula-attila-a-hunok-kiralya","status":"publish","type":"product","link":"https:\/\/scruton.hu\/en\/termek\/idokapszula-attila-a-hunok-kiralya\/","title":{"rendered":"Id\u0151kapszula: Attila, a hunok kir\u00e1lya"},"content":{"rendered":"<blockquote><p><em><strong>Attila, a hunok kir\u00e1lya \u2013 legenda vagy t\u00f6rt\u00e9nelmi val\u00f3s\u00e1g?<\/strong><\/em><\/p><\/blockquote>\n<p>H\u00f3d\u00edt\u00f3 hadvez\u00e9r vagy birodalom\u00e9p\u00edt\u0151 uralkod\u00f3? Attila alakja \u00e9vsz\u00e1zadok \u00f3ta egyszerre f\u00e9lelmetes \u00e9s leny\u0171g\u00f6z\u0151, de vajon mit mondanak r\u00f3la a t\u00f6rt\u00e9neti forr\u00e1sok?<\/p>\n<p>Az <em>Id\u0151kapszula<\/em> e havi alkalm\u00e1val a hun uralkod\u00f3 \u00e9let\u00e9t, meg\u00edt\u00e9l\u00e9s\u00e9nek v\u00e1ltoz\u00e1sait, a hunok eredet\u00e9nek k\u00e9rd\u00e9s\u00e9t, valamint a hun\u2013magyar rokons\u00e1g r\u00e9g\u00f3ta vitatott probl\u00e9m\u00e1j\u00e1t j\u00e1rjuk k\u00f6r\u00fcl. Hol h\u00faz\u00f3dik a hat\u00e1r m\u00edtosz \u00e9s t\u00f6rt\u00e9neti val\u00f3s\u00e1g k\u00f6z\u00f6tt?<\/p>\n<p>Az est vend\u00e9gei: <strong><em>Dr. Varga Benedek<\/em><\/strong> a SOTE M\u00fazeum f\u0151igazgat\u00f3ja, az Attila-ki\u00e1ll\u00edt\u00e1s f\u0151kur\u00e1tora \u00e9s <em><strong>Dr. Szenthe Gergely<\/strong><\/em> r\u00e9g\u00e9sz-f\u0151oszt\u00e1lyvezet\u0151, az Attila-ki\u00e1ll\u00edt\u00e1s kur\u00e1tora. Az est moder\u00e1tora: <em><strong>Apor Attila<\/strong><\/em> t\u00f6rt\u00e9n\u00e9sz.<\/p>\n<p>Az est <u>kedvezm\u00e9nyes italaj\u00e1nlata<\/u> a <em>Szent Andr\u00e1s K\u00f6dfelh\u0151 k\u00e9zm\u00fcves s\u00f6r<\/em> (1 690 Ft) \u00e9s a a <em>Belgian ale Amber k\u00e9zm\u0171ves<\/em> <em>s\u00f6r<\/em> (1 990 Ft).<\/p>\n<p><strong>Date<\/strong>: 2026. m\u00e1jus 19. (kedd) 18:00<br \/>\n<strong>Helysz\u00edn<\/strong>: 1053 Budapest, Veres P\u00e1ln\u00e9 utca 12.<em> &#8211; Scruton V.P.<\/em><\/p>\n<p><em>A rendezv\u00e9ny ingyenes, de a korl\u00e1tozott l\u00e9tsz\u00e1mra val\u00f3 tekintettel, k\u00e9rj\u00fck el\u0151zetesen regisztr\u00e1ljon!<\/em><br \/>\n<em>Vend\u00e9geinket k\u00e9rj\u00fck, hogy programkezd\u00e9s el\u0151tt legk\u00e9s\u0151bb 10-15 perccel \u00e9rkezzenek meg! A helyek elfoglal\u00e1sa \u00e9rkez\u00e9si sorrendben t\u00f6rt\u00e9nik.<\/em><br \/>\n<em>Rendezv\u00e9ny\u00fcnk\u00f6n k\u00e9p \u00e9s hangfelv\u00e9tel k\u00e9sz\u00fclhet, melyet rekl\u00e1m- \u00e9s dokument\u00e1ci\u00f3s c\u00e9lra is felhaszn\u00e1lhatunk!<\/em><br \/>\n<em>A felmer\u00fcl\u0151 k\u00e9rd\u00e9sekkel kapcsolatban, illetve ha esetleg m\u00e9gsem tud r\u00e9szt venni az esem\u00e9nyen, k\u00e9rj\u00fck \u00edrjon a program@scruton.hu e-mail c\u00edmre!<\/em><\/p>","protected":false},"excerpt":{"rendered":"<p>Attila, a hunok kir\u00e1lya \u2013 legenda vagy t\u00f6rt\u00e9nelmi val\u00f3s\u00e1g? H\u00f3d\u00edt\u00f3 hadvez\u00e9r vagy birodalom\u00e9p\u00edt\u0151 uralkod\u00f3? Attila alakja \u00e9vsz\u00e1zadok \u00f3ta egyszerre f\u00e9lelmetes \u00e9s leny\u0171g\u00f6z\u0151, de vajon mit mondanak r\u00f3la a t\u00f6rt\u00e9neti forr\u00e1sok? Az Id\u0151kapszula e havi alkalm\u00e1val a hun uralkod\u00f3 \u00e9let\u00e9t, meg\u00edt\u00e9l\u00e9s\u00e9nek v\u00e1ltoz\u00e1sait, a hunok eredet\u00e9nek k\u00e9rd\u00e9s\u00e9t, valamint a hun\u2013magyar rokons\u00e1g r\u00e9g\u00f3ta vitatott probl\u00e9m\u00e1j\u00e1t j\u00e1rjuk k\u00f6r\u00fcl. Hol [&hellip;]<\/p>\n","protected":false},"featured_media":10611,"comment_status":"open","ping_status":"closed","template":"","meta":{"_acf_changed":false},"product_brand":[],"product_cat":[94,95],"product_tag":[],"class_list":{"0":"post-10532","1":"product","2":"type-product","3":"status-publish","4":"has-post-thumbnail","6":"product_cat-esemeny","7":"product_cat-scruton-v-p","9":"first","10":"instock","11":"downloadable","12":"virtual","13":"purchasable","14":"product-type-simple"},"acf":[],"yoast_head":"<!-- This site is optimized with the Yoast SEO Premium plugin v27.5 (Yoast SEO v27.5) - https:\/\/yoast.com\/product\/yoast-seo-premium-wordpress\/ -->\n<title>Id\u0151kapszula: Attila, a hunok kir\u00e1lya - Scruton<\/title>\n<meta name=\"robots\" content=\"index, follow, max-snippet:-1, max-image-preview:large, max-video-preview:-1\" \/>\n<link rel=\"canonical\" href=\"https:\/\/scruton.hu\/en\/product\/idokapszula-attila-a-hunok-kiralya\/\" \/>\n<meta property=\"og:locale\" content=\"en_GB\" \/>\n<meta property=\"og:type\" content=\"article\" \/>\n<meta property=\"og:title\" content=\"Id\u0151kapszula: Attila, a hunok kir\u00e1lya\" \/>\n<meta property=\"og:description\" content=\"Attila, a hunok kir\u00e1lya \u2013 legenda vagy t\u00f6rt\u00e9nelmi val\u00f3s\u00e1g? H\u00f3d\u00edt\u00f3 hadvez\u00e9r vagy birodalom\u00e9p\u00edt\u0151 uralkod\u00f3? Attila alakja \u00e9vsz\u00e1zadok \u00f3ta egyszerre f\u00e9lelmetes \u00e9s leny\u0171g\u00f6z\u0151, de vajon mit mondanak r\u00f3la a t\u00f6rt\u00e9neti forr\u00e1sok? Az Id\u0151kapszula e havi alkalm\u00e1val a hun uralkod\u00f3 \u00e9let\u00e9t, meg\u00edt\u00e9l\u00e9s\u00e9nek v\u00e1ltoz\u00e1sait, a hunok eredet\u00e9nek k\u00e9rd\u00e9s\u00e9t, valamint a hun\u2013magyar rokons\u00e1g r\u00e9g\u00f3ta vitatott probl\u00e9m\u00e1j\u00e1t j\u00e1rjuk k\u00f6r\u00fcl. Hol [&hellip;]\" \/>\n<meta property=\"og:url\" content=\"https:\/\/scruton.hu\/en\/product\/idokapszula-attila-a-hunok-kiralya\/\" \/>\n<meta property=\"og:site_name\" content=\"Scruton\" \/>\n<meta property=\"article:modified_time\" content=\"2026-05-13T14:32:59+00:00\" \/>\n<meta property=\"og:image\" content=\"http:\/\/scruton.hu\/wp-content\/uploads\/2026\/05\/05.19.-ok-Idokapszula.jpg\" \/>\n\t<meta property=\"og:image:width\" content=\"1920\" \/>\n\t<meta property=\"og:image:height\" content=\"1080\" \/>\n\t<meta property=\"og:image:type\" content=\"image\/jpeg\" \/>\n<meta name=\"twitter:card\" content=\"summary_large_image\" \/>\n<meta name=\"twitter:label1\" content=\"Price\" \/>\n\t<meta name=\"twitter:data1\" content=\"0&nbsp;&#070;&#116;\" \/>\n\t<meta name=\"twitter:label2\" content=\"Availability\" \/>\n\t<meta name=\"twitter:data2\" content=\"In stock\" \/>\n<script type=\"application\/ld+json\" class=\"yoast-schema-graph\">{\"@context\":\"https:\\\/\\\/schema.org\",\"@graph\":[{\"@type\":\"WebPage\",\"@id\":\"https:\\\/\\\/scruton.hu\\\/termek\\\/idokapszula-attila-a-hunok-kiralya\\\/\",\"url\":\"https:\\\/\\\/scruton.hu\\\/termek\\\/idokapszula-attila-a-hunok-kiralya\\\/\",\"name\":\"Id\u0151kapszula: Attila, a hunok kir\u00e1lya - Scruton\",\"isPartOf\":{\"@id\":\"https:\\\/\\\/scruton.hu\\\/#website\"},\"primaryImageOfPage\":{\"@id\":\"https:\\\/\\\/scruton.hu\\\/termek\\\/idokapszula-attila-a-hunok-kiralya\\\/#primaryimage\"},\"image\":{\"@id\":\"https:\\\/\\\/scruton.hu\\\/termek\\\/idokapszula-attila-a-hunok-kiralya\\\/#primaryimage\"},\"thumbnailUrl\":\"https:\\\/\\\/scruton.hu\\\/wp-content\\\/uploads\\\/2026\\\/05\\\/05.19.-ok-Idokapszula.jpg\",\"datePublished\":\"2026-05-05T10:42:23+00:00\",\"dateModified\":\"2026-05-13T14:32:59+00:00\",\"breadcrumb\":{\"@id\":\"https:\\\/\\\/scruton.hu\\\/termek\\\/idokapszula-attila-a-hunok-kiralya\\\/#breadcrumb\"},\"inLanguage\":\"en-GB\",\"potentialAction\":[{\"@type\":\"ReadAction\",\"target\":[\"https:\\\/\\\/scruton.hu\\\/termek\\\/idokapszula-attila-a-hunok-kiralya\\\/\"]}]},{\"@type\":\"ImageObject\",\"inLanguage\":\"en-GB\",\"@id\":\"https:\\\/\\\/scruton.hu\\\/termek\\\/idokapszula-attila-a-hunok-kiralya\\\/#primaryimage\",\"url\":\"https:\\\/\\\/scruton.hu\\\/wp-content\\\/uploads\\\/2026\\\/05\\\/05.19.-ok-Idokapszula.jpg\",\"contentUrl\":\"https:\\\/\\\/scruton.hu\\\/wp-content\\\/uploads\\\/2026\\\/05\\\/05.19.-ok-Idokapszula.jpg\",\"width\":1920,\"height\":1080},{\"@type\":\"BreadcrumbList\",\"@id\":\"https:\\\/\\\/scruton.hu\\\/termek\\\/idokapszula-attila-a-hunok-kiralya\\\/#breadcrumb\",\"itemListElement\":[{\"@type\":\"ListItem\",\"position\":1,\"name\":\"Kezd\u0151lap\",\"item\":\"https:\\\/\\\/scruton.hu\\\/\"},{\"@type\":\"ListItem\",\"position\":2,\"name\":\"Shop\",\"item\":\"https:\\\/\\\/scruton.hu\\\/en\\\/uzlet\\\/\"},{\"@type\":\"ListItem\",\"position\":3,\"name\":\"Id\u0151kapszula: Attila, a hunok kir\u00e1lya\"}]},{\"@type\":\"WebSite\",\"@id\":\"https:\\\/\\\/scruton.hu\\\/#website\",\"url\":\"https:\\\/\\\/scruton.hu\\\/\",\"name\":\"Scruton\",\"description\":\"Az \u00e9rt\u00e9kteremt\u00e9s helye\",\"publisher\":{\"@id\":\"https:\\\/\\\/scruton.hu\\\/#organization\"},\"potentialAction\":[{\"@type\":\"SearchAction\",\"target\":{\"@type\":\"EntryPoint\",\"urlTemplate\":\"https:\\\/\\\/scruton.hu\\\/?s={search_term_string}\"},\"query-input\":{\"@type\":\"PropertyValueSpecification\",\"valueRequired\":true,\"valueName\":\"search_term_string\"}}],\"inLanguage\":\"en-GB\"},{\"@type\":\"Organization\",\"@id\":\"https:\\\/\\\/scruton.hu\\\/#organization\",\"name\":\"Scruton\",\"url\":\"https:\\\/\\\/scruton.hu\\\/\",\"logo\":{\"@type\":\"ImageObject\",\"inLanguage\":\"en-GB\",\"@id\":\"https:\\\/\\\/scruton.hu\\\/#\\\/schema\\\/logo\\\/image\\\/\",\"url\":\"https:\\\/\\\/scruton.hu\\\/wp-content\\\/uploads\\\/2025\\\/07\\\/scruton_feher.png\",\"contentUrl\":\"https:\\\/\\\/scruton.hu\\\/wp-content\\\/uploads\\\/2025\\\/07\\\/scruton_feher.png\",\"width\":500,\"height\":74,\"caption\":\"Scruton\"},\"image\":{\"@id\":\"https:\\\/\\\/scruton.hu\\\/#\\\/schema\\\/logo\\\/image\\\/\"}}]}<\/script>\n<meta property=\"product:price:amount\" content=\"0\" \/>\n<meta property=\"product:price:currency\" content=\"HUF\" \/>\n<meta property=\"og:availability\" content=\"instock\" \/>\n<meta property=\"product:availability\" content=\"instock\" \/>\n<meta property=\"product:condition\" content=\"new\" \/>\n<!-- \/ Yoast SEO Premium plugin. -->","yoast_head_json":{"title":"Id\u0151kapszula: Attila, a hunok kir\u00e1lya - Scruton","robots":{"index":"index","follow":"follow","max-snippet":"max-snippet:-1","max-image-preview":"max-image-preview:large","max-video-preview":"max-video-preview:-1"},"canonical":"https:\/\/scruton.hu\/en\/product\/idokapszula-attila-a-hunok-kiralya\/","og_locale":"en_GB","og_type":"article","og_title":"Id\u0151kapszula: Attila, a hunok kir\u00e1lya","og_description":"Attila, a hunok kir\u00e1lya \u2013 legenda vagy t\u00f6rt\u00e9nelmi val\u00f3s\u00e1g? H\u00f3d\u00edt\u00f3 hadvez\u00e9r vagy birodalom\u00e9p\u00edt\u0151 uralkod\u00f3? Attila alakja \u00e9vsz\u00e1zadok \u00f3ta egyszerre f\u00e9lelmetes \u00e9s leny\u0171g\u00f6z\u0151, de vajon mit mondanak r\u00f3la a t\u00f6rt\u00e9neti forr\u00e1sok? Az Id\u0151kapszula e havi alkalm\u00e1val a hun uralkod\u00f3 \u00e9let\u00e9t, meg\u00edt\u00e9l\u00e9s\u00e9nek v\u00e1ltoz\u00e1sait, a hunok eredet\u00e9nek k\u00e9rd\u00e9s\u00e9t, valamint a hun\u2013magyar rokons\u00e1g r\u00e9g\u00f3ta vitatott probl\u00e9m\u00e1j\u00e1t j\u00e1rjuk k\u00f6r\u00fcl. Hol [&hellip;]","og_url":"https:\/\/scruton.hu\/en\/product\/idokapszula-attila-a-hunok-kiralya\/","og_site_name":"Scruton","article_modified_time":"2026-05-13T14:32:59+00:00","og_image":[{"width":1920,"height":1080,"url":"http:\/\/scruton.hu\/wp-content\/uploads\/2026\/05\/05.19.-ok-Idokapszula.jpg","type":"image\/jpeg"}],"twitter_card":"summary_large_image","twitter_misc":{"Price":"0&nbsp;&#70;&#116;","Availability":"In stock"},"schema":{"@context":"https:\/\/schema.org","@graph":[{"@type":"WebPage","@id":"https:\/\/scruton.hu\/termek\/idokapszula-attila-a-hunok-kiralya\/","url":"https:\/\/scruton.hu\/termek\/idokapszula-attila-a-hunok-kiralya\/","name":"Id\u0151kapszula: Attila, a hunok kir\u00e1lya - Scruton","isPartOf":{"@id":"https:\/\/scruton.hu\/#website"},"primaryImageOfPage":{"@id":"https:\/\/scruton.hu\/termek\/idokapszula-attila-a-hunok-kiralya\/#primaryimage"},"image":{"@id":"https:\/\/scruton.hu\/termek\/idokapszula-attila-a-hunok-kiralya\/#primaryimage"},"thumbnailUrl":"https:\/\/scruton.hu\/wp-content\/uploads\/2026\/05\/05.19.-ok-Idokapszula.jpg","datePublished":"2026-05-05T10:42:23+00:00","dateModified":"2026-05-13T14:32:59+00:00","breadcrumb":{"@id":"https:\/\/scruton.hu\/termek\/idokapszula-attila-a-hunok-kiralya\/#breadcrumb"},"inLanguage":"en-GB","potentialAction":[{"@type":"ReadAction","target":["https:\/\/scruton.hu\/termek\/idokapszula-attila-a-hunok-kiralya\/"]}]},{"@type":"ImageObject","inLanguage":"en-GB","@id":"https:\/\/scruton.hu\/termek\/idokapszula-attila-a-hunok-kiralya\/#primaryimage","url":"https:\/\/scruton.hu\/wp-content\/uploads\/2026\/05\/05.19.-ok-Idokapszula.jpg","contentUrl":"https:\/\/scruton.hu\/wp-content\/uploads\/2026\/05\/05.19.-ok-Idokapszula.jpg","width":1920,"height":1080},{"@type":"BreadcrumbList","@id":"https:\/\/scruton.hu\/termek\/idokapszula-attila-a-hunok-kiralya\/#breadcrumb","itemListElement":[{"@type":"ListItem","position":1,"name":"Kezd\u0151lap","item":"https:\/\/scruton.hu\/"},{"@type":"ListItem","position":2,"name":"Shop","item":"https:\/\/scruton.hu\/en\/uzlet\/"},{"@type":"ListItem","position":3,"name":"Id\u0151kapszula: Attila, a hunok kir\u00e1lya"}]},{"@type":"WebSite","@id":"https:\/\/scruton.hu\/#website","url":"https:\/\/scruton.hu\/","name":"Scruton","description":"The place of value creation","publisher":{"@id":"https:\/\/scruton.hu\/#organization"},"potentialAction":[{"@type":"SearchAction","target":{"@type":"EntryPoint","urlTemplate":"https:\/\/scruton.hu\/?s={search_term_string}"},"query-input":{"@type":"PropertyValueSpecification","valueRequired":true,"valueName":"search_term_string"}}],"inLanguage":"en-GB"},{"@type":"Organization","@id":"https:\/\/scruton.hu\/#organization","name":"Scruton","url":"https:\/\/scruton.hu\/","logo":{"@type":"ImageObject","inLanguage":"en-GB","@id":"https:\/\/scruton.hu\/#\/schema\/logo\/image\/","url":"https:\/\/scruton.hu\/wp-content\/uploads\/2025\/07\/scruton_feher.png","contentUrl":"https:\/\/scruton.hu\/wp-content\/uploads\/2025\/07\/scruton_feher.png","width":500,"height":74,"caption":"Scruton"},"image":{"@id":"https:\/\/scruton.hu\/#\/schema\/logo\/image\/"}}]},"product_price_currency":"HUF","og_availability":"instock","product_availability":"instock","product_condition":"new"},"_links":{"self":[{"href":"https:\/\/scruton.hu\/en\/wp-json\/wp\/v2\/product\/10532","targetHints":{"allow":["GET"]}}],"collection":[{"href":"https:\/\/scruton.hu\/en\/wp-json\/wp\/v2\/product"}],"about":[{"href":"https:\/\/scruton.hu\/en\/wp-json\/wp\/v2\/types\/product"}],"replies":[{"embeddable":true,"href":"https:\/\/scruton.hu\/en\/wp-json\/wp\/v2\/comments?post=10532"}],"wp:featuredmedia":[{"embeddable":true,"href":"https:\/\/scruton.hu\/en\/wp-json\/wp\/v2\/media\/10611"}],"wp:attachment":[{"href":"https:\/\/scruton.hu\/en\/wp-json\/wp\/v2\/media?parent=10532"}],"wp:term":[{"taxonomy":"product_brand","embeddable":true,"href":"https:\/\/scruton.hu\/en\/wp-json\/wp\/v2\/product_brand?post=10532"},{"taxonomy":"product_cat","embeddable":true,"href":"https:\/\/scruton.hu\/en\/wp-json\/wp\/v2\/product_cat?post=10532"},{"taxonomy":"product_tag","embeddable":true,"href":"https:\/\/scruton.hu\/en\/wp-json\/wp\/v2\/product_tag?post=10532"}],"curies":[{"name":"wp","href":"https:\/\/api.w.org\/{rel}","templated":true}]}}