{"id":10354,"date":"2026-04-28T13:39:29","date_gmt":"2026-04-28T11:39:29","guid":{"rendered":"https:\/\/scruton.hu\/?post_type=product&#038;p=10354"},"modified":"2026-04-28T13:39:30","modified_gmt":"2026-04-28T11:39:30","slug":"matchelj-eloben-35-45-eves-korosztaly","status":"publish","type":"product","link":"https:\/\/scruton.hu\/en\/termek\/matchelj-eloben-35-45-eves-korosztaly\/","title":{"rendered":"Matchelj \u00e9l\u0151ben! &#8211; 35-45 \u00e9ves koroszt\u00e1ly"},"content":{"rendered":"<p>A tavasz v\u00e9gre igaz\u00e1n meg\u00e9rkezett, \u00e9s vele egy\u00fctt a nyitotts\u00e1g is az \u00faj tal\u00e1lkoz\u00e1sokra. Egy este, ahol nincs sz\u00fcks\u00e9g profilk\u00e9pekre, jobbra h\u00faz\u00e1sokra vagy hossz\u00fa \u00fczenetv\u00e1lt\u00e1sokra \u2013 csak a szem\u00e9lyes benyom\u00e1sok sz\u00e1m\u00edtanak.<\/p>\n<p>A <em>Matchelj \u00e9l\u0151ben!<\/em> egy k\u00f6nnyed, m\u00e9gis struktur\u00e1lt ismerked\u0151s este, ahol a r\u00e9sztvev\u0151k egym\u00e1st v\u00e1ltva besz\u00e9lgetnek, \u00edgy mindenkinek lehet\u0151s\u00e9ge van t\u00f6bb \u00faj emberrel is megismerkedni. Minden k\u00f6rh\u00f6z adunk egy t\u00e9m\u00e1t vagy k\u00e9rd\u00e9st, ami seg\u00edti az elindul\u00e1st, de a besz\u00e9lget\u00e9sek term\u00e9szetesen k\u00f6tetlen\u00fcl is alakulhatnak.<\/p>\n<p>Ez az alkalom a <u>35-45 \u00e9ves koroszt\u00e1lynak<\/u> sz\u00f3l, azoknak, akik nyitottak az \u00faj kapcsol\u00f3d\u00e1sokra, \u00e9s sz\u00edvesebben adj\u00e1k meg az es\u00e9lyt egy val\u00f3di tal\u00e1lkoz\u00e1snak, mint egy \u00fajabb online \u00fczenetnek.<\/p>\n<p>Egy este, ami ak\u00e1r egy \u00faj fejezet kezdete is lehet \u2013 k\u00f6nnyed\u00e9n, tavaszi hangulatban. \ud83c\udf3f<\/p>\n<p><strong>Date<\/strong>: 2026. m\u00e1jus 21. (cs\u00fct\u00f6rt\u00f6k) 18:00<br \/>\n<strong>Helysz\u00edn<\/strong>: 1053 Budapest, Veres P\u00e1ln\u00e9 utca 12. <em>\u2013 Scruton V.P.<\/em><\/p>\n<p><em>A rendezv\u00e9ny ingyenes, de regisztr\u00e1ci\u00f3hoz k\u00f6t\u00f6tt!<\/em><br \/>\n<em>Vend\u00e9geinket k\u00e9rj\u00fck, hogy programkezd\u00e9s el\u0151tt legk\u00e9s\u0151bb 10-15 perccel \u00e9rkezzenek meg!<\/em><br \/>\n<em>A felmer\u00fcl\u0151 k\u00e9rd\u00e9sekkel kapcsolatban, illetve ha esetleg m\u00e9gsem tud r\u00e9szt venni az esem\u00e9nyen, k\u00e9rj\u00fck \u00edrjon a <a href=\"mailto:program@scruton.hu\">program@scruton.hu<\/a> e-mail c\u00edmre!<\/em><\/p>","protected":false},"excerpt":{"rendered":"<p>A tavasz v\u00e9gre igaz\u00e1n meg\u00e9rkezett, \u00e9s vele egy\u00fctt a nyitotts\u00e1g is az \u00faj tal\u00e1lkoz\u00e1sokra. Egy este, ahol nincs sz\u00fcks\u00e9g profilk\u00e9pekre, jobbra h\u00faz\u00e1sokra vagy hossz\u00fa \u00fczenetv\u00e1lt\u00e1sokra \u2013 csak a szem\u00e9lyes benyom\u00e1sok sz\u00e1m\u00edtanak. A Matchelj \u00e9l\u0151ben! egy k\u00f6nnyed, m\u00e9gis struktur\u00e1lt ismerked\u0151s este, ahol a r\u00e9sztvev\u0151k egym\u00e1st v\u00e1ltva besz\u00e9lgetnek, \u00edgy mindenkinek lehet\u0151s\u00e9ge van t\u00f6bb \u00faj emberrel is megismerkedni. [&hellip;]<\/p>\n","protected":false},"featured_media":10355,"comment_status":"open","ping_status":"closed","template":"","meta":{"_acf_changed":false},"product_brand":[],"product_cat":[94,95],"product_tag":[],"class_list":{"0":"post-10354","1":"product","2":"type-product","3":"status-publish","4":"has-post-thumbnail","6":"product_cat-esemeny","7":"product_cat-scruton-v-p","9":"first","10":"instock","11":"shipping-taxable","12":"product-type-external"},"acf":[],"yoast_head":"<!-- This site is optimized with the Yoast SEO Premium plugin v27.5 (Yoast SEO v27.5) - https:\/\/yoast.com\/product\/yoast-seo-premium-wordpress\/ -->\n<title>Matchelj \u00e9l\u0151ben! - 35-45 \u00e9ves koroszt\u00e1ly - Scruton<\/title>\n<meta name=\"robots\" content=\"index, follow, max-snippet:-1, max-image-preview:large, max-video-preview:-1\" \/>\n<link rel=\"canonical\" href=\"https:\/\/scruton.hu\/en\/product\/matchelj-eloben-35-45-eves-korosztaly\/\" \/>\n<meta property=\"og:locale\" content=\"en_GB\" \/>\n<meta property=\"og:type\" content=\"article\" \/>\n<meta property=\"og:title\" content=\"Matchelj \u00e9l\u0151ben! - 35-45 \u00e9ves koroszt\u00e1ly\" \/>\n<meta property=\"og:description\" content=\"A tavasz v\u00e9gre igaz\u00e1n meg\u00e9rkezett, \u00e9s vele egy\u00fctt a nyitotts\u00e1g is az \u00faj tal\u00e1lkoz\u00e1sokra. Egy este, ahol nincs sz\u00fcks\u00e9g profilk\u00e9pekre, jobbra h\u00faz\u00e1sokra vagy hossz\u00fa \u00fczenetv\u00e1lt\u00e1sokra \u2013 csak a szem\u00e9lyes benyom\u00e1sok sz\u00e1m\u00edtanak. A Matchelj \u00e9l\u0151ben! egy k\u00f6nnyed, m\u00e9gis struktur\u00e1lt ismerked\u0151s este, ahol a r\u00e9sztvev\u0151k egym\u00e1st v\u00e1ltva besz\u00e9lgetnek, \u00edgy mindenkinek lehet\u0151s\u00e9ge van t\u00f6bb \u00faj emberrel is megismerkedni. [&hellip;]\" \/>\n<meta property=\"og:url\" content=\"https:\/\/scruton.hu\/en\/product\/matchelj-eloben-35-45-eves-korosztaly\/\" \/>\n<meta property=\"og:site_name\" content=\"Scruton\" \/>\n<meta property=\"article:modified_time\" content=\"2026-04-28T11:39:30+00:00\" \/>\n<meta property=\"og:image\" content=\"http:\/\/scruton.hu\/wp-content\/uploads\/2026\/04\/05.21.-fo-Matchelj-eloben.jpg\" \/>\n\t<meta property=\"og:image:width\" content=\"1920\" \/>\n\t<meta property=\"og:image:height\" content=\"1080\" \/>\n\t<meta property=\"og:image:type\" content=\"image\/jpeg\" \/>\n<meta name=\"twitter:card\" content=\"summary_large_image\" \/>\n<meta name=\"twitter:label1\" content=\"Price\" \/>\n\t<meta name=\"twitter:data1\" content=\"\" \/>\n\t<meta name=\"twitter:label2\" content=\"Availability\" \/>\n\t<meta name=\"twitter:data2\" content=\"In stock\" \/>\n<script type=\"application\/ld+json\" class=\"yoast-schema-graph\">{\"@context\":\"https:\\\/\\\/schema.org\",\"@graph\":[{\"@type\":\"WebPage\",\"@id\":\"https:\\\/\\\/scruton.hu\\\/termek\\\/matchelj-eloben-35-45-eves-korosztaly\\\/\",\"url\":\"https:\\\/\\\/scruton.hu\\\/termek\\\/matchelj-eloben-35-45-eves-korosztaly\\\/\",\"name\":\"Matchelj \u00e9l\u0151ben! - 35-45 \u00e9ves koroszt\u00e1ly - Scruton\",\"isPartOf\":{\"@id\":\"https:\\\/\\\/scruton.hu\\\/#website\"},\"primaryImageOfPage\":{\"@id\":\"https:\\\/\\\/scruton.hu\\\/termek\\\/matchelj-eloben-35-45-eves-korosztaly\\\/#primaryimage\"},\"image\":{\"@id\":\"https:\\\/\\\/scruton.hu\\\/termek\\\/matchelj-eloben-35-45-eves-korosztaly\\\/#primaryimage\"},\"thumbnailUrl\":\"https:\\\/\\\/scruton.hu\\\/wp-content\\\/uploads\\\/2026\\\/04\\\/05.21.-fo-Matchelj-eloben.jpg\",\"datePublished\":\"2026-04-28T11:39:29+00:00\",\"dateModified\":\"2026-04-28T11:39:30+00:00\",\"breadcrumb\":{\"@id\":\"https:\\\/\\\/scruton.hu\\\/termek\\\/matchelj-eloben-35-45-eves-korosztaly\\\/#breadcrumb\"},\"inLanguage\":\"en-GB\",\"potentialAction\":[{\"@type\":\"ReadAction\",\"target\":[\"https:\\\/\\\/scruton.hu\\\/termek\\\/matchelj-eloben-35-45-eves-korosztaly\\\/\"]}]},{\"@type\":\"ImageObject\",\"inLanguage\":\"en-GB\",\"@id\":\"https:\\\/\\\/scruton.hu\\\/termek\\\/matchelj-eloben-35-45-eves-korosztaly\\\/#primaryimage\",\"url\":\"https:\\\/\\\/scruton.hu\\\/wp-content\\\/uploads\\\/2026\\\/04\\\/05.21.-fo-Matchelj-eloben.jpg\",\"contentUrl\":\"https:\\\/\\\/scruton.hu\\\/wp-content\\\/uploads\\\/2026\\\/04\\\/05.21.-fo-Matchelj-eloben.jpg\",\"width\":1920,\"height\":1080},{\"@type\":\"BreadcrumbList\",\"@id\":\"https:\\\/\\\/scruton.hu\\\/termek\\\/matchelj-eloben-35-45-eves-korosztaly\\\/#breadcrumb\",\"itemListElement\":[{\"@type\":\"ListItem\",\"position\":1,\"name\":\"Kezd\u0151lap\",\"item\":\"https:\\\/\\\/scruton.hu\\\/\"},{\"@type\":\"ListItem\",\"position\":2,\"name\":\"Shop\",\"item\":\"https:\\\/\\\/scruton.hu\\\/en\\\/uzlet\\\/\"},{\"@type\":\"ListItem\",\"position\":3,\"name\":\"Matchelj \u00e9l\u0151ben! &#8211; 35-45 \u00e9ves koroszt\u00e1ly\"}]},{\"@type\":\"WebSite\",\"@id\":\"https:\\\/\\\/scruton.hu\\\/#website\",\"url\":\"https:\\\/\\\/scruton.hu\\\/\",\"name\":\"Scruton\",\"description\":\"Az \u00e9rt\u00e9kteremt\u00e9s helye\",\"publisher\":{\"@id\":\"https:\\\/\\\/scruton.hu\\\/#organization\"},\"potentialAction\":[{\"@type\":\"SearchAction\",\"target\":{\"@type\":\"EntryPoint\",\"urlTemplate\":\"https:\\\/\\\/scruton.hu\\\/?s={search_term_string}\"},\"query-input\":{\"@type\":\"PropertyValueSpecification\",\"valueRequired\":true,\"valueName\":\"search_term_string\"}}],\"inLanguage\":\"en-GB\"},{\"@type\":\"Organization\",\"@id\":\"https:\\\/\\\/scruton.hu\\\/#organization\",\"name\":\"Scruton\",\"url\":\"https:\\\/\\\/scruton.hu\\\/\",\"logo\":{\"@type\":\"ImageObject\",\"inLanguage\":\"en-GB\",\"@id\":\"https:\\\/\\\/scruton.hu\\\/#\\\/schema\\\/logo\\\/image\\\/\",\"url\":\"https:\\\/\\\/scruton.hu\\\/wp-content\\\/uploads\\\/2025\\\/07\\\/scruton_feher.png\",\"contentUrl\":\"https:\\\/\\\/scruton.hu\\\/wp-content\\\/uploads\\\/2025\\\/07\\\/scruton_feher.png\",\"width\":500,\"height\":74,\"caption\":\"Scruton\"},\"image\":{\"@id\":\"https:\\\/\\\/scruton.hu\\\/#\\\/schema\\\/logo\\\/image\\\/\"}}]}<\/script>\n<meta property=\"product:price:currency\" content=\"HUF\" \/>\n<meta property=\"og:availability\" content=\"instock\" \/>\n<meta property=\"product:availability\" content=\"instock\" \/>\n<meta property=\"product:condition\" content=\"new\" \/>\n<!-- \/ Yoast SEO Premium plugin. -->","yoast_head_json":{"title":"Matchelj \u00e9l\u0151ben! - 35-45 \u00e9ves koroszt\u00e1ly - Scruton","robots":{"index":"index","follow":"follow","max-snippet":"max-snippet:-1","max-image-preview":"max-image-preview:large","max-video-preview":"max-video-preview:-1"},"canonical":"https:\/\/scruton.hu\/en\/product\/matchelj-eloben-35-45-eves-korosztaly\/","og_locale":"en_GB","og_type":"article","og_title":"Matchelj \u00e9l\u0151ben! - 35-45 \u00e9ves koroszt\u00e1ly","og_description":"A tavasz v\u00e9gre igaz\u00e1n meg\u00e9rkezett, \u00e9s vele egy\u00fctt a nyitotts\u00e1g is az \u00faj tal\u00e1lkoz\u00e1sokra. Egy este, ahol nincs sz\u00fcks\u00e9g profilk\u00e9pekre, jobbra h\u00faz\u00e1sokra vagy hossz\u00fa \u00fczenetv\u00e1lt\u00e1sokra \u2013 csak a szem\u00e9lyes benyom\u00e1sok sz\u00e1m\u00edtanak. A Matchelj \u00e9l\u0151ben! egy k\u00f6nnyed, m\u00e9gis struktur\u00e1lt ismerked\u0151s este, ahol a r\u00e9sztvev\u0151k egym\u00e1st v\u00e1ltva besz\u00e9lgetnek, \u00edgy mindenkinek lehet\u0151s\u00e9ge van t\u00f6bb \u00faj emberrel is megismerkedni. [&hellip;]","og_url":"https:\/\/scruton.hu\/en\/product\/matchelj-eloben-35-45-eves-korosztaly\/","og_site_name":"Scruton","article_modified_time":"2026-04-28T11:39:30+00:00","og_image":[{"width":1920,"height":1080,"url":"http:\/\/scruton.hu\/wp-content\/uploads\/2026\/04\/05.21.-fo-Matchelj-eloben.jpg","type":"image\/jpeg"}],"twitter_card":"summary_large_image","twitter_misc":{"Price":"","Availability":"In stock"},"schema":{"@context":"https:\/\/schema.org","@graph":[{"@type":"WebPage","@id":"https:\/\/scruton.hu\/termek\/matchelj-eloben-35-45-eves-korosztaly\/","url":"https:\/\/scruton.hu\/termek\/matchelj-eloben-35-45-eves-korosztaly\/","name":"Matchelj \u00e9l\u0151ben! - 35-45 \u00e9ves koroszt\u00e1ly - Scruton","isPartOf":{"@id":"https:\/\/scruton.hu\/#website"},"primaryImageOfPage":{"@id":"https:\/\/scruton.hu\/termek\/matchelj-eloben-35-45-eves-korosztaly\/#primaryimage"},"image":{"@id":"https:\/\/scruton.hu\/termek\/matchelj-eloben-35-45-eves-korosztaly\/#primaryimage"},"thumbnailUrl":"https:\/\/scruton.hu\/wp-content\/uploads\/2026\/04\/05.21.-fo-Matchelj-eloben.jpg","datePublished":"2026-04-28T11:39:29+00:00","dateModified":"2026-04-28T11:39:30+00:00","breadcrumb":{"@id":"https:\/\/scruton.hu\/termek\/matchelj-eloben-35-45-eves-korosztaly\/#breadcrumb"},"inLanguage":"en-GB","potentialAction":[{"@type":"ReadAction","target":["https:\/\/scruton.hu\/termek\/matchelj-eloben-35-45-eves-korosztaly\/"]}]},{"@type":"ImageObject","inLanguage":"en-GB","@id":"https:\/\/scruton.hu\/termek\/matchelj-eloben-35-45-eves-korosztaly\/#primaryimage","url":"https:\/\/scruton.hu\/wp-content\/uploads\/2026\/04\/05.21.-fo-Matchelj-eloben.jpg","contentUrl":"https:\/\/scruton.hu\/wp-content\/uploads\/2026\/04\/05.21.-fo-Matchelj-eloben.jpg","width":1920,"height":1080},{"@type":"BreadcrumbList","@id":"https:\/\/scruton.hu\/termek\/matchelj-eloben-35-45-eves-korosztaly\/#breadcrumb","itemListElement":[{"@type":"ListItem","position":1,"name":"Kezd\u0151lap","item":"https:\/\/scruton.hu\/"},{"@type":"ListItem","position":2,"name":"Shop","item":"https:\/\/scruton.hu\/en\/uzlet\/"},{"@type":"ListItem","position":3,"name":"Matchelj \u00e9l\u0151ben! &#8211; 35-45 \u00e9ves koroszt\u00e1ly"}]},{"@type":"WebSite","@id":"https:\/\/scruton.hu\/#website","url":"https:\/\/scruton.hu\/","name":"Scruton","description":"The place of value creation","publisher":{"@id":"https:\/\/scruton.hu\/#organization"},"potentialAction":[{"@type":"SearchAction","target":{"@type":"EntryPoint","urlTemplate":"https:\/\/scruton.hu\/?s={search_term_string}"},"query-input":{"@type":"PropertyValueSpecification","valueRequired":true,"valueName":"search_term_string"}}],"inLanguage":"en-GB"},{"@type":"Organization","@id":"https:\/\/scruton.hu\/#organization","name":"Scruton","url":"https:\/\/scruton.hu\/","logo":{"@type":"ImageObject","inLanguage":"en-GB","@id":"https:\/\/scruton.hu\/#\/schema\/logo\/image\/","url":"https:\/\/scruton.hu\/wp-content\/uploads\/2025\/07\/scruton_feher.png","contentUrl":"https:\/\/scruton.hu\/wp-content\/uploads\/2025\/07\/scruton_feher.png","width":500,"height":74,"caption":"Scruton"},"image":{"@id":"https:\/\/scruton.hu\/#\/schema\/logo\/image\/"}}]},"product_price_currency":"HUF","og_availability":"instock","product_availability":"instock","product_condition":"new"},"_links":{"self":[{"href":"https:\/\/scruton.hu\/en\/wp-json\/wp\/v2\/product\/10354","targetHints":{"allow":["GET"]}}],"collection":[{"href":"https:\/\/scruton.hu\/en\/wp-json\/wp\/v2\/product"}],"about":[{"href":"https:\/\/scruton.hu\/en\/wp-json\/wp\/v2\/types\/product"}],"replies":[{"embeddable":true,"href":"https:\/\/scruton.hu\/en\/wp-json\/wp\/v2\/comments?post=10354"}],"wp:featuredmedia":[{"embeddable":true,"href":"https:\/\/scruton.hu\/en\/wp-json\/wp\/v2\/media\/10355"}],"wp:attachment":[{"href":"https:\/\/scruton.hu\/en\/wp-json\/wp\/v2\/media?parent=10354"}],"wp:term":[{"taxonomy":"product_brand","embeddable":true,"href":"https:\/\/scruton.hu\/en\/wp-json\/wp\/v2\/product_brand?post=10354"},{"taxonomy":"product_cat","embeddable":true,"href":"https:\/\/scruton.hu\/en\/wp-json\/wp\/v2\/product_cat?post=10354"},{"taxonomy":"product_tag","embeddable":true,"href":"https:\/\/scruton.hu\/en\/wp-json\/wp\/v2\/product_tag?post=10354"}],"curies":[{"name":"wp","href":"https:\/\/api.w.org\/{rel}","templated":true}]}}