{"id":10186,"date":"2026-04-24T11:08:37","date_gmt":"2026-04-24T09:08:37","guid":{"rendered":"https:\/\/scruton.hu\/?post_type=product&#038;p=10186"},"modified":"2026-04-30T23:29:54","modified_gmt":"2026-04-30T21:29:54","slug":"matt-goodwin-suicide-of-a-nation-book-launch-with-matthias","status":"publish","type":"product","link":"https:\/\/scruton.hu\/en\/termek\/matt-goodwin-suicide-of-a-nation-book-launch-with-matthias\/","title":{"rendered":"Matt Goodwin: Suicide of a Nation &#8211; Book Launch with Matthias"},"content":{"rendered":"<div class=\"xdj266r x14z9mp xat24cr x1lziwak x1vvkbs\"><strong>Book Launch: Matt Goodwin &#8211; Suicide of a Nation<\/strong><\/div>\n<div><\/div>\n<div class=\"x14z9mp xat24cr x1lziwak x1vvkbs xtlvy1s\">Join us for a thought-provoking book discussion on &#8216;Suicide of a Nation&#8217; by Matt Goodwin.<\/div>\n<div class=\"x14z9mp xat24cr x1lziwak x1vvkbs xtlvy1s\">At a time of rapid political, social, and demographic change across Europe, this book raises important questions about democracy, representation, identity, and the relationship between political elites and the public.<\/div>\n<div class=\"x14z9mp xat24cr x1lziwak x1vvkbs xtlvy1s\">Matt Goodwin will be in conversation with Matthias Victorian founder of Code Victorian, exploring the key ideas of the book and reflecting on broader trends shaping not only Britain but Europe as a whole.<\/div>\n<div class=\"x14z9mp xat24cr x1lziwak x1vvkbs xtlvy1s\">What drives the growing disconnect between citizens and institutions? How are societies changing\u2014and what might the future hold? This evening invites open discussion and critical reflection on some of today\u2019s most pressing issues.<\/div>\n<div><\/div>\n<div class=\"x14z9mp xat24cr x1lziwak x1vvkbs xtlvy1s\"><span class=\"html-span xexx8yu xyri2b x18d9i69 x1c1uobl x1hl2dhg x16tdsg8 x1vvkbs x3nfvp2 x1j61x8r x1fcty0u xdj266r xat24cr xm2jcoa x1mpyi22 xxymvpz xlup9mm x1kky2od\"><img decoding=\"async\" class=\"xz74otr x15mokao x1ga7v0g x16uus16 xbiv7yw\" src=\"https:\/\/static.xx.fbcdn.net\/images\/emoji.php\/v9\/t1d\/2\/16\/1f4c5.png\" alt=\"\ud83d\udcc5\" width=\"16\" height=\"16\" \/><\/span> <strong>Date and time<\/strong>: 6 May 2026, 18:30-19:30<br class=\"html-br\" \/><span class=\"html-span xexx8yu xyri2b x18d9i69 x1c1uobl x1hl2dhg x16tdsg8 x1vvkbs x3nfvp2 x1j61x8r x1fcty0u xdj266r xat24cr xm2jcoa x1mpyi22 xxymvpz xlup9mm x1kky2od\"><img decoding=\"async\" class=\"xz74otr x15mokao x1ga7v0g x16uus16 xbiv7yw\" src=\"https:\/\/static.xx.fbcdn.net\/images\/emoji.php\/v9\/tcc\/2\/16\/1f4cd.png\" alt=\"\ud83d\udccd\" width=\"16\" height=\"16\" \/><\/span> <strong>Location<\/strong>: Scruton Salon (1061 Budapest, Andr\u00e1ssy Street 6., 1. floor, Doorbell 3)<\/div>\n<div><\/div>\n<div class=\"x14z9mp xat24cr x1lziwak x1vvkbs xtlvy1s\">\/\/ The event is free of charge, but due to the limited number of participants, please register in advance! Seats are available on a first-come, first-served basis.<br class=\"html-br\" \/>Guests are kindly requested to arrive at least 10-15 minutes before the start of the programme!<br class=\"html-br\" \/>Pictures and sound recordings may be made at the event and may be used for advertising and documentation purposes!<br class=\"html-br\" \/>For any questions or if you are unable to attend the event, please contact scrutonhub@scruton.hu! \/\/<\/div>","protected":false},"excerpt":{"rendered":"<p>Book Launch: Matt Goodwin &#8211; Suicide of a Nation Join us for a thought-provoking book discussion on &#8216;Suicide of a Nation&#8217; by Matt Goodwin. At a time of rapid political, social, and demographic change across Europe, this book raises important questions about democracy, representation, identity, and the relationship between political elites and the public. Matt [&hellip;]<\/p>\n","protected":false},"featured_media":10193,"comment_status":"open","ping_status":"closed","template":"","meta":{"_acf_changed":false},"product_brand":[],"product_cat":[94,111],"product_tag":[],"class_list":{"0":"post-10186","1":"product","2":"type-product","3":"status-publish","4":"has-post-thumbnail","6":"product_cat-esemeny","7":"product_cat-scruton-salon","9":"first","10":"instock","11":"downloadable","12":"virtual","13":"purchasable","14":"product-type-simple"},"acf":[],"yoast_head":"<!-- This site is optimized with the Yoast SEO Premium plugin v27.4 (Yoast SEO v27.5) - https:\/\/yoast.com\/product\/yoast-seo-premium-wordpress\/ -->\n<title>Matt Goodwin: Suicide of a Nation - Book Launch with Matthias - Scruton<\/title>\n<meta name=\"robots\" content=\"index, follow, max-snippet:-1, max-image-preview:large, max-video-preview:-1\" \/>\n<link rel=\"canonical\" href=\"https:\/\/scruton.hu\/en\/product\/matt-goodwin-suicide-of-a-nation-book-launch-with-matthias\/\" \/>\n<meta property=\"og:locale\" content=\"en_GB\" \/>\n<meta property=\"og:type\" content=\"article\" \/>\n<meta property=\"og:title\" content=\"Matt Goodwin: Suicide of a Nation - Book Launch with Matthias\" \/>\n<meta property=\"og:description\" content=\"Book Launch: Matt Goodwin &#8211; Suicide of a Nation Join us for a thought-provoking book discussion on &#8216;Suicide of a Nation&#8217; by Matt Goodwin. At a time of rapid political, social, and demographic change across Europe, this book raises important questions about democracy, representation, identity, and the relationship between political elites and the public. Matt [&hellip;]\" \/>\n<meta property=\"og:url\" content=\"https:\/\/scruton.hu\/en\/product\/matt-goodwin-suicide-of-a-nation-book-launch-with-matthias\/\" \/>\n<meta property=\"og:site_name\" content=\"Scruton\" \/>\n<meta property=\"article:modified_time\" content=\"2026-04-30T21:29:54+00:00\" \/>\n<meta property=\"og:image\" content=\"http:\/\/scruton.hu\/wp-content\/uploads\/2026\/04\/678660372_836765556141513_3716228397356630687_n-1.jpg\" \/>\n\t<meta property=\"og:image:width\" content=\"1920\" \/>\n\t<meta property=\"og:image:height\" content=\"1005\" \/>\n\t<meta property=\"og:image:type\" content=\"image\/jpeg\" \/>\n<meta name=\"twitter:card\" content=\"summary_large_image\" \/>\n<meta name=\"twitter:label1\" content=\"Price\" \/>\n\t<meta name=\"twitter:data1\" content=\"0&nbsp;&#070;&#116;\" \/>\n\t<meta name=\"twitter:label2\" content=\"Availability\" \/>\n\t<meta name=\"twitter:data2\" content=\"In stock\" \/>\n<script type=\"application\/ld+json\" class=\"yoast-schema-graph\">{\"@context\":\"https:\\\/\\\/schema.org\",\"@graph\":[{\"@type\":\"WebPage\",\"@id\":\"https:\\\/\\\/scruton.hu\\\/termek\\\/matt-goodwin-suicide-of-a-nation-book-launch-with-matthias\\\/\",\"url\":\"https:\\\/\\\/scruton.hu\\\/termek\\\/matt-goodwin-suicide-of-a-nation-book-launch-with-matthias\\\/\",\"name\":\"Matt Goodwin: Suicide of a Nation - Book Launch with Matthias - Scruton\",\"isPartOf\":{\"@id\":\"https:\\\/\\\/scruton.hu\\\/#website\"},\"primaryImageOfPage\":{\"@id\":\"https:\\\/\\\/scruton.hu\\\/termek\\\/matt-goodwin-suicide-of-a-nation-book-launch-with-matthias\\\/#primaryimage\"},\"image\":{\"@id\":\"https:\\\/\\\/scruton.hu\\\/termek\\\/matt-goodwin-suicide-of-a-nation-book-launch-with-matthias\\\/#primaryimage\"},\"thumbnailUrl\":\"https:\\\/\\\/scruton.hu\\\/wp-content\\\/uploads\\\/2026\\\/04\\\/678660372_836765556141513_3716228397356630687_n-1.jpg\",\"datePublished\":\"2026-04-24T09:08:37+00:00\",\"dateModified\":\"2026-04-30T21:29:54+00:00\",\"breadcrumb\":{\"@id\":\"https:\\\/\\\/scruton.hu\\\/termek\\\/matt-goodwin-suicide-of-a-nation-book-launch-with-matthias\\\/#breadcrumb\"},\"inLanguage\":\"en-GB\",\"potentialAction\":[{\"@type\":\"ReadAction\",\"target\":[\"https:\\\/\\\/scruton.hu\\\/termek\\\/matt-goodwin-suicide-of-a-nation-book-launch-with-matthias\\\/\"]}]},{\"@type\":\"ImageObject\",\"inLanguage\":\"en-GB\",\"@id\":\"https:\\\/\\\/scruton.hu\\\/termek\\\/matt-goodwin-suicide-of-a-nation-book-launch-with-matthias\\\/#primaryimage\",\"url\":\"https:\\\/\\\/scruton.hu\\\/wp-content\\\/uploads\\\/2026\\\/04\\\/678660372_836765556141513_3716228397356630687_n-1.jpg\",\"contentUrl\":\"https:\\\/\\\/scruton.hu\\\/wp-content\\\/uploads\\\/2026\\\/04\\\/678660372_836765556141513_3716228397356630687_n-1.jpg\",\"width\":1920,\"height\":1005},{\"@type\":\"BreadcrumbList\",\"@id\":\"https:\\\/\\\/scruton.hu\\\/termek\\\/matt-goodwin-suicide-of-a-nation-book-launch-with-matthias\\\/#breadcrumb\",\"itemListElement\":[{\"@type\":\"ListItem\",\"position\":1,\"name\":\"Kezd\u0151lap\",\"item\":\"https:\\\/\\\/scruton.hu\\\/\"},{\"@type\":\"ListItem\",\"position\":2,\"name\":\"Shop\",\"item\":\"https:\\\/\\\/scruton.hu\\\/en\\\/uzlet\\\/\"},{\"@type\":\"ListItem\",\"position\":3,\"name\":\"Matt Goodwin: Suicide of a Nation &#8211; Book Launch with Matthias\"}]},{\"@type\":\"WebSite\",\"@id\":\"https:\\\/\\\/scruton.hu\\\/#website\",\"url\":\"https:\\\/\\\/scruton.hu\\\/\",\"name\":\"Scruton\",\"description\":\"Az \u00e9rt\u00e9kteremt\u00e9s helye\",\"publisher\":{\"@id\":\"https:\\\/\\\/scruton.hu\\\/#organization\"},\"potentialAction\":[{\"@type\":\"SearchAction\",\"target\":{\"@type\":\"EntryPoint\",\"urlTemplate\":\"https:\\\/\\\/scruton.hu\\\/?s={search_term_string}\"},\"query-input\":{\"@type\":\"PropertyValueSpecification\",\"valueRequired\":true,\"valueName\":\"search_term_string\"}}],\"inLanguage\":\"en-GB\"},{\"@type\":\"Organization\",\"@id\":\"https:\\\/\\\/scruton.hu\\\/#organization\",\"name\":\"Scruton\",\"url\":\"https:\\\/\\\/scruton.hu\\\/\",\"logo\":{\"@type\":\"ImageObject\",\"inLanguage\":\"en-GB\",\"@id\":\"https:\\\/\\\/scruton.hu\\\/#\\\/schema\\\/logo\\\/image\\\/\",\"url\":\"https:\\\/\\\/scruton.hu\\\/wp-content\\\/uploads\\\/2025\\\/07\\\/scruton_feher.png\",\"contentUrl\":\"https:\\\/\\\/scruton.hu\\\/wp-content\\\/uploads\\\/2025\\\/07\\\/scruton_feher.png\",\"width\":500,\"height\":74,\"caption\":\"Scruton\"},\"image\":{\"@id\":\"https:\\\/\\\/scruton.hu\\\/#\\\/schema\\\/logo\\\/image\\\/\"}}]}<\/script>\n<meta property=\"product:price:amount\" content=\"0\" \/>\n<meta property=\"product:price:currency\" content=\"HUF\" \/>\n<meta property=\"og:availability\" content=\"instock\" \/>\n<meta property=\"product:availability\" content=\"instock\" \/>\n<meta property=\"product:condition\" content=\"new\" \/>\n<!-- \/ Yoast SEO Premium plugin. -->","yoast_head_json":{"title":"Matt Goodwin: Suicide of a Nation - Book Launch with Matthias - Scruton","robots":{"index":"index","follow":"follow","max-snippet":"max-snippet:-1","max-image-preview":"max-image-preview:large","max-video-preview":"max-video-preview:-1"},"canonical":"https:\/\/scruton.hu\/en\/product\/matt-goodwin-suicide-of-a-nation-book-launch-with-matthias\/","og_locale":"en_GB","og_type":"article","og_title":"Matt Goodwin: Suicide of a Nation - Book Launch with Matthias","og_description":"Book Launch: Matt Goodwin &#8211; Suicide of a Nation Join us for a thought-provoking book discussion on &#8216;Suicide of a Nation&#8217; by Matt Goodwin. At a time of rapid political, social, and demographic change across Europe, this book raises important questions about democracy, representation, identity, and the relationship between political elites and the public. Matt [&hellip;]","og_url":"https:\/\/scruton.hu\/en\/product\/matt-goodwin-suicide-of-a-nation-book-launch-with-matthias\/","og_site_name":"Scruton","article_modified_time":"2026-04-30T21:29:54+00:00","og_image":[{"width":1920,"height":1005,"url":"http:\/\/scruton.hu\/wp-content\/uploads\/2026\/04\/678660372_836765556141513_3716228397356630687_n-1.jpg","type":"image\/jpeg"}],"twitter_card":"summary_large_image","twitter_misc":{"Price":"0&nbsp;&#70;&#116;","Availability":"In stock"},"schema":{"@context":"https:\/\/schema.org","@graph":[{"@type":"WebPage","@id":"https:\/\/scruton.hu\/termek\/matt-goodwin-suicide-of-a-nation-book-launch-with-matthias\/","url":"https:\/\/scruton.hu\/termek\/matt-goodwin-suicide-of-a-nation-book-launch-with-matthias\/","name":"Matt Goodwin: Suicide of a Nation - Book Launch with Matthias - Scruton","isPartOf":{"@id":"https:\/\/scruton.hu\/#website"},"primaryImageOfPage":{"@id":"https:\/\/scruton.hu\/termek\/matt-goodwin-suicide-of-a-nation-book-launch-with-matthias\/#primaryimage"},"image":{"@id":"https:\/\/scruton.hu\/termek\/matt-goodwin-suicide-of-a-nation-book-launch-with-matthias\/#primaryimage"},"thumbnailUrl":"https:\/\/scruton.hu\/wp-content\/uploads\/2026\/04\/678660372_836765556141513_3716228397356630687_n-1.jpg","datePublished":"2026-04-24T09:08:37+00:00","dateModified":"2026-04-30T21:29:54+00:00","breadcrumb":{"@id":"https:\/\/scruton.hu\/termek\/matt-goodwin-suicide-of-a-nation-book-launch-with-matthias\/#breadcrumb"},"inLanguage":"en-GB","potentialAction":[{"@type":"ReadAction","target":["https:\/\/scruton.hu\/termek\/matt-goodwin-suicide-of-a-nation-book-launch-with-matthias\/"]}]},{"@type":"ImageObject","inLanguage":"en-GB","@id":"https:\/\/scruton.hu\/termek\/matt-goodwin-suicide-of-a-nation-book-launch-with-matthias\/#primaryimage","url":"https:\/\/scruton.hu\/wp-content\/uploads\/2026\/04\/678660372_836765556141513_3716228397356630687_n-1.jpg","contentUrl":"https:\/\/scruton.hu\/wp-content\/uploads\/2026\/04\/678660372_836765556141513_3716228397356630687_n-1.jpg","width":1920,"height":1005},{"@type":"BreadcrumbList","@id":"https:\/\/scruton.hu\/termek\/matt-goodwin-suicide-of-a-nation-book-launch-with-matthias\/#breadcrumb","itemListElement":[{"@type":"ListItem","position":1,"name":"Kezd\u0151lap","item":"https:\/\/scruton.hu\/"},{"@type":"ListItem","position":2,"name":"Shop","item":"https:\/\/scruton.hu\/en\/uzlet\/"},{"@type":"ListItem","position":3,"name":"Matt Goodwin: Suicide of a Nation &#8211; Book Launch with Matthias"}]},{"@type":"WebSite","@id":"https:\/\/scruton.hu\/#website","url":"https:\/\/scruton.hu\/","name":"Scruton","description":"The place of value creation","publisher":{"@id":"https:\/\/scruton.hu\/#organization"},"potentialAction":[{"@type":"SearchAction","target":{"@type":"EntryPoint","urlTemplate":"https:\/\/scruton.hu\/?s={search_term_string}"},"query-input":{"@type":"PropertyValueSpecification","valueRequired":true,"valueName":"search_term_string"}}],"inLanguage":"en-GB"},{"@type":"Organization","@id":"https:\/\/scruton.hu\/#organization","name":"Scruton","url":"https:\/\/scruton.hu\/","logo":{"@type":"ImageObject","inLanguage":"en-GB","@id":"https:\/\/scruton.hu\/#\/schema\/logo\/image\/","url":"https:\/\/scruton.hu\/wp-content\/uploads\/2025\/07\/scruton_feher.png","contentUrl":"https:\/\/scruton.hu\/wp-content\/uploads\/2025\/07\/scruton_feher.png","width":500,"height":74,"caption":"Scruton"},"image":{"@id":"https:\/\/scruton.hu\/#\/schema\/logo\/image\/"}}]},"product_price_currency":"HUF","og_availability":"instock","product_availability":"instock","product_condition":"new"},"_links":{"self":[{"href":"https:\/\/scruton.hu\/en\/wp-json\/wp\/v2\/product\/10186","targetHints":{"allow":["GET"]}}],"collection":[{"href":"https:\/\/scruton.hu\/en\/wp-json\/wp\/v2\/product"}],"about":[{"href":"https:\/\/scruton.hu\/en\/wp-json\/wp\/v2\/types\/product"}],"replies":[{"embeddable":true,"href":"https:\/\/scruton.hu\/en\/wp-json\/wp\/v2\/comments?post=10186"}],"wp:featuredmedia":[{"embeddable":true,"href":"https:\/\/scruton.hu\/en\/wp-json\/wp\/v2\/media\/10193"}],"wp:attachment":[{"href":"https:\/\/scruton.hu\/en\/wp-json\/wp\/v2\/media?parent=10186"}],"wp:term":[{"taxonomy":"product_brand","embeddable":true,"href":"https:\/\/scruton.hu\/en\/wp-json\/wp\/v2\/product_brand?post=10186"},{"taxonomy":"product_cat","embeddable":true,"href":"https:\/\/scruton.hu\/en\/wp-json\/wp\/v2\/product_cat?post=10186"},{"taxonomy":"product_tag","embeddable":true,"href":"https:\/\/scruton.hu\/en\/wp-json\/wp\/v2\/product_tag?post=10186"}],"curies":[{"name":"wp","href":"https:\/\/api.w.org\/{rel}","templated":true}]}}