{"id":10126,"date":"2026-04-23T11:01:48","date_gmt":"2026-04-23T09:01:48","guid":{"rendered":"https:\/\/scruton.hu\/?post_type=product&#038;p=10126"},"modified":"2026-04-23T12:20:05","modified_gmt":"2026-04-23T10:20:05","slug":"dine-vibe-fellepo-urban-edina-5","status":"publish","type":"product","link":"https:\/\/scruton.hu\/en\/termek\/dine-vibe-fellepo-urban-edina-5\/","title":{"rendered":"DINE &amp; VIBE &#8211; Fell\u00e9p\u0151: Urb\u00e1n Edina"},"content":{"rendered":"<p>Urb\u00e1n Edina neve ismer\u0151sen csenghet a Szt\u00e1rban szt\u00e1r leszek! 2. \u00e9vad\u00e1b\u00f3l, de rendszeresen zen\u00e9l egy\u00fctt Ganxsta Zolee \u00e9s Tak\u00e1cs Vilk\u00f3 csapat\u00e1ban, a Dos Diavolos-ban, egysz\u00e1l git\u00e1ros estjeivel illetve saj\u00e1t zenekar\u00e1val \u2013 az Urban Legends-el \u2013 pedig m\u00e1r \u00e9vek \u00f3ta j\u00e1rj\u00e1k az orsz\u00e1got.<br \/>\nEzen az akusztikus esten felcsend\u00fclnek kedvenc el\u0151ad\u00f3inak dalai, Elvis Presley-t\u0151l Prince-en \u00e1t eg\u00e9szen a mai sl\u00e1gerekig, egy-k\u00e9t klasszikus filmzen\u00e9vel kieg\u00e9sz\u00fclve.<\/p>\n<p><strong>Id\u0151pont:<\/strong> 2026. m\u00e1jus 2. (szombat) 19:00<br \/>\n<strong>Helysz\u00edn:<\/strong> 9021 Gy\u0151r, Apor Vilmos p\u00fcsp\u00f6k tere 3. &#8211; <em>Scruton GY\u0150R<\/em><\/p>\n<p><strong>Asztalfoglal\u00e1s:<\/strong> +36 20 493 3822<\/p>\n<p><em>Rendezv\u00e9ny\u00fcnk\u00f6n k\u00e9p \u00e9s hangfelv\u00e9tel k\u00e9sz\u00fclhet, melyet rekl\u00e1m- \u00e9s dokument\u00e1ci\u00f3s c\u00e9lra is felhaszn\u00e1lhatunk!<\/em><\/p>","protected":false},"excerpt":{"rendered":"<p>Urb\u00e1n Edina neve ismer\u0151sen csenghet a Szt\u00e1rban szt\u00e1r leszek! 2. \u00e9vad\u00e1b\u00f3l, de rendszeresen zen\u00e9l egy\u00fctt Ganxsta Zolee \u00e9s Tak\u00e1cs Vilk\u00f3 csapat\u00e1ban, a Dos Diavolos-ban, egysz\u00e1l git\u00e1ros estjeivel illetve saj\u00e1t zenekar\u00e1val \u2013 az Urban Legends-el \u2013 pedig m\u00e1r \u00e9vek \u00f3ta j\u00e1rj\u00e1k az orsz\u00e1got. Ezen az akusztikus esten felcsend\u00fclnek kedvenc el\u0151ad\u00f3inak dalai, Elvis Presley-t\u0151l Prince-en \u00e1t eg\u00e9szen [&hellip;]<\/p>\n","protected":false},"featured_media":10136,"comment_status":"open","ping_status":"closed","template":"","meta":{"_acf_changed":false},"product_brand":[],"product_cat":[94,105],"product_tag":[103],"class_list":{"0":"post-10126","1":"product","2":"type-product","3":"status-publish","4":"has-post-thumbnail","6":"product_cat-esemeny","7":"product_cat-scruton-gyor","8":"product_tag-asztal","10":"first","11":"instock","12":"shipping-taxable","13":"product-type-simple"},"acf":[],"yoast_head":"<!-- This site is optimized with the Yoast SEO Premium plugin v27.4 (Yoast SEO v27.5) - https:\/\/yoast.com\/product\/yoast-seo-premium-wordpress\/ -->\n<title>DINE &amp; VIBE - Fell\u00e9p\u0151: Urb\u00e1n Edina - Scruton<\/title>\n<meta name=\"robots\" content=\"index, follow, max-snippet:-1, max-image-preview:large, max-video-preview:-1\" \/>\n<link rel=\"canonical\" href=\"https:\/\/scruton.hu\/en\/product\/dine-vibe-fellepo-urban-edina-5\/\" \/>\n<meta property=\"og:locale\" content=\"en_GB\" \/>\n<meta property=\"og:type\" content=\"article\" \/>\n<meta property=\"og:title\" content=\"DINE &amp; VIBE - Fell\u00e9p\u0151: Urb\u00e1n Edina\" \/>\n<meta property=\"og:description\" content=\"Urb\u00e1n Edina neve ismer\u0151sen csenghet a Szt\u00e1rban szt\u00e1r leszek! 2. \u00e9vad\u00e1b\u00f3l, de rendszeresen zen\u00e9l egy\u00fctt Ganxsta Zolee \u00e9s Tak\u00e1cs Vilk\u00f3 csapat\u00e1ban, a Dos Diavolos-ban, egysz\u00e1l git\u00e1ros estjeivel illetve saj\u00e1t zenekar\u00e1val \u2013 az Urban Legends-el \u2013 pedig m\u00e1r \u00e9vek \u00f3ta j\u00e1rj\u00e1k az orsz\u00e1got. Ezen az akusztikus esten felcsend\u00fclnek kedvenc el\u0151ad\u00f3inak dalai, Elvis Presley-t\u0151l Prince-en \u00e1t eg\u00e9szen [&hellip;]\" \/>\n<meta property=\"og:url\" content=\"https:\/\/scruton.hu\/en\/product\/dine-vibe-fellepo-urban-edina-5\/\" \/>\n<meta property=\"og:site_name\" content=\"Scruton\" \/>\n<meta property=\"article:modified_time\" content=\"2026-04-23T10:20:05+00:00\" \/>\n<meta property=\"og:image\" content=\"http:\/\/scruton.hu\/wp-content\/uploads\/2026\/04\/Dine-Vibe-05.02.-Gyor.jpg\" \/>\n\t<meta property=\"og:image:width\" content=\"960\" \/>\n\t<meta property=\"og:image:height\" content=\"540\" \/>\n\t<meta property=\"og:image:type\" content=\"image\/jpeg\" \/>\n<meta name=\"twitter:card\" content=\"summary_large_image\" \/>\n<meta name=\"twitter:label1\" content=\"Price\" \/>\n\t<meta name=\"twitter:data1\" content=\"\" \/>\n\t<meta name=\"twitter:label2\" content=\"Availability\" \/>\n\t<meta name=\"twitter:data2\" content=\"In stock\" \/>\n<script type=\"application\/ld+json\" class=\"yoast-schema-graph\">{\"@context\":\"https:\\\/\\\/schema.org\",\"@graph\":[{\"@type\":\"WebPage\",\"@id\":\"https:\\\/\\\/scruton.hu\\\/termek\\\/dine-vibe-fellepo-urban-edina-5\\\/\",\"url\":\"https:\\\/\\\/scruton.hu\\\/termek\\\/dine-vibe-fellepo-urban-edina-5\\\/\",\"name\":\"DINE &amp; VIBE - Fell\u00e9p\u0151: Urb\u00e1n Edina - Scruton\",\"isPartOf\":{\"@id\":\"https:\\\/\\\/scruton.hu\\\/#website\"},\"primaryImageOfPage\":{\"@id\":\"https:\\\/\\\/scruton.hu\\\/termek\\\/dine-vibe-fellepo-urban-edina-5\\\/#primaryimage\"},\"image\":{\"@id\":\"https:\\\/\\\/scruton.hu\\\/termek\\\/dine-vibe-fellepo-urban-edina-5\\\/#primaryimage\"},\"thumbnailUrl\":\"https:\\\/\\\/scruton.hu\\\/wp-content\\\/uploads\\\/2026\\\/04\\\/Dine-Vibe-05.02.-Gyor.jpg\",\"datePublished\":\"2026-04-23T09:01:48+00:00\",\"dateModified\":\"2026-04-23T10:20:05+00:00\",\"breadcrumb\":{\"@id\":\"https:\\\/\\\/scruton.hu\\\/termek\\\/dine-vibe-fellepo-urban-edina-5\\\/#breadcrumb\"},\"inLanguage\":\"en-GB\",\"potentialAction\":[{\"@type\":\"ReadAction\",\"target\":[\"https:\\\/\\\/scruton.hu\\\/termek\\\/dine-vibe-fellepo-urban-edina-5\\\/\"]}]},{\"@type\":\"ImageObject\",\"inLanguage\":\"en-GB\",\"@id\":\"https:\\\/\\\/scruton.hu\\\/termek\\\/dine-vibe-fellepo-urban-edina-5\\\/#primaryimage\",\"url\":\"https:\\\/\\\/scruton.hu\\\/wp-content\\\/uploads\\\/2026\\\/04\\\/Dine-Vibe-05.02.-Gyor.jpg\",\"contentUrl\":\"https:\\\/\\\/scruton.hu\\\/wp-content\\\/uploads\\\/2026\\\/04\\\/Dine-Vibe-05.02.-Gyor.jpg\",\"width\":960,\"height\":540},{\"@type\":\"BreadcrumbList\",\"@id\":\"https:\\\/\\\/scruton.hu\\\/termek\\\/dine-vibe-fellepo-urban-edina-5\\\/#breadcrumb\",\"itemListElement\":[{\"@type\":\"ListItem\",\"position\":1,\"name\":\"Kezd\u0151lap\",\"item\":\"https:\\\/\\\/scruton.hu\\\/\"},{\"@type\":\"ListItem\",\"position\":2,\"name\":\"Shop\",\"item\":\"https:\\\/\\\/scruton.hu\\\/en\\\/uzlet\\\/\"},{\"@type\":\"ListItem\",\"position\":3,\"name\":\"DINE &amp; VIBE &#8211; Fell\u00e9p\u0151: Urb\u00e1n Edina\"}]},{\"@type\":\"WebSite\",\"@id\":\"https:\\\/\\\/scruton.hu\\\/#website\",\"url\":\"https:\\\/\\\/scruton.hu\\\/\",\"name\":\"Scruton\",\"description\":\"Az \u00e9rt\u00e9kteremt\u00e9s helye\",\"publisher\":{\"@id\":\"https:\\\/\\\/scruton.hu\\\/#organization\"},\"potentialAction\":[{\"@type\":\"SearchAction\",\"target\":{\"@type\":\"EntryPoint\",\"urlTemplate\":\"https:\\\/\\\/scruton.hu\\\/?s={search_term_string}\"},\"query-input\":{\"@type\":\"PropertyValueSpecification\",\"valueRequired\":true,\"valueName\":\"search_term_string\"}}],\"inLanguage\":\"en-GB\"},{\"@type\":\"Organization\",\"@id\":\"https:\\\/\\\/scruton.hu\\\/#organization\",\"name\":\"Scruton\",\"url\":\"https:\\\/\\\/scruton.hu\\\/\",\"logo\":{\"@type\":\"ImageObject\",\"inLanguage\":\"en-GB\",\"@id\":\"https:\\\/\\\/scruton.hu\\\/#\\\/schema\\\/logo\\\/image\\\/\",\"url\":\"https:\\\/\\\/scruton.hu\\\/wp-content\\\/uploads\\\/2025\\\/07\\\/scruton_feher.png\",\"contentUrl\":\"https:\\\/\\\/scruton.hu\\\/wp-content\\\/uploads\\\/2025\\\/07\\\/scruton_feher.png\",\"width\":500,\"height\":74,\"caption\":\"Scruton\"},\"image\":{\"@id\":\"https:\\\/\\\/scruton.hu\\\/#\\\/schema\\\/logo\\\/image\\\/\"}}]}<\/script>\n<meta property=\"product:price:currency\" content=\"HUF\" \/>\n<meta property=\"og:availability\" content=\"instock\" \/>\n<meta property=\"product:availability\" content=\"instock\" \/>\n<meta property=\"product:condition\" content=\"new\" \/>\n<!-- \/ Yoast SEO Premium plugin. -->","yoast_head_json":{"title":"DINE &amp; VIBE - Fell\u00e9p\u0151: Urb\u00e1n Edina - Scruton","robots":{"index":"index","follow":"follow","max-snippet":"max-snippet:-1","max-image-preview":"max-image-preview:large","max-video-preview":"max-video-preview:-1"},"canonical":"https:\/\/scruton.hu\/en\/product\/dine-vibe-fellepo-urban-edina-5\/","og_locale":"en_GB","og_type":"article","og_title":"DINE &amp; VIBE - Fell\u00e9p\u0151: Urb\u00e1n Edina","og_description":"Urb\u00e1n Edina neve ismer\u0151sen csenghet a Szt\u00e1rban szt\u00e1r leszek! 2. \u00e9vad\u00e1b\u00f3l, de rendszeresen zen\u00e9l egy\u00fctt Ganxsta Zolee \u00e9s Tak\u00e1cs Vilk\u00f3 csapat\u00e1ban, a Dos Diavolos-ban, egysz\u00e1l git\u00e1ros estjeivel illetve saj\u00e1t zenekar\u00e1val \u2013 az Urban Legends-el \u2013 pedig m\u00e1r \u00e9vek \u00f3ta j\u00e1rj\u00e1k az orsz\u00e1got. Ezen az akusztikus esten felcsend\u00fclnek kedvenc el\u0151ad\u00f3inak dalai, Elvis Presley-t\u0151l Prince-en \u00e1t eg\u00e9szen [&hellip;]","og_url":"https:\/\/scruton.hu\/en\/product\/dine-vibe-fellepo-urban-edina-5\/","og_site_name":"Scruton","article_modified_time":"2026-04-23T10:20:05+00:00","og_image":[{"width":960,"height":540,"url":"http:\/\/scruton.hu\/wp-content\/uploads\/2026\/04\/Dine-Vibe-05.02.-Gyor.jpg","type":"image\/jpeg"}],"twitter_card":"summary_large_image","twitter_misc":{"Price":"","Availability":"In stock"},"schema":{"@context":"https:\/\/schema.org","@graph":[{"@type":"WebPage","@id":"https:\/\/scruton.hu\/termek\/dine-vibe-fellepo-urban-edina-5\/","url":"https:\/\/scruton.hu\/termek\/dine-vibe-fellepo-urban-edina-5\/","name":"DINE &amp; VIBE - Fell\u00e9p\u0151: Urb\u00e1n Edina - Scruton","isPartOf":{"@id":"https:\/\/scruton.hu\/#website"},"primaryImageOfPage":{"@id":"https:\/\/scruton.hu\/termek\/dine-vibe-fellepo-urban-edina-5\/#primaryimage"},"image":{"@id":"https:\/\/scruton.hu\/termek\/dine-vibe-fellepo-urban-edina-5\/#primaryimage"},"thumbnailUrl":"https:\/\/scruton.hu\/wp-content\/uploads\/2026\/04\/Dine-Vibe-05.02.-Gyor.jpg","datePublished":"2026-04-23T09:01:48+00:00","dateModified":"2026-04-23T10:20:05+00:00","breadcrumb":{"@id":"https:\/\/scruton.hu\/termek\/dine-vibe-fellepo-urban-edina-5\/#breadcrumb"},"inLanguage":"en-GB","potentialAction":[{"@type":"ReadAction","target":["https:\/\/scruton.hu\/termek\/dine-vibe-fellepo-urban-edina-5\/"]}]},{"@type":"ImageObject","inLanguage":"en-GB","@id":"https:\/\/scruton.hu\/termek\/dine-vibe-fellepo-urban-edina-5\/#primaryimage","url":"https:\/\/scruton.hu\/wp-content\/uploads\/2026\/04\/Dine-Vibe-05.02.-Gyor.jpg","contentUrl":"https:\/\/scruton.hu\/wp-content\/uploads\/2026\/04\/Dine-Vibe-05.02.-Gyor.jpg","width":960,"height":540},{"@type":"BreadcrumbList","@id":"https:\/\/scruton.hu\/termek\/dine-vibe-fellepo-urban-edina-5\/#breadcrumb","itemListElement":[{"@type":"ListItem","position":1,"name":"Kezd\u0151lap","item":"https:\/\/scruton.hu\/"},{"@type":"ListItem","position":2,"name":"Shop","item":"https:\/\/scruton.hu\/en\/uzlet\/"},{"@type":"ListItem","position":3,"name":"DINE &amp; VIBE &#8211; Fell\u00e9p\u0151: Urb\u00e1n Edina"}]},{"@type":"WebSite","@id":"https:\/\/scruton.hu\/#website","url":"https:\/\/scruton.hu\/","name":"Scruton","description":"The place of value creation","publisher":{"@id":"https:\/\/scruton.hu\/#organization"},"potentialAction":[{"@type":"SearchAction","target":{"@type":"EntryPoint","urlTemplate":"https:\/\/scruton.hu\/?s={search_term_string}"},"query-input":{"@type":"PropertyValueSpecification","valueRequired":true,"valueName":"search_term_string"}}],"inLanguage":"en-GB"},{"@type":"Organization","@id":"https:\/\/scruton.hu\/#organization","name":"Scruton","url":"https:\/\/scruton.hu\/","logo":{"@type":"ImageObject","inLanguage":"en-GB","@id":"https:\/\/scruton.hu\/#\/schema\/logo\/image\/","url":"https:\/\/scruton.hu\/wp-content\/uploads\/2025\/07\/scruton_feher.png","contentUrl":"https:\/\/scruton.hu\/wp-content\/uploads\/2025\/07\/scruton_feher.png","width":500,"height":74,"caption":"Scruton"},"image":{"@id":"https:\/\/scruton.hu\/#\/schema\/logo\/image\/"}}]},"product_price_currency":"HUF","og_availability":"instock","product_availability":"instock","product_condition":"new"},"_links":{"self":[{"href":"https:\/\/scruton.hu\/en\/wp-json\/wp\/v2\/product\/10126","targetHints":{"allow":["GET"]}}],"collection":[{"href":"https:\/\/scruton.hu\/en\/wp-json\/wp\/v2\/product"}],"about":[{"href":"https:\/\/scruton.hu\/en\/wp-json\/wp\/v2\/types\/product"}],"replies":[{"embeddable":true,"href":"https:\/\/scruton.hu\/en\/wp-json\/wp\/v2\/comments?post=10126"}],"wp:featuredmedia":[{"embeddable":true,"href":"https:\/\/scruton.hu\/en\/wp-json\/wp\/v2\/media\/10136"}],"wp:attachment":[{"href":"https:\/\/scruton.hu\/en\/wp-json\/wp\/v2\/media?parent=10126"}],"wp:term":[{"taxonomy":"product_brand","embeddable":true,"href":"https:\/\/scruton.hu\/en\/wp-json\/wp\/v2\/product_brand?post=10126"},{"taxonomy":"product_cat","embeddable":true,"href":"https:\/\/scruton.hu\/en\/wp-json\/wp\/v2\/product_cat?post=10126"},{"taxonomy":"product_tag","embeddable":true,"href":"https:\/\/scruton.hu\/en\/wp-json\/wp\/v2\/product_tag?post=10126"}],"curies":[{"name":"wp","href":"https:\/\/api.w.org\/{rel}","templated":true}]}}