{"id":10123,"date":"2026-04-23T10:50:15","date_gmt":"2026-04-23T08:50:15","guid":{"rendered":"https:\/\/scruton.hu\/?post_type=product&#038;p=10123"},"modified":"2026-04-23T12:23:28","modified_gmt":"2026-04-23T10:23:28","slug":"dine-vibe-fellepo-kaczander-nora-2","status":"publish","type":"product","link":"https:\/\/scruton.hu\/en\/termek\/dine-vibe-fellepo-kaczander-nora-2\/","title":{"rendered":"DINE &amp; VIBE &#8211; Fell\u00e9p\u0151: Kaczander N\u00f3ra"},"content":{"rendered":"<p>&#8222;7 \u00e9ves korom \u00f3ta git\u00e1rozok \u00e9s \u00e9nekelek. Jelenleg is a zen\u00e9vel foglalkozom mint, dalszerz\u0151, el\u0151ad\u00f3m\u0171v\u00e9sz \u00e9s git\u00e1roktat\u00f3. A st\u00edlusomra jellemz\u0151 a spanyol-latin git\u00e1roz\u00e1s, valamint a pop \u00e9s jazz dalok akusztikus feldolgoz\u00e1sa. K\u00e9t saj\u00e1t m\u0171vel megnyertem a 2019-es HangHordoz\u00f3k (kort\u00e1rs k\u00f6ltem\u00e9nyek megzen\u00e9s\u00edt\u00e9se) versenyt, ami kapcs\u00e1n t\u00f6bbsz\u00f6ri megh\u00edv\u00e1st kaptam TV- \u00e9s r\u00e1di\u00f3m\u0171sorokba. C\u00e9lom, hogy sz\u00ednes\u00edtsem a hazai zenei kult\u00far\u00e1t \u00e9s n\u00e9pszer\u0171s\u00edtsem a hangszeres zen\u00e9t, legyen sz\u00f3 el\u0151ad\u00f3m\u0171v\u00e9szetr\u0151l vagy zeneoktat\u00e1sr\u00f3l.&#8221; &#8211; Kaczander N\u00f3ra<\/p>\n<p><strong>Id\u0151pont:<\/strong> 2026. m\u00e1jus 2. (szombat) 19:30<br \/>\n<strong>Helysz\u00edn:<\/strong> 1053 Budapest, Veres P\u00e1ln\u00e9 utca 12. \u2013 Scruton V.P.<\/p>\n<p><strong>Asztalfoglal\u00e1s:<\/strong> +36 20 479 1171<\/p>\n<p><em>Rendezv\u00e9ny\u00fcnk\u00f6n k\u00e9p \u00e9s hangfelv\u00e9tel k\u00e9sz\u00fclhet, melyet rekl\u00e1m- \u00e9s dokument\u00e1ci\u00f3s c\u00e9lra is felhaszn\u00e1lhatunk!<\/em><\/p>","protected":false},"excerpt":{"rendered":"<p>&#8222;7 \u00e9ves korom \u00f3ta git\u00e1rozok \u00e9s \u00e9nekelek. Jelenleg is a zen\u00e9vel foglalkozom mint, dalszerz\u0151, el\u0151ad\u00f3m\u0171v\u00e9sz \u00e9s git\u00e1roktat\u00f3. A st\u00edlusomra jellemz\u0151 a spanyol-latin git\u00e1roz\u00e1s, valamint a pop \u00e9s jazz dalok akusztikus feldolgoz\u00e1sa. K\u00e9t saj\u00e1t m\u0171vel megnyertem a 2019-es HangHordoz\u00f3k (kort\u00e1rs k\u00f6ltem\u00e9nyek megzen\u00e9s\u00edt\u00e9se) versenyt, ami kapcs\u00e1n t\u00f6bbsz\u00f6ri megh\u00edv\u00e1st kaptam TV- \u00e9s r\u00e1di\u00f3m\u0171sorokba. C\u00e9lom, hogy sz\u00ednes\u00edtsem a hazai [&hellip;]<\/p>\n","protected":false},"featured_media":10137,"comment_status":"open","ping_status":"closed","template":"","meta":{"_acf_changed":false},"product_brand":[],"product_cat":[94,95],"product_tag":[103],"class_list":{"0":"post-10123","1":"product","2":"type-product","3":"status-publish","4":"has-post-thumbnail","6":"product_cat-esemeny","7":"product_cat-scruton-v-p","8":"product_tag-asztal","10":"first","11":"instock","12":"shipping-taxable","13":"product-type-simple"},"acf":[],"yoast_head":"<!-- This site is optimized with the Yoast SEO Premium plugin v27.4 (Yoast SEO v27.5) - https:\/\/yoast.com\/product\/yoast-seo-premium-wordpress\/ -->\n<title>DINE &amp; VIBE - Fell\u00e9p\u0151: Kaczander N\u00f3ra - Scruton<\/title>\n<meta name=\"robots\" content=\"index, follow, max-snippet:-1, max-image-preview:large, max-video-preview:-1\" \/>\n<link rel=\"canonical\" href=\"https:\/\/scruton.hu\/en\/product\/dine-vibe-fellepo-kaczander-nora-2\/\" \/>\n<meta property=\"og:locale\" content=\"en_GB\" \/>\n<meta property=\"og:type\" content=\"article\" \/>\n<meta property=\"og:title\" content=\"DINE &amp; VIBE - Fell\u00e9p\u0151: Kaczander N\u00f3ra\" \/>\n<meta property=\"og:description\" content=\"&#8222;7 \u00e9ves korom \u00f3ta git\u00e1rozok \u00e9s \u00e9nekelek. Jelenleg is a zen\u00e9vel foglalkozom mint, dalszerz\u0151, el\u0151ad\u00f3m\u0171v\u00e9sz \u00e9s git\u00e1roktat\u00f3. A st\u00edlusomra jellemz\u0151 a spanyol-latin git\u00e1roz\u00e1s, valamint a pop \u00e9s jazz dalok akusztikus feldolgoz\u00e1sa. K\u00e9t saj\u00e1t m\u0171vel megnyertem a 2019-es HangHordoz\u00f3k (kort\u00e1rs k\u00f6ltem\u00e9nyek megzen\u00e9s\u00edt\u00e9se) versenyt, ami kapcs\u00e1n t\u00f6bbsz\u00f6ri megh\u00edv\u00e1st kaptam TV- \u00e9s r\u00e1di\u00f3m\u0171sorokba. C\u00e9lom, hogy sz\u00ednes\u00edtsem a hazai [&hellip;]\" \/>\n<meta property=\"og:url\" content=\"https:\/\/scruton.hu\/en\/product\/dine-vibe-fellepo-kaczander-nora-2\/\" \/>\n<meta property=\"og:site_name\" content=\"Scruton\" \/>\n<meta property=\"article:modified_time\" content=\"2026-04-23T10:23:28+00:00\" \/>\n<meta property=\"og:image\" content=\"http:\/\/scruton.hu\/wp-content\/uploads\/2026\/04\/Dine-Vibe-05.02.-V.P.jpg\" \/>\n\t<meta property=\"og:image:width\" content=\"960\" \/>\n\t<meta property=\"og:image:height\" content=\"540\" \/>\n\t<meta property=\"og:image:type\" content=\"image\/jpeg\" \/>\n<meta name=\"twitter:card\" content=\"summary_large_image\" \/>\n<meta name=\"twitter:label1\" content=\"Price\" \/>\n\t<meta name=\"twitter:data1\" content=\"\" \/>\n\t<meta name=\"twitter:label2\" content=\"Availability\" \/>\n\t<meta name=\"twitter:data2\" content=\"In stock\" \/>\n<script type=\"application\/ld+json\" class=\"yoast-schema-graph\">{\"@context\":\"https:\\\/\\\/schema.org\",\"@graph\":[{\"@type\":\"WebPage\",\"@id\":\"https:\\\/\\\/scruton.hu\\\/termek\\\/dine-vibe-fellepo-kaczander-nora-2\\\/\",\"url\":\"https:\\\/\\\/scruton.hu\\\/termek\\\/dine-vibe-fellepo-kaczander-nora-2\\\/\",\"name\":\"DINE &amp; VIBE - Fell\u00e9p\u0151: Kaczander N\u00f3ra - Scruton\",\"isPartOf\":{\"@id\":\"https:\\\/\\\/scruton.hu\\\/#website\"},\"primaryImageOfPage\":{\"@id\":\"https:\\\/\\\/scruton.hu\\\/termek\\\/dine-vibe-fellepo-kaczander-nora-2\\\/#primaryimage\"},\"image\":{\"@id\":\"https:\\\/\\\/scruton.hu\\\/termek\\\/dine-vibe-fellepo-kaczander-nora-2\\\/#primaryimage\"},\"thumbnailUrl\":\"https:\\\/\\\/scruton.hu\\\/wp-content\\\/uploads\\\/2026\\\/04\\\/Dine-Vibe-05.02.-V.P.jpg\",\"datePublished\":\"2026-04-23T08:50:15+00:00\",\"dateModified\":\"2026-04-23T10:23:28+00:00\",\"breadcrumb\":{\"@id\":\"https:\\\/\\\/scruton.hu\\\/termek\\\/dine-vibe-fellepo-kaczander-nora-2\\\/#breadcrumb\"},\"inLanguage\":\"en-GB\",\"potentialAction\":[{\"@type\":\"ReadAction\",\"target\":[\"https:\\\/\\\/scruton.hu\\\/termek\\\/dine-vibe-fellepo-kaczander-nora-2\\\/\"]}]},{\"@type\":\"ImageObject\",\"inLanguage\":\"en-GB\",\"@id\":\"https:\\\/\\\/scruton.hu\\\/termek\\\/dine-vibe-fellepo-kaczander-nora-2\\\/#primaryimage\",\"url\":\"https:\\\/\\\/scruton.hu\\\/wp-content\\\/uploads\\\/2026\\\/04\\\/Dine-Vibe-05.02.-V.P.jpg\",\"contentUrl\":\"https:\\\/\\\/scruton.hu\\\/wp-content\\\/uploads\\\/2026\\\/04\\\/Dine-Vibe-05.02.-V.P.jpg\",\"width\":960,\"height\":540},{\"@type\":\"BreadcrumbList\",\"@id\":\"https:\\\/\\\/scruton.hu\\\/termek\\\/dine-vibe-fellepo-kaczander-nora-2\\\/#breadcrumb\",\"itemListElement\":[{\"@type\":\"ListItem\",\"position\":1,\"name\":\"Kezd\u0151lap\",\"item\":\"https:\\\/\\\/scruton.hu\\\/\"},{\"@type\":\"ListItem\",\"position\":2,\"name\":\"Shop\",\"item\":\"https:\\\/\\\/scruton.hu\\\/en\\\/uzlet\\\/\"},{\"@type\":\"ListItem\",\"position\":3,\"name\":\"DINE &amp; VIBE &#8211; Fell\u00e9p\u0151: Kaczander N\u00f3ra\"}]},{\"@type\":\"WebSite\",\"@id\":\"https:\\\/\\\/scruton.hu\\\/#website\",\"url\":\"https:\\\/\\\/scruton.hu\\\/\",\"name\":\"Scruton\",\"description\":\"Az \u00e9rt\u00e9kteremt\u00e9s helye\",\"publisher\":{\"@id\":\"https:\\\/\\\/scruton.hu\\\/#organization\"},\"potentialAction\":[{\"@type\":\"SearchAction\",\"target\":{\"@type\":\"EntryPoint\",\"urlTemplate\":\"https:\\\/\\\/scruton.hu\\\/?s={search_term_string}\"},\"query-input\":{\"@type\":\"PropertyValueSpecification\",\"valueRequired\":true,\"valueName\":\"search_term_string\"}}],\"inLanguage\":\"en-GB\"},{\"@type\":\"Organization\",\"@id\":\"https:\\\/\\\/scruton.hu\\\/#organization\",\"name\":\"Scruton\",\"url\":\"https:\\\/\\\/scruton.hu\\\/\",\"logo\":{\"@type\":\"ImageObject\",\"inLanguage\":\"en-GB\",\"@id\":\"https:\\\/\\\/scruton.hu\\\/#\\\/schema\\\/logo\\\/image\\\/\",\"url\":\"https:\\\/\\\/scruton.hu\\\/wp-content\\\/uploads\\\/2025\\\/07\\\/scruton_feher.png\",\"contentUrl\":\"https:\\\/\\\/scruton.hu\\\/wp-content\\\/uploads\\\/2025\\\/07\\\/scruton_feher.png\",\"width\":500,\"height\":74,\"caption\":\"Scruton\"},\"image\":{\"@id\":\"https:\\\/\\\/scruton.hu\\\/#\\\/schema\\\/logo\\\/image\\\/\"}}]}<\/script>\n<meta property=\"product:price:currency\" content=\"HUF\" \/>\n<meta property=\"og:availability\" content=\"instock\" \/>\n<meta property=\"product:availability\" content=\"instock\" \/>\n<meta property=\"product:condition\" content=\"new\" \/>\n<!-- \/ Yoast SEO Premium plugin. -->","yoast_head_json":{"title":"DINE &amp; VIBE - Fell\u00e9p\u0151: Kaczander N\u00f3ra - Scruton","robots":{"index":"index","follow":"follow","max-snippet":"max-snippet:-1","max-image-preview":"max-image-preview:large","max-video-preview":"max-video-preview:-1"},"canonical":"https:\/\/scruton.hu\/en\/product\/dine-vibe-fellepo-kaczander-nora-2\/","og_locale":"en_GB","og_type":"article","og_title":"DINE &amp; VIBE - Fell\u00e9p\u0151: Kaczander N\u00f3ra","og_description":"&#8222;7 \u00e9ves korom \u00f3ta git\u00e1rozok \u00e9s \u00e9nekelek. Jelenleg is a zen\u00e9vel foglalkozom mint, dalszerz\u0151, el\u0151ad\u00f3m\u0171v\u00e9sz \u00e9s git\u00e1roktat\u00f3. A st\u00edlusomra jellemz\u0151 a spanyol-latin git\u00e1roz\u00e1s, valamint a pop \u00e9s jazz dalok akusztikus feldolgoz\u00e1sa. K\u00e9t saj\u00e1t m\u0171vel megnyertem a 2019-es HangHordoz\u00f3k (kort\u00e1rs k\u00f6ltem\u00e9nyek megzen\u00e9s\u00edt\u00e9se) versenyt, ami kapcs\u00e1n t\u00f6bbsz\u00f6ri megh\u00edv\u00e1st kaptam TV- \u00e9s r\u00e1di\u00f3m\u0171sorokba. C\u00e9lom, hogy sz\u00ednes\u00edtsem a hazai [&hellip;]","og_url":"https:\/\/scruton.hu\/en\/product\/dine-vibe-fellepo-kaczander-nora-2\/","og_site_name":"Scruton","article_modified_time":"2026-04-23T10:23:28+00:00","og_image":[{"width":960,"height":540,"url":"http:\/\/scruton.hu\/wp-content\/uploads\/2026\/04\/Dine-Vibe-05.02.-V.P.jpg","type":"image\/jpeg"}],"twitter_card":"summary_large_image","twitter_misc":{"Price":"","Availability":"In stock"},"schema":{"@context":"https:\/\/schema.org","@graph":[{"@type":"WebPage","@id":"https:\/\/scruton.hu\/termek\/dine-vibe-fellepo-kaczander-nora-2\/","url":"https:\/\/scruton.hu\/termek\/dine-vibe-fellepo-kaczander-nora-2\/","name":"DINE &amp; VIBE - Fell\u00e9p\u0151: Kaczander N\u00f3ra - Scruton","isPartOf":{"@id":"https:\/\/scruton.hu\/#website"},"primaryImageOfPage":{"@id":"https:\/\/scruton.hu\/termek\/dine-vibe-fellepo-kaczander-nora-2\/#primaryimage"},"image":{"@id":"https:\/\/scruton.hu\/termek\/dine-vibe-fellepo-kaczander-nora-2\/#primaryimage"},"thumbnailUrl":"https:\/\/scruton.hu\/wp-content\/uploads\/2026\/04\/Dine-Vibe-05.02.-V.P.jpg","datePublished":"2026-04-23T08:50:15+00:00","dateModified":"2026-04-23T10:23:28+00:00","breadcrumb":{"@id":"https:\/\/scruton.hu\/termek\/dine-vibe-fellepo-kaczander-nora-2\/#breadcrumb"},"inLanguage":"en-GB","potentialAction":[{"@type":"ReadAction","target":["https:\/\/scruton.hu\/termek\/dine-vibe-fellepo-kaczander-nora-2\/"]}]},{"@type":"ImageObject","inLanguage":"en-GB","@id":"https:\/\/scruton.hu\/termek\/dine-vibe-fellepo-kaczander-nora-2\/#primaryimage","url":"https:\/\/scruton.hu\/wp-content\/uploads\/2026\/04\/Dine-Vibe-05.02.-V.P.jpg","contentUrl":"https:\/\/scruton.hu\/wp-content\/uploads\/2026\/04\/Dine-Vibe-05.02.-V.P.jpg","width":960,"height":540},{"@type":"BreadcrumbList","@id":"https:\/\/scruton.hu\/termek\/dine-vibe-fellepo-kaczander-nora-2\/#breadcrumb","itemListElement":[{"@type":"ListItem","position":1,"name":"Kezd\u0151lap","item":"https:\/\/scruton.hu\/"},{"@type":"ListItem","position":2,"name":"Shop","item":"https:\/\/scruton.hu\/en\/uzlet\/"},{"@type":"ListItem","position":3,"name":"DINE &amp; VIBE &#8211; Fell\u00e9p\u0151: Kaczander N\u00f3ra"}]},{"@type":"WebSite","@id":"https:\/\/scruton.hu\/#website","url":"https:\/\/scruton.hu\/","name":"Scruton","description":"The place of value creation","publisher":{"@id":"https:\/\/scruton.hu\/#organization"},"potentialAction":[{"@type":"SearchAction","target":{"@type":"EntryPoint","urlTemplate":"https:\/\/scruton.hu\/?s={search_term_string}"},"query-input":{"@type":"PropertyValueSpecification","valueRequired":true,"valueName":"search_term_string"}}],"inLanguage":"en-GB"},{"@type":"Organization","@id":"https:\/\/scruton.hu\/#organization","name":"Scruton","url":"https:\/\/scruton.hu\/","logo":{"@type":"ImageObject","inLanguage":"en-GB","@id":"https:\/\/scruton.hu\/#\/schema\/logo\/image\/","url":"https:\/\/scruton.hu\/wp-content\/uploads\/2025\/07\/scruton_feher.png","contentUrl":"https:\/\/scruton.hu\/wp-content\/uploads\/2025\/07\/scruton_feher.png","width":500,"height":74,"caption":"Scruton"},"image":{"@id":"https:\/\/scruton.hu\/#\/schema\/logo\/image\/"}}]},"product_price_currency":"HUF","og_availability":"instock","product_availability":"instock","product_condition":"new"},"_links":{"self":[{"href":"https:\/\/scruton.hu\/en\/wp-json\/wp\/v2\/product\/10123","targetHints":{"allow":["GET"]}}],"collection":[{"href":"https:\/\/scruton.hu\/en\/wp-json\/wp\/v2\/product"}],"about":[{"href":"https:\/\/scruton.hu\/en\/wp-json\/wp\/v2\/types\/product"}],"replies":[{"embeddable":true,"href":"https:\/\/scruton.hu\/en\/wp-json\/wp\/v2\/comments?post=10123"}],"wp:featuredmedia":[{"embeddable":true,"href":"https:\/\/scruton.hu\/en\/wp-json\/wp\/v2\/media\/10137"}],"wp:attachment":[{"href":"https:\/\/scruton.hu\/en\/wp-json\/wp\/v2\/media?parent=10123"}],"wp:term":[{"taxonomy":"product_brand","embeddable":true,"href":"https:\/\/scruton.hu\/en\/wp-json\/wp\/v2\/product_brand?post=10123"},{"taxonomy":"product_cat","embeddable":true,"href":"https:\/\/scruton.hu\/en\/wp-json\/wp\/v2\/product_cat?post=10123"},{"taxonomy":"product_tag","embeddable":true,"href":"https:\/\/scruton.hu\/en\/wp-json\/wp\/v2\/product_tag?post=10123"}],"curies":[{"name":"wp","href":"https:\/\/api.w.org\/{rel}","templated":true}]}}