{"id":10073,"date":"2026-04-21T12:42:20","date_gmt":"2026-04-21T10:42:20","guid":{"rendered":"https:\/\/scruton.hu\/?post_type=product&#038;p=10073"},"modified":"2026-04-29T18:06:25","modified_gmt":"2026-04-29T16:06:25","slug":"pszichokalauz-a-boldogsag-nyomaban-beszelgetes-limpar-imrevel","status":"publish","type":"product","link":"https:\/\/scruton.hu\/en\/termek\/pszichokalauz-a-boldogsag-nyomaban-beszelgetes-limpar-imrevel\/","title":{"rendered":"PszichoKalauz: A boldogs\u00e1g nyom\u00e1ban \u2013 Besz\u00e9lget\u00e9s Limp\u00e1r Imr\u00e9vel"},"content":{"rendered":"<p>Mi\u00e9rt \u00e9rezz\u00fck azt, hogy valami hi\u00e1nyzik akkor is, amikor l\u00e1tsz\u00f3lag minden a hely\u00e9n van? Mi\u00e9rt nem \u00e9rkezik meg a megnyugv\u00e1s egy j\u00f3l fel\u00e9p\u00edtett \u00e9let ut\u00e1n? \u00c9s vajon val\u00f3ban a k\u00f6r\u00fclm\u00e9nyeinken m\u00falik az el\u00e9gedetts\u00e9g \u00e9s a boldogs\u00e1g, vagy ink\u00e1bb azon, ahogyan viszonyulunk hozz\u00e1juk? A <em>PszichoKalauz<\/em> k\u00f6vetkez\u0151 alkalm\u00e1n ezt a sokakat \u00e9rint\u0151 bels\u0151 fesz\u00fclts\u00e9get j\u00e1rjuk k\u00f6r\u00fcl <strong><em>Limp\u00e1r Imre<\/em><\/strong> tan\u00e1csad\u00f3 szakpszichol\u00f3gussal.<\/p>\n<p>Az el\u00e9gedetlens\u00e9g sokszor nem a hi\u00e1nyb\u00f3l fakad, hanem abb\u00f3l a bels\u0151 m\u00e9rc\u00e9b\u0151l, amit magunk el\u00e9 \u00e1ll\u00edtunk. Amikor az idealiz\u00e1lt k\u00e9p tart\u00f3san elt\u00e1volodik a val\u00f3s\u00e1gt\u00f3l, megjelenik a fesz\u00fclts\u00e9g \u00e9s az \u201enem el\u00e9g\u201d \u00e9rz\u00e9se. K\u00fcl\u00f6n\u00f6sen akkor, ha a boldogs\u00e1got v\u00e9g\u00e1llom\u00e1sk\u00e9nt k\u00e9pzelj\u00fck el, mik\u00f6zben az ink\u00e1bb egy v\u00e1ltoz\u00f3 bels\u0151 egyens\u00faly, nem pedig \u00e1lland\u00f3 \u00e1llapot.<\/p>\n<p>Mit jelent val\u00f3j\u00e1ban a boldogs\u00e1g? Egy el\u00e9rhet\u0151 \u00e1llapot, vagy ink\u00e1bb egy folyamatosan v\u00e1ltoz\u00f3 egyens\u00faly? \u00c9s vajon mennyiben azonos az el\u00e9gedetts\u00e9ggel, illetve mit \u00e9rt\u00fcnk boldogtalans\u00e1g alatt?<\/p>\n<p><strong>Date<\/strong>: 2026. m\u00e1jus 5. (kedd) 18:00<br \/>\n<strong>Helysz\u00edn<\/strong>: 1053 Budapest, Veres P\u00e1ln\u00e9 utca 12. <em>\u2013 Scruton V.P.<\/em><\/p>\n<p><strong>Gasztrojegy<\/strong>: 3 390 Ft<br \/>\nA gasztrojegy <u>egy poh\u00e1r prosecc\u00f3t<\/u> tartalmaz, valamint egyben a bel\u00e9p\u00e9sre is jogos\u00edt.<\/p>\n<p><em>Rendezv\u00e9ny\u00fcnk\u00f6n k\u00e9p \u00e9s hangfelv\u00e9tel k\u00e9sz\u00fclhet, melyet rekl\u00e1m- \u00e9s dokument\u00e1ci\u00f3s c\u00e9lra is felhaszn\u00e1lhatunk! <\/em><br \/>\n<em>Vend\u00e9geinket k\u00e9rj\u00fck, hogy programkezd\u00e9s el\u0151tt legk\u00e9s\u0151bb 10-15 perccel \u00e9rkezzenek meg! A helyek elfoglal\u00e1sa \u00e9rkez\u00e9si sorrendben t\u00f6rt\u00e9nik.<\/em><br \/>\n<em>A felmer\u00fcl\u0151 k\u00e9rd\u00e9sekkel kapcsolatban k\u00e9rj\u00fck \u00edrjon a <a href=\"mailto:program@scruton.hu\">program@scruton.hu<\/a> e-mail c\u00edmre!<\/em><br \/>\n<em>Jegyet nem \u00e1ll m\u00f3dunkban sem visszav\u00e1ltani, sem m\u00e1s jegyre cser\u00e9lni, ak\u00e1r szem\u00e9lyesen, ak\u00e1r online t\u00f6rt\u00e9nt a v\u00e1s\u00e1rl\u00e1s. Jegyet kiz\u00e1r\u00f3lag elmaradt rendezv\u00e9ny eset\u00e9n v\u00e1ltunk vissza.<\/em><\/p>","protected":false},"excerpt":{"rendered":"<p>Mi\u00e9rt \u00e9rezz\u00fck azt, hogy valami hi\u00e1nyzik akkor is, amikor l\u00e1tsz\u00f3lag minden a hely\u00e9n van? Mi\u00e9rt nem \u00e9rkezik meg a megnyugv\u00e1s egy j\u00f3l fel\u00e9p\u00edtett \u00e9let ut\u00e1n? \u00c9s vajon val\u00f3ban a k\u00f6r\u00fclm\u00e9nyeinken m\u00falik az el\u00e9gedetts\u00e9g \u00e9s a boldogs\u00e1g, vagy ink\u00e1bb azon, ahogyan viszonyulunk hozz\u00e1juk? A PszichoKalauz k\u00f6vetkez\u0151 alkalm\u00e1n ezt a sokakat \u00e9rint\u0151 bels\u0151 fesz\u00fclts\u00e9get j\u00e1rjuk k\u00f6r\u00fcl Limp\u00e1r [&hellip;]<\/p>\n","protected":false},"featured_media":10075,"comment_status":"open","ping_status":"closed","template":"","meta":{"_acf_changed":false},"product_brand":[],"product_cat":[94,95],"product_tag":[],"class_list":{"0":"post-10073","1":"product","2":"type-product","3":"status-publish","4":"has-post-thumbnail","6":"product_cat-esemeny","7":"product_cat-scruton-v-p","9":"first","10":"instock","11":"downloadable","12":"virtual","13":"purchasable","14":"product-type-simple"},"acf":[],"yoast_head":"<!-- This site is optimized with the Yoast SEO Premium plugin v27.4 (Yoast SEO v27.5) - https:\/\/yoast.com\/product\/yoast-seo-premium-wordpress\/ -->\n<title>PszichoKalauz: A boldogs\u00e1g nyom\u00e1ban \u2013 Besz\u00e9lget\u00e9s Limp\u00e1r Imr\u00e9vel - Scruton<\/title>\n<meta name=\"robots\" content=\"index, follow, max-snippet:-1, max-image-preview:large, max-video-preview:-1\" \/>\n<link rel=\"canonical\" href=\"https:\/\/scruton.hu\/en\/product\/pszichokalauz-a-boldogsag-nyomaban-beszelgetes-limpar-imrevel\/\" \/>\n<meta property=\"og:locale\" content=\"en_GB\" \/>\n<meta property=\"og:type\" content=\"article\" \/>\n<meta property=\"og:title\" content=\"PszichoKalauz: A boldogs\u00e1g nyom\u00e1ban \u2013 Besz\u00e9lget\u00e9s Limp\u00e1r Imr\u00e9vel\" \/>\n<meta property=\"og:description\" content=\"Mi\u00e9rt \u00e9rezz\u00fck azt, hogy valami hi\u00e1nyzik akkor is, amikor l\u00e1tsz\u00f3lag minden a hely\u00e9n van? Mi\u00e9rt nem \u00e9rkezik meg a megnyugv\u00e1s egy j\u00f3l fel\u00e9p\u00edtett \u00e9let ut\u00e1n? \u00c9s vajon val\u00f3ban a k\u00f6r\u00fclm\u00e9nyeinken m\u00falik az el\u00e9gedetts\u00e9g \u00e9s a boldogs\u00e1g, vagy ink\u00e1bb azon, ahogyan viszonyulunk hozz\u00e1juk? A PszichoKalauz k\u00f6vetkez\u0151 alkalm\u00e1n ezt a sokakat \u00e9rint\u0151 bels\u0151 fesz\u00fclts\u00e9get j\u00e1rjuk k\u00f6r\u00fcl Limp\u00e1r [&hellip;]\" \/>\n<meta property=\"og:url\" content=\"https:\/\/scruton.hu\/en\/product\/pszichokalauz-a-boldogsag-nyomaban-beszelgetes-limpar-imrevel\/\" \/>\n<meta property=\"og:site_name\" content=\"Scruton\" \/>\n<meta property=\"article:modified_time\" content=\"2026-04-29T16:06:25+00:00\" \/>\n<meta property=\"og:image\" content=\"http:\/\/scruton.hu\/wp-content\/uploads\/2026\/04\/05.05.-fo-PszichoKalauz.jpg\" \/>\n\t<meta property=\"og:image:width\" content=\"1920\" \/>\n\t<meta property=\"og:image:height\" content=\"1080\" \/>\n\t<meta property=\"og:image:type\" content=\"image\/jpeg\" \/>\n<meta name=\"twitter:card\" content=\"summary_large_image\" \/>\n<meta name=\"twitter:label1\" content=\"Price\" \/>\n\t<meta name=\"twitter:data1\" content=\"3 390&nbsp;&#070;&#116;\" \/>\n\t<meta name=\"twitter:label2\" content=\"Availability\" \/>\n\t<meta name=\"twitter:data2\" content=\"In stock\" \/>\n<script type=\"application\/ld+json\" class=\"yoast-schema-graph\">{\"@context\":\"https:\\\/\\\/schema.org\",\"@graph\":[{\"@type\":\"WebPage\",\"@id\":\"https:\\\/\\\/scruton.hu\\\/termek\\\/pszichokalauz-a-boldogsag-nyomaban-beszelgetes-limpar-imrevel\\\/\",\"url\":\"https:\\\/\\\/scruton.hu\\\/termek\\\/pszichokalauz-a-boldogsag-nyomaban-beszelgetes-limpar-imrevel\\\/\",\"name\":\"PszichoKalauz: A boldogs\u00e1g nyom\u00e1ban \u2013 Besz\u00e9lget\u00e9s Limp\u00e1r Imr\u00e9vel - Scruton\",\"isPartOf\":{\"@id\":\"https:\\\/\\\/scruton.hu\\\/#website\"},\"primaryImageOfPage\":{\"@id\":\"https:\\\/\\\/scruton.hu\\\/termek\\\/pszichokalauz-a-boldogsag-nyomaban-beszelgetes-limpar-imrevel\\\/#primaryimage\"},\"image\":{\"@id\":\"https:\\\/\\\/scruton.hu\\\/termek\\\/pszichokalauz-a-boldogsag-nyomaban-beszelgetes-limpar-imrevel\\\/#primaryimage\"},\"thumbnailUrl\":\"https:\\\/\\\/scruton.hu\\\/wp-content\\\/uploads\\\/2026\\\/04\\\/05.05.-fo-PszichoKalauz.jpg\",\"datePublished\":\"2026-04-21T10:42:20+00:00\",\"dateModified\":\"2026-04-29T16:06:25+00:00\",\"breadcrumb\":{\"@id\":\"https:\\\/\\\/scruton.hu\\\/termek\\\/pszichokalauz-a-boldogsag-nyomaban-beszelgetes-limpar-imrevel\\\/#breadcrumb\"},\"inLanguage\":\"en-GB\",\"potentialAction\":[{\"@type\":\"ReadAction\",\"target\":[\"https:\\\/\\\/scruton.hu\\\/termek\\\/pszichokalauz-a-boldogsag-nyomaban-beszelgetes-limpar-imrevel\\\/\"]}]},{\"@type\":\"ImageObject\",\"inLanguage\":\"en-GB\",\"@id\":\"https:\\\/\\\/scruton.hu\\\/termek\\\/pszichokalauz-a-boldogsag-nyomaban-beszelgetes-limpar-imrevel\\\/#primaryimage\",\"url\":\"https:\\\/\\\/scruton.hu\\\/wp-content\\\/uploads\\\/2026\\\/04\\\/05.05.-fo-PszichoKalauz.jpg\",\"contentUrl\":\"https:\\\/\\\/scruton.hu\\\/wp-content\\\/uploads\\\/2026\\\/04\\\/05.05.-fo-PszichoKalauz.jpg\",\"width\":1920,\"height\":1080},{\"@type\":\"BreadcrumbList\",\"@id\":\"https:\\\/\\\/scruton.hu\\\/termek\\\/pszichokalauz-a-boldogsag-nyomaban-beszelgetes-limpar-imrevel\\\/#breadcrumb\",\"itemListElement\":[{\"@type\":\"ListItem\",\"position\":1,\"name\":\"Kezd\u0151lap\",\"item\":\"https:\\\/\\\/scruton.hu\\\/\"},{\"@type\":\"ListItem\",\"position\":2,\"name\":\"Shop\",\"item\":\"https:\\\/\\\/scruton.hu\\\/en\\\/uzlet\\\/\"},{\"@type\":\"ListItem\",\"position\":3,\"name\":\"PszichoKalauz: A boldogs\u00e1g nyom\u00e1ban \u2013 Besz\u00e9lget\u00e9s Limp\u00e1r Imr\u00e9vel\"}]},{\"@type\":\"WebSite\",\"@id\":\"https:\\\/\\\/scruton.hu\\\/#website\",\"url\":\"https:\\\/\\\/scruton.hu\\\/\",\"name\":\"Scruton\",\"description\":\"Az \u00e9rt\u00e9kteremt\u00e9s helye\",\"publisher\":{\"@id\":\"https:\\\/\\\/scruton.hu\\\/#organization\"},\"potentialAction\":[{\"@type\":\"SearchAction\",\"target\":{\"@type\":\"EntryPoint\",\"urlTemplate\":\"https:\\\/\\\/scruton.hu\\\/?s={search_term_string}\"},\"query-input\":{\"@type\":\"PropertyValueSpecification\",\"valueRequired\":true,\"valueName\":\"search_term_string\"}}],\"inLanguage\":\"en-GB\"},{\"@type\":\"Organization\",\"@id\":\"https:\\\/\\\/scruton.hu\\\/#organization\",\"name\":\"Scruton\",\"url\":\"https:\\\/\\\/scruton.hu\\\/\",\"logo\":{\"@type\":\"ImageObject\",\"inLanguage\":\"en-GB\",\"@id\":\"https:\\\/\\\/scruton.hu\\\/#\\\/schema\\\/logo\\\/image\\\/\",\"url\":\"https:\\\/\\\/scruton.hu\\\/wp-content\\\/uploads\\\/2025\\\/07\\\/scruton_feher.png\",\"contentUrl\":\"https:\\\/\\\/scruton.hu\\\/wp-content\\\/uploads\\\/2025\\\/07\\\/scruton_feher.png\",\"width\":500,\"height\":74,\"caption\":\"Scruton\"},\"image\":{\"@id\":\"https:\\\/\\\/scruton.hu\\\/#\\\/schema\\\/logo\\\/image\\\/\"}}]}<\/script>\n<meta property=\"product:price:amount\" content=\"3390\" \/>\n<meta property=\"product:price:currency\" content=\"HUF\" \/>\n<meta property=\"og:availability\" content=\"instock\" \/>\n<meta property=\"product:availability\" content=\"instock\" \/>\n<meta property=\"product:condition\" content=\"new\" \/>\n<!-- \/ Yoast SEO Premium plugin. -->","yoast_head_json":{"title":"PszichoKalauz: A boldogs\u00e1g nyom\u00e1ban \u2013 Besz\u00e9lget\u00e9s Limp\u00e1r Imr\u00e9vel - Scruton","robots":{"index":"index","follow":"follow","max-snippet":"max-snippet:-1","max-image-preview":"max-image-preview:large","max-video-preview":"max-video-preview:-1"},"canonical":"https:\/\/scruton.hu\/en\/product\/pszichokalauz-a-boldogsag-nyomaban-beszelgetes-limpar-imrevel\/","og_locale":"en_GB","og_type":"article","og_title":"PszichoKalauz: A boldogs\u00e1g nyom\u00e1ban \u2013 Besz\u00e9lget\u00e9s Limp\u00e1r Imr\u00e9vel","og_description":"Mi\u00e9rt \u00e9rezz\u00fck azt, hogy valami hi\u00e1nyzik akkor is, amikor l\u00e1tsz\u00f3lag minden a hely\u00e9n van? Mi\u00e9rt nem \u00e9rkezik meg a megnyugv\u00e1s egy j\u00f3l fel\u00e9p\u00edtett \u00e9let ut\u00e1n? \u00c9s vajon val\u00f3ban a k\u00f6r\u00fclm\u00e9nyeinken m\u00falik az el\u00e9gedetts\u00e9g \u00e9s a boldogs\u00e1g, vagy ink\u00e1bb azon, ahogyan viszonyulunk hozz\u00e1juk? A PszichoKalauz k\u00f6vetkez\u0151 alkalm\u00e1n ezt a sokakat \u00e9rint\u0151 bels\u0151 fesz\u00fclts\u00e9get j\u00e1rjuk k\u00f6r\u00fcl Limp\u00e1r [&hellip;]","og_url":"https:\/\/scruton.hu\/en\/product\/pszichokalauz-a-boldogsag-nyomaban-beszelgetes-limpar-imrevel\/","og_site_name":"Scruton","article_modified_time":"2026-04-29T16:06:25+00:00","og_image":[{"width":1920,"height":1080,"url":"http:\/\/scruton.hu\/wp-content\/uploads\/2026\/04\/05.05.-fo-PszichoKalauz.jpg","type":"image\/jpeg"}],"twitter_card":"summary_large_image","twitter_misc":{"Price":"3 390&nbsp;&#70;&#116;","Availability":"In stock"},"schema":{"@context":"https:\/\/schema.org","@graph":[{"@type":"WebPage","@id":"https:\/\/scruton.hu\/termek\/pszichokalauz-a-boldogsag-nyomaban-beszelgetes-limpar-imrevel\/","url":"https:\/\/scruton.hu\/termek\/pszichokalauz-a-boldogsag-nyomaban-beszelgetes-limpar-imrevel\/","name":"PszichoKalauz: A boldogs\u00e1g nyom\u00e1ban \u2013 Besz\u00e9lget\u00e9s Limp\u00e1r Imr\u00e9vel - Scruton","isPartOf":{"@id":"https:\/\/scruton.hu\/#website"},"primaryImageOfPage":{"@id":"https:\/\/scruton.hu\/termek\/pszichokalauz-a-boldogsag-nyomaban-beszelgetes-limpar-imrevel\/#primaryimage"},"image":{"@id":"https:\/\/scruton.hu\/termek\/pszichokalauz-a-boldogsag-nyomaban-beszelgetes-limpar-imrevel\/#primaryimage"},"thumbnailUrl":"https:\/\/scruton.hu\/wp-content\/uploads\/2026\/04\/05.05.-fo-PszichoKalauz.jpg","datePublished":"2026-04-21T10:42:20+00:00","dateModified":"2026-04-29T16:06:25+00:00","breadcrumb":{"@id":"https:\/\/scruton.hu\/termek\/pszichokalauz-a-boldogsag-nyomaban-beszelgetes-limpar-imrevel\/#breadcrumb"},"inLanguage":"en-GB","potentialAction":[{"@type":"ReadAction","target":["https:\/\/scruton.hu\/termek\/pszichokalauz-a-boldogsag-nyomaban-beszelgetes-limpar-imrevel\/"]}]},{"@type":"ImageObject","inLanguage":"en-GB","@id":"https:\/\/scruton.hu\/termek\/pszichokalauz-a-boldogsag-nyomaban-beszelgetes-limpar-imrevel\/#primaryimage","url":"https:\/\/scruton.hu\/wp-content\/uploads\/2026\/04\/05.05.-fo-PszichoKalauz.jpg","contentUrl":"https:\/\/scruton.hu\/wp-content\/uploads\/2026\/04\/05.05.-fo-PszichoKalauz.jpg","width":1920,"height":1080},{"@type":"BreadcrumbList","@id":"https:\/\/scruton.hu\/termek\/pszichokalauz-a-boldogsag-nyomaban-beszelgetes-limpar-imrevel\/#breadcrumb","itemListElement":[{"@type":"ListItem","position":1,"name":"Kezd\u0151lap","item":"https:\/\/scruton.hu\/"},{"@type":"ListItem","position":2,"name":"Shop","item":"https:\/\/scruton.hu\/en\/uzlet\/"},{"@type":"ListItem","position":3,"name":"PszichoKalauz: A boldogs\u00e1g nyom\u00e1ban \u2013 Besz\u00e9lget\u00e9s Limp\u00e1r Imr\u00e9vel"}]},{"@type":"WebSite","@id":"https:\/\/scruton.hu\/#website","url":"https:\/\/scruton.hu\/","name":"Scruton","description":"The place of value creation","publisher":{"@id":"https:\/\/scruton.hu\/#organization"},"potentialAction":[{"@type":"SearchAction","target":{"@type":"EntryPoint","urlTemplate":"https:\/\/scruton.hu\/?s={search_term_string}"},"query-input":{"@type":"PropertyValueSpecification","valueRequired":true,"valueName":"search_term_string"}}],"inLanguage":"en-GB"},{"@type":"Organization","@id":"https:\/\/scruton.hu\/#organization","name":"Scruton","url":"https:\/\/scruton.hu\/","logo":{"@type":"ImageObject","inLanguage":"en-GB","@id":"https:\/\/scruton.hu\/#\/schema\/logo\/image\/","url":"https:\/\/scruton.hu\/wp-content\/uploads\/2025\/07\/scruton_feher.png","contentUrl":"https:\/\/scruton.hu\/wp-content\/uploads\/2025\/07\/scruton_feher.png","width":500,"height":74,"caption":"Scruton"},"image":{"@id":"https:\/\/scruton.hu\/#\/schema\/logo\/image\/"}}]},"product_price_amount":"3390","product_price_currency":"HUF","og_availability":"instock","product_availability":"instock","product_condition":"new"},"_links":{"self":[{"href":"https:\/\/scruton.hu\/en\/wp-json\/wp\/v2\/product\/10073","targetHints":{"allow":["GET"]}}],"collection":[{"href":"https:\/\/scruton.hu\/en\/wp-json\/wp\/v2\/product"}],"about":[{"href":"https:\/\/scruton.hu\/en\/wp-json\/wp\/v2\/types\/product"}],"replies":[{"embeddable":true,"href":"https:\/\/scruton.hu\/en\/wp-json\/wp\/v2\/comments?post=10073"}],"wp:featuredmedia":[{"embeddable":true,"href":"https:\/\/scruton.hu\/en\/wp-json\/wp\/v2\/media\/10075"}],"wp:attachment":[{"href":"https:\/\/scruton.hu\/en\/wp-json\/wp\/v2\/media?parent=10073"}],"wp:term":[{"taxonomy":"product_brand","embeddable":true,"href":"https:\/\/scruton.hu\/en\/wp-json\/wp\/v2\/product_brand?post=10073"},{"taxonomy":"product_cat","embeddable":true,"href":"https:\/\/scruton.hu\/en\/wp-json\/wp\/v2\/product_cat?post=10073"},{"taxonomy":"product_tag","embeddable":true,"href":"https:\/\/scruton.hu\/en\/wp-json\/wp\/v2\/product_tag?post=10073"}],"curies":[{"name":"wp","href":"https:\/\/api.w.org\/{rel}","templated":true}]}}