{"id":3116,"date":"2025-09-17T20:19:40","date_gmt":"2025-09-17T18:19:40","guid":{"rendered":"https:\/\/scruton.hu\/?page_id=3116"},"modified":"2026-03-02T12:35:35","modified_gmt":"2026-03-02T11:35:35","slug":"fiokom","status":"publish","type":"page","link":"https:\/\/scruton.hu\/en\/fiokom\/","title":{"rendered":"Fi\u00f3kom"},"content":{"rendered":"<style>.elementor-3116 .elementor-element.elementor-element-78a9a31{--display:flex;--min-height:50vh;--flex-direction:row;--container-widget-width:calc( ( 1 - var( --container-widget-flex-grow ) ) * 100% );--container-widget-height:100%;--container-widget-flex-grow:1;--container-widget-align-self:stretch;--flex-wrap-mobile:wrap;--align-items:center;--gap:0px 0px;--row-gap:0px;--column-gap:0px;--padding-top:0px;--padding-bottom:0px;--padding-left:0px;--padding-right:0px;--z-index:2;}.elementor-3116 .elementor-element.elementor-element-78a9a31:not(.elementor-motion-effects-element-type-background), .elementor-3116 .elementor-element.elementor-element-78a9a31 > .elementor-motion-effects-container > .elementor-motion-effects-layer{background-color:var( --e-global-color-secondary );}.elementor-3116 .elementor-element.elementor-element-e122b55{--display:flex;--justify-content:flex-end;--padding-top:150px;--padding-bottom:50px;--padding-left:50px;--padding-right:50px;}.elementor-3116 .elementor-element.elementor-element-e122b55.e-con{--align-self:stretch;}.elementor-3116 .elementor-element.elementor-element-6fd0e96{--display:flex;--min-height:50vh;--border-radius:25px 25px 25px 25px;--padding-top:30px;--padding-bottom:30px;--padding-left:30px;--padding-right:30px;}.elementor-3116 .elementor-element.elementor-element-6fd0e96:not(.elementor-motion-effects-element-type-background), .elementor-3116 .elementor-element.elementor-element-6fd0e96 > .elementor-motion-effects-container > .elementor-motion-effects-layer{background-color:var( --e-global-color-accent );}.elementor-3116 .elementor-element.elementor-element-4c884df{--tab-content-spacing:20px;--tabs-normal-color:var( --e-global-color-text );--tabs-hover-color:var( --e-global-color-accent );--tabs-active-color:var( --e-global-color-accent );--tabs-border-radius:25px 25px 25px 25px;--tabs-padding:10px 20px 10px 20px;--tabs-spacing:10px;--sections-background-color:#02010100;--sections-border-radius:25px 25px 25px 25px;--typography-section-titles-color:var( --e-global-color-secondary );--section-title-spacing:0px;--general-text-color:var( --e-global-color-text );--login-messages-color:var( --e-global-color-secondary );--checkboxes-color:var( --e-global-color-text );--payment-methods-radio-buttons-color:var( --e-global-color-text );--links-normal-color:var( --e-global-color-489b676 );--forms-columns-gap-padding-right:calc( 0px\/2 );--forms-columns-gap-padding-left:calc( 0px\/2 );--forms-columns-gap-margin-left:calc( -0px\/2 );--forms-columns-gap-margin-right:calc( -0px\/2 );--forms-rows-gap:0px;--forms-labels-color:var( --e-global-color-secondary );--forms-label-spacing:0px;--forms-fields-border-radius:25px 25px 25px 25px;--forms-fields-padding:10px 10px 10px 10px;--forms-buttons-normal-text-color:var( --e-global-color-text );--forms-buttons-hover-text-color:var( --e-global-color-accent );--forms-buttons-border-radius:25px 25px 25px 25px;--order-summary-rows-gap-top:calc( 0px\/2 );--order-summary-rows-gap-bottom:calc( 0px\/2 );}.elementor-3116 .elementor-element.elementor-element-4c884df .e-my-account-tab .woocommerce .woocommerce-MyAccount-navigation ul li a{font-family:\"Dinpro\", Sans-serif;font-size:16px;text-decoration:none;}.elementor-3116 .elementor-element.elementor-element-4c884df .e-my-account-tab .woocommerce .woocommerce-MyAccount-navigation ul li:not(.is-active) a{background-color:var( --e-global-color-accent );}.elementor-3116 .elementor-element.elementor-element-4c884df .e-my-account-tab .woocommerce .woocommerce-MyAccount-navigation ul li a:hover{background-color:var( --e-global-color-secondary );}.elementor-3116 .elementor-element.elementor-element-4c884df .e-my-account-tab .woocommerce .woocommerce-MyAccount-navigation ul li.is-active a{background-color:var( --e-global-color-secondary );}.elementor-3116 .elementor-element.elementor-element-4c884df .e-my-account-tab:not(.e-my-account-tab__dashboard--custom) h2, .elementor-3116 .elementor-element.elementor-element-4c884df .e-my-account-tab:not(.e-my-account-tab__dashboard--custom) h3{font-family:\"Dinpro\", Sans-serif;font-size:20px;}.elementor-3116 .elementor-element.elementor-element-4c884df .woocommerce-MyAccount-content > div > p, .elementor-3116 .elementor-element.elementor-element-4c884df address, .elementor-3116 .elementor-element.elementor-element-4c884df .woocommerce-EditAccountForm fieldset legend, .elementor-3116 .elementor-element.elementor-element-4c884df .woocommerce-ResetPassword p:nth-child(1), .elementor-3116 .elementor-element.elementor-element-4c884df .woocommerce-OrderUpdate{font-family:\"Dinpro\", Sans-serif;}.elementor-3116 .elementor-element.elementor-element-4c884df .e-my-account-tab:not(.e-my-account-tab__dashboard--custom) .woocommerce .register p:not([class]), .elementor-3116 .elementor-element.elementor-element-4c884df .e-my-account-tab:not(.e-my-account-tab__dashboard--custom) .woocommerce em{font-family:\"Dinpro\", Sans-serif;}.elementor-3116 .elementor-element.elementor-element-4c884df .woocommerce-form__label-for-checkbox span{font-family:\"Dinpro\", Sans-serif;}.elementor-3116 .elementor-element.elementor-element-4c884df .woocommerce-PaymentMethod .input-radio + label{font-family:\"Dinpro\", Sans-serif;}.elementor-3116 .elementor-element.elementor-element-4c884df .e-my-account-tab:not(.e-my-account-tab__dashboard--custom) .select2-container--default .select2-selection--single .select2-selection__rendered{line-height:calc( (10px*2) + 16px );padding-left:10px;padding-right:10px;}.elementor-3116 .elementor-element.elementor-element-4c884df .e-my-account-tab:not(.e-my-account-tab__dashboard--custom) .select2-container--default .select2-selection--single .select2-selection__arrow{height:calc( (10px*2) + 16px );right:10px;}.elementor-3116 .elementor-element.elementor-element-4c884df .e-my-account-tab:not(.e-my-account-tab__dashboard--custom) .select2-container--default .select2-selection--single{height:auto;}.elementor-3116 .elementor-element.elementor-element-4c884df button.button, .elementor-3116 .elementor-element.elementor-element-4c884df #add_payment_method #payment #place_order{font-family:\"Dinpro\", Sans-serif;}.elementor-3116 .elementor-element.elementor-element-4c884df .e-my-account-tab:not(.e-my-account-tab__dashboard--custom) .woocommerce-EditAccountForm .button, .elementor-3116 .elementor-element.elementor-element-4c884df .e-my-account-tab:not(.e-my-account-tab__dashboard--custom) .woocommerce-address-fields .button, .elementor-3116 .elementor-element.elementor-element-4c884df .e-my-account-tab:not(.e-my-account-tab__dashboard--custom) .woocommerce .login .button, .elementor-3116 .elementor-element.elementor-element-4c884df .e-my-account-tab:not(.e-my-account-tab__dashboard--custom) .woocommerce .register .button, .elementor-3116 .elementor-element.elementor-element-4c884df .e-my-account-tab:not(.e-my-account-tab__dashboard--custom) .woocommerce .woocommerce-ResetPassword .button, .elementor-3116 .elementor-element.elementor-element-4c884df #add_payment_method #payment #place_order{background-color:#02010100;border-style:solid;border-width:1px 1px 1px 1px;border-color:var( --e-global-color-text );}.elementor-3116 .elementor-element.elementor-element-4c884df .e-my-account-tab:not(.e-my-account-tab__dashboard--custom) .woocommerce-EditAccountForm .button:hover, .elementor-3116 .elementor-element.elementor-element-4c884df .e-my-account-tab:not(.e-my-account-tab__dashboard--custom) .woocommerce-address-fields .button:hover, .elementor-3116 .elementor-element.elementor-element-4c884df .e-my-account-tab:not(.e-my-account-tab__dashboard--custom) .woocommerce .login .button:hover, .elementor-3116 .elementor-element.elementor-element-4c884df .e-my-account-tab:not(.e-my-account-tab__dashboard--custom) .woocommerce .register .button:hover, .elementor-3116 .elementor-element.elementor-element-4c884df .e-my-account-tab:not(.e-my-account-tab__dashboard--custom) .woocommerce .woocommerce-ResetPassword .button:hover, .elementor-3116 .elementor-element.elementor-element-4c884df #add_payment_method #payment #place_order:hover{background-color:var( --e-global-color-text );}.elementor-3116 .elementor-element.elementor-element-b681215{--display:flex;--min-height:350px;--flex-direction:column;--container-widget-width:calc( ( 1 - var( --container-widget-flex-grow ) ) * 100% );--container-widget-height:initial;--container-widget-flex-grow:0;--container-widget-align-self:initial;--flex-wrap-mobile:wrap;--justify-content:center;--align-items:flex-start;--margin-top:150px;--margin-bottom:0px;--margin-left:0px;--margin-right:0px;--padding-top:0px;--padding-bottom:0px;--padding-left:0px;--padding-right:0px;}.elementor-3116 .elementor-element.elementor-element-b681215.e-con{--align-self:stretch;}.elementor-3116 .elementor-element.elementor-element-588e529{--display:flex;--min-height:350px;--flex-direction:column;--container-widget-width:calc( ( 1 - var( --container-widget-flex-grow ) ) * 100% );--container-widget-height:initial;--container-widget-flex-grow:0;--container-widget-align-self:initial;--flex-wrap-mobile:wrap;--justify-content:center;--align-items:center;--margin-top:0px;--margin-bottom:0px;--margin-left:0px;--margin-right:0px;--padding-top:0px;--padding-bottom:0px;--padding-left:0px;--padding-right:0px;}.elementor-3116 .elementor-element.elementor-element-588e529:not(.elementor-motion-effects-element-type-background), .elementor-3116 .elementor-element.elementor-element-588e529 > .elementor-motion-effects-container > .elementor-motion-effects-layer{background-image:url(\"https:\/\/scruton.hu\/wp-content\/uploads\/2025\/08\/asset1-scaled.png\");background-position:center center;background-repeat:no-repeat;background-size:contain;}.elementor-3116 .elementor-element.elementor-element-588e529.e-con{--align-self:flex-start;}.elementor-3116 .elementor-element.elementor-element-67a11e1 .elementor-heading-title{font-family:\"Chantal\", Sans-serif;font-size:60px;font-weight:500;line-height:55px;letter-spacing:0.5px;color:var( --e-global-color-accent );}.elementor-3116 .elementor-element.elementor-element-67a11e1{margin:0px 0px calc(var(--kit-widget-spacing, 0px) + 0px) 0px;padding:0px 0px 0px 0px;border-style:none;}.elementor-3116 .elementor-element.elementor-element-ae744da{text-align:center;font-family:\"Dinpro\", Sans-serif;font-weight:500;color:var( --e-global-color-accent );padding:0px 0px 0px 0px;width:var( --container-widget-width, 100% );max-width:100%;--container-widget-width:100%;--container-widget-flex-grow:0;}:root{--page-title-display:none;}@media(max-width:1024px){.elementor-3116 .elementor-element.elementor-element-67a11e1 .elementor-heading-title{font-size:5em;}.elementor-3116 .elementor-element.elementor-element-67a11e1{margin:-34px 0px calc(var(--kit-widget-spacing, 0px) + -18px) 0px;}.elementor-3116 .elementor-element.elementor-element-ae744da{padding:0px 0px 0px 0px;}}@media(min-width:768px){.elementor-3116 .elementor-element.elementor-element-78a9a31{--content-width:1300px;}.elementor-3116 .elementor-element.elementor-element-e122b55{--width:70%;}.elementor-3116 .elementor-element.elementor-element-b681215{--width:30%;}.elementor-3116 .elementor-element.elementor-element-588e529{--width:100%;}}@media(max-width:767px){.elementor-3116 .elementor-element.elementor-element-78a9a31{--min-height:0vh;--flex-direction:row-reverse;--container-widget-width:initial;--container-widget-height:100%;--container-widget-flex-grow:1;--container-widget-align-self:stretch;--flex-wrap-mobile:wrap-reverse;--gap:20px 20px;--row-gap:20px;--column-gap:20px;--padding-top:8em;--padding-bottom:2em;--padding-left:1em;--padding-right:1em;}.elementor-3116 .elementor-element.elementor-element-e122b55{--margin-top:0px;--margin-bottom:0px;--margin-left:0px;--margin-right:0px;--padding-top:0px;--padding-bottom:0px;--padding-left:0px;--padding-right:0px;}.elementor-3116 .elementor-element.elementor-element-6fd0e96{--padding-top:1em;--padding-bottom:1em;--padding-left:1em;--padding-right:1em;}.elementor-3116 .elementor-element.elementor-element-b681215{--min-height:0px;--margin-top:0px;--margin-bottom:0px;--margin-left:0px;--margin-right:0px;--padding-top:0px;--padding-bottom:0px;--padding-left:0px;--padding-right:0px;}.elementor-3116 .elementor-element.elementor-element-588e529{--min-height:198px;--gap:10px 10px;--row-gap:10px;--column-gap:10px;--padding-top:0px;--padding-bottom:0px;--padding-left:0px;--padding-right:0px;}.elementor-3116 .elementor-element.elementor-element-67a11e1{text-align:start;margin:0px 0px calc(var(--kit-widget-spacing, 0px) + 0px) 0px;padding:0px 0px 0px 10px;}.elementor-3116 .elementor-element.elementor-element-67a11e1 .elementor-heading-title{font-size:30px;line-height:30px;}.elementor-3116 .elementor-element.elementor-element-ae744da{text-align:center;}}\/* Start Custom Fonts CSS *\/@font-face {\n\tfont-family: 'Dinpro';\n\tfont-style: normal;\n\tfont-weight: 500;\n\tfont-display: auto;\n\tsrc: url('https:\/\/scruton.hu\/wp-content\/uploads\/2025\/07\/dinpro_medium.ttf') format('truetype');\n}\n@font-face {\n\tfont-family: 'Dinpro';\n\tfont-style: normal;\n\tfont-weight: 400;\n\tfont-display: auto;\n\tsrc: url('https:\/\/scruton.hu\/wp-content\/uploads\/2025\/07\/dinpro_1.ttf') format('truetype');\n}\n@font-face {\n\tfont-family: 'Dinpro';\n\tfont-style: normal;\n\tfont-weight: 600;\n\tfont-display: auto;\n\tsrc: url('https:\/\/scruton.hu\/wp-content\/uploads\/2025\/07\/dinpro_bold.ttf') format('truetype');\n}\n\/* End Custom Fonts CSS *\/\n\/* Start Custom Fonts CSS *\/@font-face {\n\tfont-family: 'Chantal';\n\tfont-style: normal;\n\tfont-weight: normal;\n\tfont-display: auto;\n\tsrc: url('https:\/\/scruton.hu\/wp-content\/uploads\/2025\/07\/Chantal-W00-Bold.ttf') format('truetype');\n}\n\/* End Custom Fonts CSS *\/<\/style>\t\t<div data-elementor-type=\"wp-page\" data-elementor-id=\"3116\" class=\"elementor elementor-3116\" data-elementor-post-type=\"page\">\n\t\t\t\t<div class=\"elementor-element elementor-element-78a9a31 e-flex e-con-boxed e-con e-parent\" data-id=\"78a9a31\" data-element_type=\"container\" data-e-type=\"container\" data-settings=\"{&quot;background_background&quot;:&quot;classic&quot;}\">\n\t\t\t\t\t<div class=\"e-con-inner\">\n\t\t<div class=\"elementor-element elementor-element-e122b55 e-con-full e-flex e-con e-child\" data-id=\"e122b55\" data-element_type=\"container\" data-e-type=\"container\" data-settings=\"{&quot;background_background&quot;:&quot;classic&quot;}\">\n\t\t<div class=\"elementor-element elementor-element-6fd0e96 e-con-full e-flex e-con e-child\" data-id=\"6fd0e96\" data-element_type=\"container\" data-e-type=\"container\" data-settings=\"{&quot;background_background&quot;:&quot;classic&quot;}\">\n\t\t\t\t<div class=\"elementor-element elementor-element-4c884df e-my-account-tabs-vertical elementor-widget elementor-widget-woocommerce-my-account\" data-id=\"4c884df\" data-element_type=\"widget\" data-e-type=\"widget\" data-widget_type=\"woocommerce-my-account.default\">\n\t\t\t\t\t<div class=\"e-my-account-tab e-my-account-tab__ \">\t\t\t<div class=\"woocommerce\"><\/div>\t\t<\/div>\n\t\t\t\t\t\t<\/div>\n\t\t\t\t<\/div>\n\t\t\t\t<\/div>\n\t\t<div class=\"elementor-element elementor-element-b681215 e-con-full e-flex e-con e-child\" data-id=\"b681215\" data-element_type=\"container\" data-e-type=\"container\" data-settings=\"{&quot;background_background&quot;:&quot;classic&quot;}\">\n\t\t<div class=\"elementor-element elementor-element-588e529 e-con-full e-flex e-con e-child\" data-id=\"588e529\" data-element_type=\"container\" data-e-type=\"container\" data-settings=\"{&quot;background_background&quot;:&quot;classic&quot;}\">\n\t\t\t\t<div class=\"elementor-element elementor-element-67a11e1 animated-slow elementor-invisible elementor-widget elementor-widget-heading\" data-id=\"67a11e1\" data-element_type=\"widget\" data-e-type=\"widget\" data-settings=\"{&quot;_animation&quot;:&quot;fadeIn&quot;,&quot;_animation_delay&quot;:500}\" data-widget_type=\"heading.default\">\n\t\t\t\t\t<h1 class=\"elementor-heading-title elementor-size-default\">A fi\u00f3kod<\/h1>\t\t\t\t<\/div>\n\t\t\t\t<div class=\"elementor-element elementor-element-ae744da animated-slow elementor-widget__width-initial elementor-invisible elementor-widget elementor-widget-text-editor\" data-id=\"ae744da\" data-element_type=\"widget\" data-e-type=\"widget\" data-settings=\"{&quot;_animation&quot;:&quot;fadeIn&quot;,&quot;_animation_delay&quot;:700}\" data-widget_type=\"text-editor.default\">\n\t\t\t\t\t\t\t\t\t<div><i>Mihez van ma kedved?<\/i><\/div>\t\t\t\t\t\t\t\t<\/div>\n\t\t\t\t<\/div>\n\t\t\t\t<\/div>\n\t\t\t\t\t<\/div>\n\t\t\t\t<\/div>\n\t\t\t\t<\/div>\n\t\t","protected":false},"excerpt":{"rendered":"<p>Vez\u00e9rl\u0151pult Rendel\u00e9seim Jegyeim Let\u00f6lt\u00e9seim C\u00edmek Adatok Kijelentkez\u00e9s \u00dcdv B\u00f6r\u00f6cz Ferenc! (nem B\u00f6r\u00f6cz Ferenc vagy? Kijelentkez\u00e9s) A fi\u00f3kban megtekinthet\u0151k a legut\u00f3bbi rendel\u00e9sek, m\u00f3dos\u00edthat\u00f3k a sz\u00e1ll\u00edt\u00e1si \u00e9s sz\u00e1ml\u00e1z\u00e1si c\u00edmek \u00e9s szerkeszthet\u0151 a jelsz\u00f3, valamint egy\u00e9b fi\u00f3k adatok. A fi\u00f3kod Mihez van ma kedved?<\/p>","protected":false},"author":1,"featured_media":0,"parent":0,"menu_order":0,"comment_status":"closed","ping_status":"closed","template":"","meta":{"_acf_changed":false,"footnotes":""},"class_list":["post-3116","page","type-page","status-publish","hentry"],"acf":[],"yoast_head":"<!-- This site is optimized with the Yoast SEO Premium plugin v27.3 (Yoast SEO v27.3) - https:\/\/yoast.com\/product\/yoast-seo-premium-wordpress\/ -->\n<title>Fi\u00f3kom - Scruton<\/title>\n<meta name=\"robots\" content=\"index, follow, max-snippet:-1, max-image-preview:large, max-video-preview:-1\" \/>\n<link rel=\"canonical\" href=\"https:\/\/scruton.hu\/en\/fiokom\/\" \/>\n<meta property=\"og:locale\" content=\"en_GB\" \/>\n<meta property=\"og:type\" content=\"article\" \/>\n<meta property=\"og:title\" content=\"Fi\u00f3kom\" \/>\n<meta property=\"og:description\" content=\"Vez\u00e9rl\u0151pult Rendel\u00e9seim Jegyeim Let\u00f6lt\u00e9seim C\u00edmek Adatok Kijelentkez\u00e9s \u00dcdv B\u00f6r\u00f6cz Ferenc! (nem B\u00f6r\u00f6cz Ferenc vagy? Kijelentkez\u00e9s) A fi\u00f3kban megtekinthet\u0151k a legut\u00f3bbi rendel\u00e9sek, m\u00f3dos\u00edthat\u00f3k a sz\u00e1ll\u00edt\u00e1si \u00e9s sz\u00e1ml\u00e1z\u00e1si c\u00edmek \u00e9s szerkeszthet\u0151 a jelsz\u00f3, valamint egy\u00e9b fi\u00f3k adatok. A fi\u00f3kod Mihez van ma kedved?\" \/>\n<meta property=\"og:url\" content=\"https:\/\/scruton.hu\/en\/fiokom\/\" \/>\n<meta property=\"og:site_name\" content=\"Scruton\" \/>\n<meta property=\"article:modified_time\" content=\"2026-03-02T11:35:35+00:00\" \/>\n<meta name=\"twitter:card\" content=\"summary_large_image\" \/>\n<meta name=\"twitter:label1\" content=\"Estimated reading time\" \/>\n\t<meta name=\"twitter:data1\" content=\"1 minute\" \/>\n<script type=\"application\/ld+json\" class=\"yoast-schema-graph\">{\"@context\":\"https:\\\/\\\/schema.org\",\"@graph\":[{\"@type\":\"WebPage\",\"@id\":\"https:\\\/\\\/scruton.hu\\\/fiokom\\\/\",\"url\":\"https:\\\/\\\/scruton.hu\\\/fiokom\\\/\",\"name\":\"Fi\u00f3kom - Scruton\",\"isPartOf\":{\"@id\":\"https:\\\/\\\/scruton.hu\\\/#website\"},\"datePublished\":\"2025-09-17T18:19:40+00:00\",\"dateModified\":\"2026-03-02T11:35:35+00:00\",\"breadcrumb\":{\"@id\":\"https:\\\/\\\/scruton.hu\\\/fiokom\\\/#breadcrumb\"},\"inLanguage\":\"en-GB\",\"potentialAction\":[{\"@type\":\"ReadAction\",\"target\":[\"https:\\\/\\\/scruton.hu\\\/fiokom\\\/\"]}]},{\"@type\":\"BreadcrumbList\",\"@id\":\"https:\\\/\\\/scruton.hu\\\/fiokom\\\/#breadcrumb\",\"itemListElement\":[{\"@type\":\"ListItem\",\"position\":1,\"name\":\"Kezd\u0151lap\",\"item\":\"https:\\\/\\\/scruton.hu\\\/\"},{\"@type\":\"ListItem\",\"position\":2,\"name\":\"Fi\u00f3kom\"}]},{\"@type\":\"WebSite\",\"@id\":\"https:\\\/\\\/scruton.hu\\\/#website\",\"url\":\"https:\\\/\\\/scruton.hu\\\/\",\"name\":\"Scruton\",\"description\":\"Az \u00e9rt\u00e9kteremt\u00e9s helye\",\"publisher\":{\"@id\":\"https:\\\/\\\/scruton.hu\\\/#organization\"},\"potentialAction\":[{\"@type\":\"SearchAction\",\"target\":{\"@type\":\"EntryPoint\",\"urlTemplate\":\"https:\\\/\\\/scruton.hu\\\/?s={search_term_string}\"},\"query-input\":{\"@type\":\"PropertyValueSpecification\",\"valueRequired\":true,\"valueName\":\"search_term_string\"}}],\"inLanguage\":\"en-GB\"},{\"@type\":\"Organization\",\"@id\":\"https:\\\/\\\/scruton.hu\\\/#organization\",\"name\":\"Scruton\",\"url\":\"https:\\\/\\\/scruton.hu\\\/\",\"logo\":{\"@type\":\"ImageObject\",\"inLanguage\":\"en-GB\",\"@id\":\"https:\\\/\\\/scruton.hu\\\/#\\\/schema\\\/logo\\\/image\\\/\",\"url\":\"https:\\\/\\\/scruton.hu\\\/wp-content\\\/uploads\\\/2025\\\/07\\\/scruton_feher.png\",\"contentUrl\":\"https:\\\/\\\/scruton.hu\\\/wp-content\\\/uploads\\\/2025\\\/07\\\/scruton_feher.png\",\"width\":500,\"height\":74,\"caption\":\"Scruton\"},\"image\":{\"@id\":\"https:\\\/\\\/scruton.hu\\\/#\\\/schema\\\/logo\\\/image\\\/\"}}]}<\/script>\n<!-- \/ Yoast SEO Premium plugin. -->","yoast_head_json":{"title":"Fi\u00f3kom - Scruton","robots":{"index":"index","follow":"follow","max-snippet":"max-snippet:-1","max-image-preview":"max-image-preview:large","max-video-preview":"max-video-preview:-1"},"canonical":"https:\/\/scruton.hu\/en\/fiokom\/","og_locale":"en_GB","og_type":"article","og_title":"Fi\u00f3kom","og_description":"Vez\u00e9rl\u0151pult Rendel\u00e9seim Jegyeim Let\u00f6lt\u00e9seim C\u00edmek Adatok Kijelentkez\u00e9s \u00dcdv B\u00f6r\u00f6cz Ferenc! (nem B\u00f6r\u00f6cz Ferenc vagy? Kijelentkez\u00e9s) A fi\u00f3kban megtekinthet\u0151k a legut\u00f3bbi rendel\u00e9sek, m\u00f3dos\u00edthat\u00f3k a sz\u00e1ll\u00edt\u00e1si \u00e9s sz\u00e1ml\u00e1z\u00e1si c\u00edmek \u00e9s szerkeszthet\u0151 a jelsz\u00f3, valamint egy\u00e9b fi\u00f3k adatok. A fi\u00f3kod Mihez van ma kedved?","og_url":"https:\/\/scruton.hu\/en\/fiokom\/","og_site_name":"Scruton","article_modified_time":"2026-03-02T11:35:35+00:00","twitter_card":"summary_large_image","twitter_misc":{"Estimated reading time":"1 minute"},"schema":{"@context":"https:\/\/schema.org","@graph":[{"@type":"WebPage","@id":"https:\/\/scruton.hu\/fiokom\/","url":"https:\/\/scruton.hu\/fiokom\/","name":"Fi\u00f3kom - Scruton","isPartOf":{"@id":"https:\/\/scruton.hu\/#website"},"datePublished":"2025-09-17T18:19:40+00:00","dateModified":"2026-03-02T11:35:35+00:00","breadcrumb":{"@id":"https:\/\/scruton.hu\/fiokom\/#breadcrumb"},"inLanguage":"en-GB","potentialAction":[{"@type":"ReadAction","target":["https:\/\/scruton.hu\/fiokom\/"]}]},{"@type":"BreadcrumbList","@id":"https:\/\/scruton.hu\/fiokom\/#breadcrumb","itemListElement":[{"@type":"ListItem","position":1,"name":"Kezd\u0151lap","item":"https:\/\/scruton.hu\/"},{"@type":"ListItem","position":2,"name":"Fi\u00f3kom"}]},{"@type":"WebSite","@id":"https:\/\/scruton.hu\/#website","url":"https:\/\/scruton.hu\/","name":"Scruton","description":"The place of value creation","publisher":{"@id":"https:\/\/scruton.hu\/#organization"},"potentialAction":[{"@type":"SearchAction","target":{"@type":"EntryPoint","urlTemplate":"https:\/\/scruton.hu\/?s={search_term_string}"},"query-input":{"@type":"PropertyValueSpecification","valueRequired":true,"valueName":"search_term_string"}}],"inLanguage":"en-GB"},{"@type":"Organization","@id":"https:\/\/scruton.hu\/#organization","name":"Scruton","url":"https:\/\/scruton.hu\/","logo":{"@type":"ImageObject","inLanguage":"en-GB","@id":"https:\/\/scruton.hu\/#\/schema\/logo\/image\/","url":"https:\/\/scruton.hu\/wp-content\/uploads\/2025\/07\/scruton_feher.png","contentUrl":"https:\/\/scruton.hu\/wp-content\/uploads\/2025\/07\/scruton_feher.png","width":500,"height":74,"caption":"Scruton"},"image":{"@id":"https:\/\/scruton.hu\/#\/schema\/logo\/image\/"}}]}},"_links":{"self":[{"href":"https:\/\/scruton.hu\/en\/wp-json\/wp\/v2\/pages\/3116","targetHints":{"allow":["GET"]}}],"collection":[{"href":"https:\/\/scruton.hu\/en\/wp-json\/wp\/v2\/pages"}],"about":[{"href":"https:\/\/scruton.hu\/en\/wp-json\/wp\/v2\/types\/page"}],"author":[{"embeddable":true,"href":"https:\/\/scruton.hu\/en\/wp-json\/wp\/v2\/users\/1"}],"replies":[{"embeddable":true,"href":"https:\/\/scruton.hu\/en\/wp-json\/wp\/v2\/comments?post=3116"}],"version-history":[{"count":0,"href":"https:\/\/scruton.hu\/en\/wp-json\/wp\/v2\/pages\/3116\/revisions"}],"wp:attachment":[{"href":"https:\/\/scruton.hu\/en\/wp-json\/wp\/v2\/media?parent=3116"}],"curies":[{"name":"wp","href":"https:\/\/api.w.org\/{rel}","templated":true}]}}